
{"id":2294,"date":"2021-02-17T10:24:45","date_gmt":"2021-02-17T10:24:45","guid":{"rendered":"http:\/\/holms.kundzonen.se\/?page_id=2294"},"modified":"2021-11-10T13:57:39","modified_gmt":"2021-11-10T13:57:39","slug":"forsaljningsvillkor","status":"publish","type":"page","link":"https:\/\/holms.com\/de\/forsaljningsvillkor\/","title":{"rendered":"Verkaufsbedingungen"},"content":{"rendered":"<p>[et_pb_section fb_built=&#8221;1&#8243; custom_padding_last_edited=&#8221;on|phone&#8221; next_background_color=&#8221;#ffffff&#8221; _builder_version=&#8221;4.13.0&#8243; _module_preset=&#8221;default&#8221; background_color=&#8221;#60269E&#8221; background_enable_image=&#8221;off&#8221; custom_padding=&#8221;61px||61px||false|false&#8221; custom_padding_tablet=&#8221;28px||28px||true|false&#8221; custom_padding_phone=&#8221;20px||20px||true|false&#8221; bottom_divider_style=&#8221;slant&#8221; bottom_divider_height=&#8221;49px&#8221; bottom_divider_flip=&#8221;horizontal&#8221; global_colors_info=&#8221;{}&#8221;][et_pb_row use_custom_gutter=&#8221;on&#8221; _builder_version=&#8221;4.13.0&#8243; _module_preset=&#8221;default&#8221; width=&#8221;100%&#8221; module_alignment=&#8221;center&#8221; global_colors_info=&#8221;{}&#8221;][et_pb_column type=&#8221;4_4&#8243; _builder_version=&#8221;4.13.0&#8243; _module_preset=&#8221;default&#8221; global_colors_info=&#8221;{}&#8221;][et_pb_image src=&#8221;https:\/\/holms.com\/wp-content\/uploads\/2021\/11\/forsaljningsvillkor-150&#215;150.png&#8221; alt=&#8221;Forsaljningsvillkor Holms&#8221; title_text=&#8221;forsaljningsvillkor&#8221; align=&#8221;right&#8221; _builder_version=&#8221;4.13.0&#8243; _module_preset=&#8221;default&#8221; width=&#8221;50%&#8221; width_tablet=&#8221;25%&#8221; width_phone=&#8221;34%&#8221; width_last_edited=&#8221;on|phone&#8221; custom_padding=&#8221;|60px|||false|false&#8221; filter_invert=&#8221;100%&#8221; animation_style=&#8221;fade&#8221; global_colors_info=&#8221;{}&#8221;][\/et_pb_image][\/et_pb_column][\/et_pb_row][\/et_pb_section][et_pb_section fb_built=&#8221;1&#8243; admin_label=&#8221;section&#8221; _builder_version=&#8221;4.8.2&#8243; global_colors_info=&#8221;{}&#8221;][et_pb_row _builder_version=&#8221;4.8.2&#8243; _module_preset=&#8221;default&#8221; custom_margin=&#8221;0px||0px||false|false&#8221; custom_padding=&#8221;10px||24px|||&#8221; global_colors_info=&#8221;{}&#8221;][et_pb_column type=&#8221;4_4&#8243; _builder_version=&#8221;4.8.2&#8243; _module_preset=&#8221;default&#8221; global_colors_info=&#8221;{}&#8221;][et_pb_text _builder_version=&#8221;4.10.6&#8243; text_font=&#8221;||||||||&#8221; text_font_size=&#8221;19px&#8221; text_line_height=&#8221;1.2em&#8221; link_font=&#8221;||||on||||&#8221; header_font=&#8221;Lato||||||||&#8221; header_2_font=&#8221;|600|||||||&#8221; header_2_font_size=&#8221;27px&#8221; text_orientation=&#8221;center&#8221; max_width=&#8221;800px&#8221; module_alignment=&#8221;center&#8221; custom_margin=&#8221;0px||8px||false|false&#8221; header_2_font_size_tablet=&#8221;66px&#8221; header_2_font_size_phone=&#8221;36px&#8221; header_2_font_size_last_edited=&#8221;on|phone&#8221; global_colors_info=&#8221;{}&#8221;]<\/p>\n<h2 class=\"x-text-content-text-primary\">F\u00f6rs\u00e4ljningsvillkor<\/h2>\n<div class=\"e424-8 x-text\">\n<p><em>F\u00f6rutom villkoren angivna nedan g\u00e4ller allm\u00e4nna leveransvillkor enligt <\/em><em><a href=\"https:\/\/holms.com\/wp-content\/uploads\/2021\/06\/Maskin-21-original2sidor.pdf\" rel=\"attachment wp-att-2298\" title=\"Maskin21\">Maskin21<\/a><\/em><em>.<\/em><\/p>\n<\/div>\n<p>[\/et_pb_text][\/et_pb_column][\/et_pb_row][et_pb_row use_custom_gutter=&#8221;on&#8221; gutter_width=&#8221;1&#8243; make_equal=&#8221;on&#8221; _builder_version=&#8221;4.13.0&#8243; _module_preset=&#8221;default&#8221; width=&#8221;100%&#8221; module_alignment=&#8221;center&#8221; custom_padding=&#8221;0px||0px||false|false&#8221; hover_enabled=&#8221;0&#8243; global_colors_info=&#8221;{}&#8221; sticky_enabled=&#8221;0&#8243;][et_pb_column type=&#8221;4_4&#8243; _builder_version=&#8221;4.9.0&#8243; _module_preset=&#8221;default&#8221; background_enable_color=&#8221;off&#8221; custom_padding=&#8221;33px|32px|33px|32px|true|true&#8221; custom_padding_tablet=&#8221;&#8221; custom_padding_phone=&#8221;&#8221; custom_padding_last_edited=&#8221;on|phone&#8221; global_colors_info=&#8221;{}&#8221;][et_pb_text _builder_version=&#8221;4.13.0&#8243; _module_preset=&#8221;default&#8221; custom_padding=&#8221;18px|||||&#8221; hover_enabled=&#8221;0&#8243; global_colors_info=&#8221;{}&#8221; sticky_enabled=&#8221;0&#8243;]<\/p>\n<h2>Priser och leveransvillkor<\/h2>\n<p><strong>Redskap<\/strong><br \/>Holms redskap s\u00e4ljs endast genom \u00e5terf\u00f6rs\u00e4ljare, se karta \u00f6ver \u00e5terf\u00f6rs\u00e4ljare p\u00e5 v\u00e5r hemsida.<br \/>Med varje redskap medf\u00f6ljer CE-intyg och f\u00f6rarinstruktion som \u00e4ven kan laddas ner via v\u00e5r hemsida.<\/p>\n<p><strong>Reservdelar<\/strong><br \/>Inom Sverige s\u00e4ljs reservdelar direkt fr\u00e5n Holms eller via \u00e5terf\u00f6rs\u00e4ljare. Utomlands s\u00e4ljs reservdelar endast via \u00e5terf\u00f6rs\u00e4ljare. P\u00e5 v\u00e5r hemsida finns reservdelslistor f\u00f6r Holms redskap. Genom att ange redskap och serienummer f\u00e5r man fram aktuell lista &#8211; vari man finner artikelnummer f\u00f6r \u00f6nskad reservdel.<\/p>\n<p>Pris \u00e4r i SEK exkl. merv\u00e4rdeskatt, frakt och emballage. Reservdelar levereras FCA Holmsv\u00e4gen 54, Motala &#8211; INCOTERMS\u00ae2020.<\/p>\n<p>S\u00e4ljaren \u00e4ger r\u00e4tt att ordna transport om annat ej \u00f6verenskommits mellan parterna. Fraktpris debiteras p\u00e5 fakturan i enlighet med transports\u00e4tt och vid varje tidpunkt fastst\u00e4lld tariff.<\/p>\n<p>Returr\u00e4tt 30 dagar f\u00f6r lagerf\u00f6rda reservdelar. Kopia av pack- eller fraktsedel skall bifogas.<\/p>\n<p><strong>Betalningsvillkor<br \/><\/strong>Faktura utst\u00e4lld av Holms f\u00f6rfaller till betalning inom 30 dagar efter fakturadatum. Fakturanummer ska alltid anges vid betalning. Betalningar som kommit oss tillhanda efter f\u00f6rfallodag debiteras dr\u00f6jsm\u00e5lsr\u00e4nta som \u00e4r 8 % \u00f6ver g\u00e4llande Riksbankens referensr\u00e4nta. Om s\u00e4rskilda sk\u00e4l f\u00f6religger f\u00f6rbeh\u00e5ller sig Holms r\u00e4tt att beg\u00e4ra betalning i f\u00f6rskott.<\/p>\n<h2>Garanti 12 m\u00e5nader<\/h2>\n<p>Holms garanterar att redskap och reservdelar motsvarar specifikationerna i teknisk dokumentation som kataloger, reservdelslistor och f\u00f6rarinstruktioner. Garantin g\u00e4ller inom 12 m\u00e5nader fr\u00e5n att redskapet levereras till slutkund och omfattar endast produktfel som \u00e4r produktions- och konstruktionsrelaterade. Garantin omfattar inte skador som uppkommer p\u00e5 grund av felaktigt anv\u00e4ndande, bristf\u00e4lligt underh\u00e5ll, felaktig installation eller normal f\u00f6rslitning. Vidare t\u00e4cker garantin inte kostnader f\u00f6r fraktskador, stillest\u00e5nd eller konsekvensskador. F\u00f6r att garantin ska g\u00e4lla m\u00e5ste \u00e5terf\u00f6rs\u00e4ljaren fylla i och skicka in medf\u00f6ljande maskinkort till Holms, garantikort kan \u00e4ven fyllas i p\u00e5 Holms hemsida.<\/p>\n<p>Holms \u00e4r kvalitetscertifierade enligt ISO 9001:2015 av Bureau Veritas. Samtliga redskap \u00e4r utvecklade med beaktande av EU:s maskindirektiv och levereras med CE-intyg.<\/p>\n<h2>Reklamation<\/h2>\n<p>Reklamation ska g\u00f6ras till Holms \u00e5terf\u00f6rs\u00e4ljare. Verkstadsarbeten som omfattas av v\u00e5rt garantiansvar ska utf\u00f6ras av \u00e5terf\u00f6rs\u00e4ljarens verkstad eller av \u00e5terf\u00f6rs\u00e4ljaren rekommenderad verkstad. Redskapets serienummer skall alltid anges vid all kommunikation. Vid fr\u00e5gor kontakta Holms eller din \u00e5terf\u00f6rs\u00e4ljare.<\/p>\n<p>Vi f\u00f6rbeh\u00e5ller oss r\u00e4tten till \u00e4ndringar utan f\u00f6reg\u00e5ende avisering.<\/p>\n<p>[\/et_pb_text][\/et_pb_column][\/et_pb_row][\/et_pb_section]<\/p>\n","protected":false},"excerpt":{"rendered":"<p>F\u00f6rs\u00e4ljningsvillkor F\u00f6rutom villkoren angivna nedan g\u00e4ller allm\u00e4nna leveransvillkor enligt Maskin21. Priser och leveransvillkor RedskapHolms redskap s\u00e4ljs endast genom \u00e5terf\u00f6rs\u00e4ljare, se karta \u00f6ver \u00e5terf\u00f6rs\u00e4ljare p\u00e5 v\u00e5r hemsida.Med varje redskap medf\u00f6ljer CE-intyg och f\u00f6rarinstruktion som \u00e4ven kan laddas ner via v\u00e5r hemsida. ReservdelarInom Sverige s\u00e4ljs reservdelar direkt fr\u00e5n Holms eller via \u00e5terf\u00f6rs\u00e4ljare. Utomlands s\u00e4ljs reservdelar endast via [&hellip;]<\/p>\n","protected":false},"author":1,"featured_media":0,"parent":0,"menu_order":0,"comment_status":"closed","ping_status":"closed","template":"","meta":{"_acf_changed":false,"_et_pb_use_builder":"on","_et_pb_old_content":"","_et_gb_content_width":"","footnotes":""},"class_list":["post-2294","page","type-page","status-publish","hentry"],"acf":[],"yoast_head":"<!-- This site is optimized with the Yoast SEO plugin v27.3 - https:\/\/yoast.com\/product\/yoast-seo-wordpress\/ -->\n<title>F\u00f6rs\u00e4ljningsvillkor - Holms<\/title>\n<meta name=\"robots\" content=\"index, follow, max-snippet:-1, max-image-preview:large, max-video-preview:-1\" \/>\n<link rel=\"canonical\" href=\"https:\/\/holms.com\/de\/forsaljningsvillkor\/\" \/>\n<meta property=\"og:locale\" content=\"de_DE\" \/>\n<meta property=\"og:type\" content=\"article\" \/>\n<meta property=\"og:title\" content=\"F\u00f6rs\u00e4ljningsvillkor - Holms\" \/>\n<meta property=\"og:description\" content=\"F\u00f6rs\u00e4ljningsvillkor F\u00f6rutom villkoren angivna nedan g\u00e4ller allm\u00e4nna leveransvillkor enligt Maskin21. Priser och leveransvillkor RedskapHolms redskap s\u00e4ljs endast genom \u00e5terf\u00f6rs\u00e4ljare, se karta \u00f6ver \u00e5terf\u00f6rs\u00e4ljare p\u00e5 v\u00e5r hemsida.Med varje redskap medf\u00f6ljer CE-intyg och f\u00f6rarinstruktion som \u00e4ven kan laddas ner via v\u00e5r hemsida. ReservdelarInom Sverige s\u00e4ljs reservdelar direkt fr\u00e5n Holms eller via \u00e5terf\u00f6rs\u00e4ljare. Utomlands s\u00e4ljs reservdelar endast via [&hellip;]\" \/>\n<meta property=\"og:url\" content=\"https:\/\/holms.com\/de\/forsaljningsvillkor\/\" \/>\n<meta property=\"og:site_name\" content=\"Holms\" \/>\n<meta property=\"article:publisher\" content=\"https:\/\/www.facebook.com\/holmsattachments\" \/>\n<meta property=\"article:modified_time\" content=\"2021-11-10T13:57:39+00:00\" \/>\n<meta name=\"twitter:card\" content=\"summary_large_image\" \/>\n<meta name=\"twitter:label1\" content=\"Gesch\u00e4tzte Lesezeit\" \/>\n\t<meta name=\"twitter:data1\" content=\"4\u00a0Minuten\" \/>\n<script type=\"application\/ld+json\" class=\"yoast-schema-graph\">{\"@context\":\"https:\\\/\\\/schema.org\",\"@graph\":[{\"@type\":\"WebPage\",\"@id\":\"https:\\\/\\\/holms.com\\\/forsaljningsvillkor\\\/\",\"url\":\"https:\\\/\\\/holms.com\\\/forsaljningsvillkor\\\/\",\"name\":\"F\u00f6rs\u00e4ljningsvillkor - Holms\",\"isPartOf\":{\"@id\":\"https:\\\/\\\/holms.com\\\/#website\"},\"datePublished\":\"2021-02-17T10:24:45+00:00\",\"dateModified\":\"2021-11-10T13:57:39+00:00\",\"breadcrumb\":{\"@id\":\"https:\\\/\\\/holms.com\\\/forsaljningsvillkor\\\/#breadcrumb\"},\"inLanguage\":\"de\",\"potentialAction\":[{\"@type\":\"ReadAction\",\"target\":[\"https:\\\/\\\/holms.com\\\/forsaljningsvillkor\\\/\"]}]},{\"@type\":\"BreadcrumbList\",\"@id\":\"https:\\\/\\\/holms.com\\\/forsaljningsvillkor\\\/#breadcrumb\",\"itemListElement\":[{\"@type\":\"ListItem\",\"position\":1,\"name\":\"Hem\",\"item\":\"https:\\\/\\\/holms.com\\\/sv_se\\\/\"},{\"@type\":\"ListItem\",\"position\":2,\"name\":\"F\u00f6rs\u00e4ljningsvillkor\"}]},{\"@type\":\"WebSite\",\"@id\":\"https:\\\/\\\/holms.com\\\/#website\",\"url\":\"https:\\\/\\\/holms.com\\\/\",\"name\":\"Holms\",\"description\":\"Renh\u00e5llning - Sn\u00f6r\u00f6jning - Halkbek\u00e4mpning\",\"publisher\":{\"@id\":\"https:\\\/\\\/holms.com\\\/#organization\"},\"potentialAction\":[{\"@type\":\"SearchAction\",\"target\":{\"@type\":\"EntryPoint\",\"urlTemplate\":\"https:\\\/\\\/holms.com\\\/?s={search_term_string}\"},\"query-input\":{\"@type\":\"PropertyValueSpecification\",\"valueRequired\":true,\"valueName\":\"search_term_string\"}}],\"inLanguage\":\"de\"},{\"@type\":\"Organization\",\"@id\":\"https:\\\/\\\/holms.com\\\/#organization\",\"name\":\"Holms Attachments AB\",\"url\":\"https:\\\/\\\/holms.com\\\/\",\"logo\":{\"@type\":\"ImageObject\",\"inLanguage\":\"de\",\"@id\":\"https:\\\/\\\/holms.com\\\/#\\\/schema\\\/logo\\\/image\\\/\",\"url\":\"https:\\\/\\\/holms.com\\\/wp-content\\\/uploads\\\/2021\\\/01\\\/HOLMS_PMS.jpg\",\"contentUrl\":\"https:\\\/\\\/holms.com\\\/wp-content\\\/uploads\\\/2021\\\/01\\\/HOLMS_PMS.jpg\",\"width\":500,\"height\":201,\"caption\":\"Holms Attachments AB\"},\"image\":{\"@id\":\"https:\\\/\\\/holms.com\\\/#\\\/schema\\\/logo\\\/image\\\/\"},\"sameAs\":[\"https:\\\/\\\/www.facebook.com\\\/holmsattachments\",\"https:\\\/\\\/www.instagram.com\\\/holmsattachments\\\/\",\"https:\\\/\\\/www.youtube.com\\\/channel\\\/UCloCww_-sB-V_BFxqQdT5eQ\"]}]}<\/script>\n<!-- \/ Yoast SEO plugin. -->","yoast_head_json":{"title":"F\u00f6rs\u00e4ljningsvillkor - Holms","robots":{"index":"index","follow":"follow","max-snippet":"max-snippet:-1","max-image-preview":"max-image-preview:large","max-video-preview":"max-video-preview:-1"},"canonical":"https:\/\/holms.com\/de\/forsaljningsvillkor\/","og_locale":"de_DE","og_type":"article","og_title":"F\u00f6rs\u00e4ljningsvillkor - Holms","og_description":"F\u00f6rs\u00e4ljningsvillkor F\u00f6rutom villkoren angivna nedan g\u00e4ller allm\u00e4nna leveransvillkor enligt Maskin21. Priser och leveransvillkor RedskapHolms redskap s\u00e4ljs endast genom \u00e5terf\u00f6rs\u00e4ljare, se karta \u00f6ver \u00e5terf\u00f6rs\u00e4ljare p\u00e5 v\u00e5r hemsida.Med varje redskap medf\u00f6ljer CE-intyg och f\u00f6rarinstruktion som \u00e4ven kan laddas ner via v\u00e5r hemsida. ReservdelarInom Sverige s\u00e4ljs reservdelar direkt fr\u00e5n Holms eller via \u00e5terf\u00f6rs\u00e4ljare. Utomlands s\u00e4ljs reservdelar endast via [&hellip;]","og_url":"https:\/\/holms.com\/de\/forsaljningsvillkor\/","og_site_name":"Holms","article_publisher":"https:\/\/www.facebook.com\/holmsattachments","article_modified_time":"2021-11-10T13:57:39+00:00","twitter_card":"summary_large_image","twitter_misc":{"Gesch\u00e4tzte Lesezeit":"4\u00a0Minuten"},"schema":{"@context":"https:\/\/schema.org","@graph":[{"@type":"WebPage","@id":"https:\/\/holms.com\/forsaljningsvillkor\/","url":"https:\/\/holms.com\/forsaljningsvillkor\/","name":"F\u00f6rs\u00e4ljningsvillkor - Holms","isPartOf":{"@id":"https:\/\/holms.com\/#website"},"datePublished":"2021-02-17T10:24:45+00:00","dateModified":"2021-11-10T13:57:39+00:00","breadcrumb":{"@id":"https:\/\/holms.com\/forsaljningsvillkor\/#breadcrumb"},"inLanguage":"de","potentialAction":[{"@type":"ReadAction","target":["https:\/\/holms.com\/forsaljningsvillkor\/"]}]},{"@type":"BreadcrumbList","@id":"https:\/\/holms.com\/forsaljningsvillkor\/#breadcrumb","itemListElement":[{"@type":"ListItem","position":1,"name":"Hem","item":"https:\/\/holms.com\/sv_se\/"},{"@type":"ListItem","position":2,"name":"F\u00f6rs\u00e4ljningsvillkor"}]},{"@type":"WebSite","@id":"https:\/\/holms.com\/#website","url":"https:\/\/holms.com\/","name":"Holms","description":"Renh\u00e5llning - Sn\u00f6r\u00f6jning - Halkbek\u00e4mpning","publisher":{"@id":"https:\/\/holms.com\/#organization"},"potentialAction":[{"@type":"SearchAction","target":{"@type":"EntryPoint","urlTemplate":"https:\/\/holms.com\/?s={search_term_string}"},"query-input":{"@type":"PropertyValueSpecification","valueRequired":true,"valueName":"search_term_string"}}],"inLanguage":"de"},{"@type":"Organization","@id":"https:\/\/holms.com\/#organization","name":"Holms Attachments AB","url":"https:\/\/holms.com\/","logo":{"@type":"ImageObject","inLanguage":"de","@id":"https:\/\/holms.com\/#\/schema\/logo\/image\/","url":"https:\/\/holms.com\/wp-content\/uploads\/2021\/01\/HOLMS_PMS.jpg","contentUrl":"https:\/\/holms.com\/wp-content\/uploads\/2021\/01\/HOLMS_PMS.jpg","width":500,"height":201,"caption":"Holms Attachments AB"},"image":{"@id":"https:\/\/holms.com\/#\/schema\/logo\/image\/"},"sameAs":["https:\/\/www.facebook.com\/holmsattachments","https:\/\/www.instagram.com\/holmsattachments\/","https:\/\/www.youtube.com\/channel\/UCloCww_-sB-V_BFxqQdT5eQ"]}]}},"_links":{"self":[{"href":"https:\/\/holms.com\/de\/wp-json\/wp\/v2\/pages\/2294","targetHints":{"allow":["GET"]}}],"collection":[{"href":"https:\/\/holms.com\/de\/wp-json\/wp\/v2\/pages"}],"about":[{"href":"https:\/\/holms.com\/de\/wp-json\/wp\/v2\/types\/page"}],"author":[{"embeddable":true,"href":"https:\/\/holms.com\/de\/wp-json\/wp\/v2\/users\/1"}],"replies":[{"embeddable":true,"href":"https:\/\/holms.com\/de\/wp-json\/wp\/v2\/comments?post=2294"}],"version-history":[{"count":0,"href":"https:\/\/holms.com\/de\/wp-json\/wp\/v2\/pages\/2294\/revisions"}],"wp:attachment":[{"href":"https:\/\/holms.com\/de\/wp-json\/wp\/v2\/media?parent=2294"}],"curies":[{"name":"wp","href":"https:\/\/api.w.org\/{rel}","templated":true}]}}