
{"id":421,"date":"2021-01-14T08:24:51","date_gmt":"2021-01-14T08:24:51","guid":{"rendered":"http:\/\/holms.kundzonen.se\/?page_id=421"},"modified":"2023-06-21T13:46:29","modified_gmt":"2023-06-21T13:46:29","slug":"om-holms","status":"publish","type":"page","link":"https:\/\/holms.com\/de\/om-holms\/","title":{"rendered":"\u00dcber Holms"},"content":{"rendered":"<p>[et_pb_section fb_built=&#8221;1&#8243; custom_padding_last_edited=&#8221;on|phone&#8221; _builder_version=&#8221;4.17.4&#8243; _module_preset=&#8221;default&#8221; background_image=&#8221;https:\/\/holms.com\/wp-content\/uploads\/2022\/05\/DronareOmberg2.jpg&#8221; custom_padding=&#8221;211px||251px||false|false&#8221; custom_padding_tablet=&#8221;250px||150px||false|false&#8221; custom_padding_phone=&#8221;200px||100px||false|false&#8221; bottom_divider_height=&#8221;30px&#8221; bottom_divider_flip=&#8221;horizontal&#8221; global_colors_info=&#8221;{}&#8221;][\/et_pb_section][et_pb_section fb_built=&#8221;1&#8243; admin_label=&#8221;section&#8221; _builder_version=&#8221;4.16&#8243; global_colors_info=&#8221;{}&#8221;][et_pb_row _builder_version=&#8221;4.16&#8243; _module_preset=&#8221;default&#8221; custom_margin=&#8221;0px||0px||false|false&#8221; custom_padding=&#8221;10px||24px|||&#8221; global_colors_info=&#8221;{}&#8221;][et_pb_column type=&#8221;4_4&#8243; _builder_version=&#8221;4.16&#8243; _module_preset=&#8221;default&#8221; global_colors_info=&#8221;{}&#8221;][et_pb_text _builder_version=&#8221;4.21.0&#8243; text_font=&#8221;||||||||&#8221; text_font_size=&#8221;20px&#8221; text_line_height=&#8221;1em&#8221; header_font=&#8221;Lato||||||||&#8221; header_2_font=&#8221;Gotham Medium||||||||&#8221; header_2_font_size=&#8221;27px&#8221; text_orientation=&#8221;center&#8221; max_width=&#8221;700px&#8221; module_alignment=&#8221;center&#8221; custom_margin=&#8221;0px||0px||false|false&#8221; hover_enabled=&#8221;0&#8243; text_font_size_tablet=&#8221;&#8221; text_font_size_phone=&#8221;&#8221; text_font_size_last_edited=&#8221;on|desktop&#8221; header_2_font_size_tablet=&#8221;24px&#8221; header_2_font_size_phone=&#8221;24px&#8221; header_2_font_size_last_edited=&#8221;on|tablet&#8221; global_colors_info=&#8221;{}&#8221; sticky_enabled=&#8221;0&#8243;]<\/p>\n<h2 class=\"x-text-content-text-primary\">Holms Attachments AB<\/h2>\n<p>[\/et_pb_text][et_pb_text _builder_version=&#8221;4.21.0&#8243; text_font=&#8221;Gotham Medium||||||||&#8221; text_font_size=&#8221;16px&#8221; text_line_height=&#8221;1.3em&#8221; header_font=&#8221;Lato||||||||&#8221; header_2_font=&#8221;|600|||||||&#8221; header_2_font_size=&#8221;27px&#8221; text_orientation=&#8221;center&#8221; max_width=&#8221;900px&#8221; module_alignment=&#8221;center&#8221; custom_margin=&#8221;0px||8px||false|false&#8221; hover_enabled=&#8221;0&#8243; header_2_font_size_tablet=&#8221;66px&#8221; header_2_font_size_phone=&#8221;36px&#8221; header_2_font_size_last_edited=&#8221;on|phone&#8221; global_colors_info=&#8221;{}&#8221; sticky_enabled=&#8221;0&#8243;]<\/p>\n<p>Holms Attachments grundades 1927 i Motala. Namnet var d\u00e5 Holms Industri AB och meningen med f\u00f6retaget var att tillverka och s\u00e4lja h\u00e4stskor.\u00a0 Aff\u00e4rerna gick bra och under 50-talet ut\u00f6kade Holms sin produktkatalog med spadar och skyfflar. Idag sysslar vi med en annan form av skyffling. V\u00e5ra produkter inom sn\u00f6plogning och v\u00e4gunderh\u00e5ll \u00e4r s\u00e5lda \u00f6ver hela v\u00e4rlden och hj\u00e4lper till att h\u00e5lla v\u00e5ra v\u00e4gar och st\u00e4der rena och s\u00e4kra.<\/p>\n<p>Vi \u00e4r stolta \u00f6ver v\u00e5r historia och ser med sp\u00e4nning fram emot att bli 100 \u00e5r och mer d\u00e4rtill.<br \/>Vi har m\u00e5nga sp\u00e4nnande produkter att lansera inom v\u00e4gunderh\u00e5ll de kommande \u00e5ren.<\/p>\n<p>[\/et_pb_text][\/et_pb_column][\/et_pb_row][et_pb_row _builder_version=&#8221;4.16&#8243; _module_preset=&#8221;default&#8221; custom_margin=&#8221;28px|auto|21px|auto|false|false&#8221; custom_padding=&#8221;21px||0px|||&#8221; global_colors_info=&#8221;{}&#8221;][et_pb_column type=&#8221;4_4&#8243; _builder_version=&#8221;4.16&#8243; _module_preset=&#8221;default&#8221; global_colors_info=&#8221;{}&#8221;][et_pb_divider color=&#8221;#60269E&#8221; _builder_version=&#8221;4.16&#8243; _module_preset=&#8221;default&#8221; custom_padding=&#8221;||0px|||&#8221; global_colors_info=&#8221;{}&#8221;][\/et_pb_divider][\/et_pb_column][\/et_pb_row][et_pb_row column_structure=&#8221;1_3,1_3,1_3&#8243; use_custom_gutter=&#8221;on&#8221; gutter_width=&#8221;2&#8243; make_equal=&#8221;on&#8221; _builder_version=&#8221;4.16&#8243; _module_preset=&#8221;default&#8221; width=&#8221;100%&#8221; module_alignment=&#8221;center&#8221; custom_margin=&#8221;10px||10px||false|false&#8221; custom_padding=&#8221;15px||5px||false|false&#8221; animation_style=&#8221;fade&#8221; global_colors_info=&#8221;{}&#8221;][et_pb_column type=&#8221;1_3&#8243; _builder_version=&#8221;4.16&#8243; _dynamic_attributes=&#8221;link_option_url&#8221; _module_preset=&#8221;default&#8221; link_option_url=&#8221;@ET-DC@eyJkeW5hbWljIjp0cnVlLCJjb250ZW50IjoicG9zdF9saW5rX3VybF9wYWdlIiwic2V0dGluZ3MiOnsicG9zdF9pZCI6IjE2OTIifX0=@&#8221; global_colors_info=&#8221;{}&#8221;][et_pb_image src=&#8221;https:\/\/holms.com\/wp-content\/uploads\/2022\/02\/Holms_SL_Unimog_1920_1080.webp&#8221; title_text=&#8221;Holms_SL_Unimog_1920_1080&#8243; _builder_version=&#8221;4.16&#8243; _module_preset=&#8221;default&#8221; global_colors_info=&#8221;{}&#8221;][\/et_pb_image][et_pb_text _builder_version=&#8221;4.21.0&#8243; _module_preset=&#8221;default&#8221; header_3_text_align=&#8221;center&#8221; custom_margin=&#8221;12px||||false|false&#8221; hover_enabled=&#8221;0&#8243; global_colors_info=&#8221;{}&#8221; header_3_font=&#8221;Gotham Medium||||||||&#8221; sticky_enabled=&#8221;0&#8243;]<\/p>\n<h3>Vision &amp; framtid<\/h3>\n<p>[\/et_pb_text][\/et_pb_column][et_pb_column type=&#8221;1_3&#8243; _builder_version=&#8221;4.16&#8243; _dynamic_attributes=&#8221;link_option_url&#8221; _module_preset=&#8221;default&#8221; link_option_url=&#8221;@ET-DC@eyJkeW5hbWljIjp0cnVlLCJjb250ZW50IjoicG9zdF9saW5rX3VybF9wYWdlIiwic2V0dGluZ3MiOnsicG9zdF9pZCI6IjE2NTQifX0=@&#8221; global_colors_info=&#8221;{}&#8221;][et_pb_image src=&#8221;https:\/\/holms.com\/wp-content\/uploads\/2022\/02\/Holms_SH_Sopvals_hjullastare_volvo_sno_sopar_trottoar_1920_1080-980&#215;551-1.webp&#8221; title_text=&#8221;Holms_SH_Sopvals_hjullastare_volvo_sno_sopar_trottoar_1920_1080-980&#215;551&#8243; _builder_version=&#8221;4.16&#8243; _module_preset=&#8221;default&#8221; global_colors_info=&#8221;{}&#8221;][\/et_pb_image][et_pb_text _builder_version=&#8221;4.21.0&#8243; _module_preset=&#8221;default&#8221; header_3_text_align=&#8221;center&#8221; custom_margin=&#8221;12px||||false|false&#8221; hover_enabled=&#8221;0&#8243; global_colors_info=&#8221;{}&#8221; header_3_font=&#8221;Gotham Medium||||||||&#8221; sticky_enabled=&#8221;0&#8243;]<\/p>\n<h3>H\u00e5llbarhet<\/h3>\n<p>[\/et_pb_text][\/et_pb_column][et_pb_column type=&#8221;1_3&#8243; _builder_version=&#8221;4.16&#8243; _dynamic_attributes=&#8221;link_option_url&#8221; _module_preset=&#8221;default&#8221; link_option_url=&#8221;@ET-DC@eyJkeW5hbWljIjp0cnVlLCJjb250ZW50IjoicG9zdF9saW5rX3VybF9wYWdlIiwic2V0dGluZ3MiOnsicG9zdF9pZCI6IjE2NTcifX0=@&#8221; global_colors_info=&#8221;{}&#8221;][et_pb_image src=&#8221;https:\/\/holms.com\/wp-content\/uploads\/2022\/06\/PulsWEB2-scaled.jpg&#8221; alt=&#8221;Holms Attachments AB&#8221; title_text=&#8221;Work at Holms Attachments&#8221; _builder_version=&#8221;4.17.4&#8243; _module_preset=&#8221;default&#8221; min_height=&#8221;181px&#8221; global_colors_info=&#8221;{}&#8221;][\/et_pb_image][et_pb_text _builder_version=&#8221;4.21.0&#8243; _module_preset=&#8221;default&#8221; header_3_text_align=&#8221;center&#8221; custom_margin=&#8221;12px||||false|false&#8221; hover_enabled=&#8221;0&#8243; global_colors_info=&#8221;{}&#8221; header_3_font=&#8221;Gotham Medium||||||||&#8221; sticky_enabled=&#8221;0&#8243;]<\/p>\n<h3>Karri\u00e4r<\/h3>\n<p>[\/et_pb_text][\/et_pb_column][\/et_pb_row][et_pb_row column_structure=&#8221;1_3,1_3,1_3&#8243; use_custom_gutter=&#8221;on&#8221; gutter_width=&#8221;2&#8243; make_equal=&#8221;on&#8221; _builder_version=&#8221;4.16&#8243; _module_preset=&#8221;default&#8221; width=&#8221;100%&#8221; module_alignment=&#8221;center&#8221; custom_margin=&#8221;0px||10px||false|false&#8221; custom_padding=&#8221;15px||5px||false|false&#8221; animation_style=&#8221;fade&#8221; global_colors_info=&#8221;{}&#8221;][et_pb_column type=&#8221;1_3&#8243; _builder_version=&#8221;4.16&#8243; _dynamic_attributes=&#8221;link_option_url&#8221; _module_preset=&#8221;default&#8221; link_option_url=&#8221;@ET-DC@eyJkeW5hbWljIjp0cnVlLCJjb250ZW50IjoicG9zdF9saW5rX3VybF9wYWdlIiwic2V0dGluZ3MiOnsicG9zdF9pZCI6IjY2OSJ9fQ==@&#8221; global_colors_info=&#8221;{}&#8221;][et_pb_image src=&#8221;https:\/\/holms.com\/wp-content\/uploads\/2022\/02\/Holms_Diagonalplog_snoplog_snowplow_snowplough_PD_Volvo_Wheelloader_road-980&#215;551-1.webp&#8221; title_text=&#8221;Holms_Diagonalplog_snoplog_snowplow_snowplough_PD_Volvo_Wheelloader_road-980&#215;551&#8243; _builder_version=&#8221;4.16&#8243; _module_preset=&#8221;default&#8221; global_colors_info=&#8221;{}&#8221;][\/et_pb_image][et_pb_text _builder_version=&#8221;4.21.0&#8243; _module_preset=&#8221;default&#8221; header_3_text_align=&#8221;center&#8221; custom_margin=&#8221;12px||||false|false&#8221; hover_enabled=&#8221;0&#8243; global_colors_info=&#8221;{}&#8221; header_3_font=&#8221;Gotham Medium||||||||&#8221; sticky_enabled=&#8221;0&#8243;]<\/p>\n<h3>V\u00e5ra \u00e5terf\u00f6rs\u00e4ljare<\/h3>\n<p>[\/et_pb_text][\/et_pb_column][et_pb_column type=&#8221;1_3&#8243; _builder_version=&#8221;4.16&#8243; _dynamic_attributes=&#8221;link_option_url&#8221; _module_preset=&#8221;default&#8221; link_option_url=&#8221;@ET-DC@eyJkeW5hbWljIjp0cnVlLCJjb250ZW50IjoicG9zdF9saW5rX3VybF9wYWdlIiwic2V0dGluZ3MiOnsicG9zdF9pZCI6IjE2NjAifX0=@&#8221; global_colors_info=&#8221;{}&#8221;][et_pb_image src=&#8221;https:\/\/holms.com\/wp-content\/uploads\/2022\/02\/Holms_historia_traktor_sopvals_sweeper-980&#215;551-2.webp&#8221; title_text=&#8221;Holms_historia_traktor_sopvals_sweeper-980&#215;551&#8243; _builder_version=&#8221;4.16&#8243; _module_preset=&#8221;default&#8221; global_colors_info=&#8221;{}&#8221;][\/et_pb_image][et_pb_text _builder_version=&#8221;4.21.0&#8243; _module_preset=&#8221;default&#8221; header_3_text_align=&#8221;center&#8221; custom_margin=&#8221;12px||||false|false&#8221; hover_enabled=&#8221;0&#8243; global_colors_info=&#8221;{}&#8221; header_3_font=&#8221;Gotham Medium||||||||&#8221; sticky_enabled=&#8221;0&#8243;]<\/p>\n<h3>V\u00e5r historia<\/h3>\n<p>[\/et_pb_text][\/et_pb_column][et_pb_column type=&#8221;1_3&#8243; _builder_version=&#8221;4.16&#8243; _dynamic_attributes=&#8221;link_option_url&#8221; _module_preset=&#8221;default&#8221; link_option_url=&#8221;@ET-DC@eyJkeW5hbWljIjp0cnVlLCJjb250ZW50IjoicG9zdF9saW5rX3VybF9wYWdlIiwic2V0dGluZ3MiOnsicG9zdF9pZCI6IjYwIn19@&#8221; global_colors_info=&#8221;{}&#8221;][et_pb_image src=&#8221;https:\/\/holms.com\/wp-content\/uploads\/2022\/02\/pexels-photo-414621_webb-1024&#215;575-1.webp&#8221; title_text=&#8221;pexels-photo-414621_webb-1024&#215;575-1&#8243; _builder_version=&#8221;4.16&#8243; _module_preset=&#8221;default&#8221; global_colors_info=&#8221;{}&#8221;][\/et_pb_image][et_pb_text _builder_version=&#8221;4.21.0&#8243; _module_preset=&#8221;default&#8221; header_3_text_align=&#8221;center&#8221; custom_margin=&#8221;12px||||false|false&#8221; hover_enabled=&#8221;0&#8243; global_colors_info=&#8221;{}&#8221; header_3_font=&#8221;Gotham Medium||||||||&#8221; sticky_enabled=&#8221;0&#8243;]<\/p>\n<h3>Kontakt<\/h3>\n<p>[\/et_pb_text][\/et_pb_column][\/et_pb_row][\/et_pb_section]<\/p>\n","protected":false},"excerpt":{"rendered":"<p>Holms Attachments ABHolms Attachments grundades 1927 i Motala. Namnet var d\u00e5 Holms Industri AB och meningen med f\u00f6retaget var att tillverka och s\u00e4lja h\u00e4stskor.\u00a0 Aff\u00e4rerna gick bra och under 50-talet ut\u00f6kade Holms sin produktkatalog med spadar och skyfflar. Idag sysslar vi med en annan form av skyffling. V\u00e5ra produkter inom sn\u00f6plogning och v\u00e4gunderh\u00e5ll \u00e4r s\u00e5lda [&hellip;]<\/p>\n","protected":false},"author":1,"featured_media":0,"parent":0,"menu_order":0,"comment_status":"closed","ping_status":"closed","template":"","meta":{"_acf_changed":false,"_et_pb_use_builder":"on","_et_pb_old_content":"","_et_gb_content_width":"","footnotes":""},"class_list":["post-421","page","type-page","status-publish","hentry"],"acf":[],"yoast_head":"<!-- This site is optimized with the Yoast SEO plugin v27.3 - https:\/\/yoast.com\/product\/yoast-seo-wordpress\/ -->\n<title>Om Holms - Holms<\/title>\n<meta name=\"robots\" content=\"index, follow, max-snippet:-1, max-image-preview:large, max-video-preview:-1\" \/>\n<link rel=\"canonical\" href=\"https:\/\/holms.com\/de\/om-holms\/\" \/>\n<meta property=\"og:locale\" content=\"de_DE\" \/>\n<meta property=\"og:type\" content=\"article\" \/>\n<meta property=\"og:title\" content=\"Om Holms - Holms\" \/>\n<meta property=\"og:description\" content=\"Holms Attachments ABHolms Attachments grundades 1927 i Motala. Namnet var d\u00e5 Holms Industri AB och meningen med f\u00f6retaget var att tillverka och s\u00e4lja h\u00e4stskor.\u00a0 Aff\u00e4rerna gick bra och under 50-talet ut\u00f6kade Holms sin produktkatalog med spadar och skyfflar. Idag sysslar vi med en annan form av skyffling. V\u00e5ra produkter inom sn\u00f6plogning och v\u00e4gunderh\u00e5ll \u00e4r s\u00e5lda [&hellip;]\" \/>\n<meta property=\"og:url\" content=\"https:\/\/holms.com\/de\/om-holms\/\" \/>\n<meta property=\"og:site_name\" content=\"Holms\" \/>\n<meta property=\"article:publisher\" content=\"https:\/\/www.facebook.com\/holmsattachments\" \/>\n<meta property=\"article:modified_time\" content=\"2023-06-21T13:46:29+00:00\" \/>\n<meta name=\"twitter:card\" content=\"summary_large_image\" \/>\n<meta name=\"twitter:label1\" content=\"Gesch\u00e4tzte Lesezeit\" \/>\n\t<meta name=\"twitter:data1\" content=\"6\u00a0Minuten\" \/>\n<script type=\"application\/ld+json\" class=\"yoast-schema-graph\">{\"@context\":\"https:\\\/\\\/schema.org\",\"@graph\":[{\"@type\":\"WebPage\",\"@id\":\"https:\\\/\\\/holms.com\\\/om-holms\\\/\",\"url\":\"https:\\\/\\\/holms.com\\\/om-holms\\\/\",\"name\":\"Om Holms - Holms\",\"isPartOf\":{\"@id\":\"https:\\\/\\\/holms.com\\\/#website\"},\"datePublished\":\"2021-01-14T08:24:51+00:00\",\"dateModified\":\"2023-06-21T13:46:29+00:00\",\"breadcrumb\":{\"@id\":\"https:\\\/\\\/holms.com\\\/om-holms\\\/#breadcrumb\"},\"inLanguage\":\"de\",\"potentialAction\":[{\"@type\":\"ReadAction\",\"target\":[\"https:\\\/\\\/holms.com\\\/om-holms\\\/\"]}]},{\"@type\":\"BreadcrumbList\",\"@id\":\"https:\\\/\\\/holms.com\\\/om-holms\\\/#breadcrumb\",\"itemListElement\":[{\"@type\":\"ListItem\",\"position\":1,\"name\":\"Hem\",\"item\":\"https:\\\/\\\/holms.com\\\/sv_se\\\/\"},{\"@type\":\"ListItem\",\"position\":2,\"name\":\"Om Holms\"}]},{\"@type\":\"WebSite\",\"@id\":\"https:\\\/\\\/holms.com\\\/#website\",\"url\":\"https:\\\/\\\/holms.com\\\/\",\"name\":\"Holms\",\"description\":\"Renh\u00e5llning - Sn\u00f6r\u00f6jning - Halkbek\u00e4mpning\",\"publisher\":{\"@id\":\"https:\\\/\\\/holms.com\\\/#organization\"},\"potentialAction\":[{\"@type\":\"SearchAction\",\"target\":{\"@type\":\"EntryPoint\",\"urlTemplate\":\"https:\\\/\\\/holms.com\\\/?s={search_term_string}\"},\"query-input\":{\"@type\":\"PropertyValueSpecification\",\"valueRequired\":true,\"valueName\":\"search_term_string\"}}],\"inLanguage\":\"de\"},{\"@type\":\"Organization\",\"@id\":\"https:\\\/\\\/holms.com\\\/#organization\",\"name\":\"Holms Attachments AB\",\"url\":\"https:\\\/\\\/holms.com\\\/\",\"logo\":{\"@type\":\"ImageObject\",\"inLanguage\":\"de\",\"@id\":\"https:\\\/\\\/holms.com\\\/#\\\/schema\\\/logo\\\/image\\\/\",\"url\":\"https:\\\/\\\/holms.com\\\/wp-content\\\/uploads\\\/2021\\\/01\\\/HOLMS_PMS.jpg\",\"contentUrl\":\"https:\\\/\\\/holms.com\\\/wp-content\\\/uploads\\\/2021\\\/01\\\/HOLMS_PMS.jpg\",\"width\":500,\"height\":201,\"caption\":\"Holms Attachments AB\"},\"image\":{\"@id\":\"https:\\\/\\\/holms.com\\\/#\\\/schema\\\/logo\\\/image\\\/\"},\"sameAs\":[\"https:\\\/\\\/www.facebook.com\\\/holmsattachments\",\"https:\\\/\\\/www.instagram.com\\\/holmsattachments\\\/\",\"https:\\\/\\\/www.youtube.com\\\/channel\\\/UCloCww_-sB-V_BFxqQdT5eQ\"]}]}<\/script>\n<!-- \/ Yoast SEO plugin. -->","yoast_head_json":{"title":"Om Holms - Holms","robots":{"index":"index","follow":"follow","max-snippet":"max-snippet:-1","max-image-preview":"max-image-preview:large","max-video-preview":"max-video-preview:-1"},"canonical":"https:\/\/holms.com\/de\/om-holms\/","og_locale":"de_DE","og_type":"article","og_title":"Om Holms - Holms","og_description":"Holms Attachments ABHolms Attachments grundades 1927 i Motala. Namnet var d\u00e5 Holms Industri AB och meningen med f\u00f6retaget var att tillverka och s\u00e4lja h\u00e4stskor.\u00a0 Aff\u00e4rerna gick bra och under 50-talet ut\u00f6kade Holms sin produktkatalog med spadar och skyfflar. Idag sysslar vi med en annan form av skyffling. V\u00e5ra produkter inom sn\u00f6plogning och v\u00e4gunderh\u00e5ll \u00e4r s\u00e5lda [&hellip;]","og_url":"https:\/\/holms.com\/de\/om-holms\/","og_site_name":"Holms","article_publisher":"https:\/\/www.facebook.com\/holmsattachments","article_modified_time":"2023-06-21T13:46:29+00:00","twitter_card":"summary_large_image","twitter_misc":{"Gesch\u00e4tzte Lesezeit":"6\u00a0Minuten"},"schema":{"@context":"https:\/\/schema.org","@graph":[{"@type":"WebPage","@id":"https:\/\/holms.com\/om-holms\/","url":"https:\/\/holms.com\/om-holms\/","name":"Om Holms - Holms","isPartOf":{"@id":"https:\/\/holms.com\/#website"},"datePublished":"2021-01-14T08:24:51+00:00","dateModified":"2023-06-21T13:46:29+00:00","breadcrumb":{"@id":"https:\/\/holms.com\/om-holms\/#breadcrumb"},"inLanguage":"de","potentialAction":[{"@type":"ReadAction","target":["https:\/\/holms.com\/om-holms\/"]}]},{"@type":"BreadcrumbList","@id":"https:\/\/holms.com\/om-holms\/#breadcrumb","itemListElement":[{"@type":"ListItem","position":1,"name":"Hem","item":"https:\/\/holms.com\/sv_se\/"},{"@type":"ListItem","position":2,"name":"Om Holms"}]},{"@type":"WebSite","@id":"https:\/\/holms.com\/#website","url":"https:\/\/holms.com\/","name":"Holms","description":"Renh\u00e5llning - Sn\u00f6r\u00f6jning - Halkbek\u00e4mpning","publisher":{"@id":"https:\/\/holms.com\/#organization"},"potentialAction":[{"@type":"SearchAction","target":{"@type":"EntryPoint","urlTemplate":"https:\/\/holms.com\/?s={search_term_string}"},"query-input":{"@type":"PropertyValueSpecification","valueRequired":true,"valueName":"search_term_string"}}],"inLanguage":"de"},{"@type":"Organization","@id":"https:\/\/holms.com\/#organization","name":"Holms Attachments AB","url":"https:\/\/holms.com\/","logo":{"@type":"ImageObject","inLanguage":"de","@id":"https:\/\/holms.com\/#\/schema\/logo\/image\/","url":"https:\/\/holms.com\/wp-content\/uploads\/2021\/01\/HOLMS_PMS.jpg","contentUrl":"https:\/\/holms.com\/wp-content\/uploads\/2021\/01\/HOLMS_PMS.jpg","width":500,"height":201,"caption":"Holms Attachments AB"},"image":{"@id":"https:\/\/holms.com\/#\/schema\/logo\/image\/"},"sameAs":["https:\/\/www.facebook.com\/holmsattachments","https:\/\/www.instagram.com\/holmsattachments\/","https:\/\/www.youtube.com\/channel\/UCloCww_-sB-V_BFxqQdT5eQ"]}]}},"_links":{"self":[{"href":"https:\/\/holms.com\/de\/wp-json\/wp\/v2\/pages\/421","targetHints":{"allow":["GET"]}}],"collection":[{"href":"https:\/\/holms.com\/de\/wp-json\/wp\/v2\/pages"}],"about":[{"href":"https:\/\/holms.com\/de\/wp-json\/wp\/v2\/types\/page"}],"author":[{"embeddable":true,"href":"https:\/\/holms.com\/de\/wp-json\/wp\/v2\/users\/1"}],"replies":[{"embeddable":true,"href":"https:\/\/holms.com\/de\/wp-json\/wp\/v2\/comments?post=421"}],"version-history":[{"count":3,"href":"https:\/\/holms.com\/de\/wp-json\/wp\/v2\/pages\/421\/revisions"}],"predecessor-version":[{"id":9890,"href":"https:\/\/holms.com\/de\/wp-json\/wp\/v2\/pages\/421\/revisions\/9890"}],"wp:attachment":[{"href":"https:\/\/holms.com\/de\/wp-json\/wp\/v2\/media?parent=421"}],"curies":[{"name":"wp","href":"https:\/\/api.w.org\/{rel}","templated":true}]}}