
{"id":9147,"date":"2022-12-01T12:19:08","date_gmt":"2022-12-01T12:19:08","guid":{"rendered":"https:\/\/holms.com\/?page_id=9147"},"modified":"2022-12-08T12:32:16","modified_gmt":"2022-12-08T12:32:16","slug":"sopvalsarholms","status":"publish","type":"page","link":"https:\/\/holms.com\/de\/sopvalsarholms\/","title":{"rendered":"Landningssida Sopvalsar"},"content":{"rendered":"<p>[et_pb_section fb_built=&#8221;1&#8243; admin_label=&#8221;Holms SL&#8221; _builder_version=&#8221;4.16&#8243; _module_preset=&#8221;default&#8221; background_color=&#8221;#FFFFFF&#8221; custom_padding=&#8221;30px||22px|||&#8221; global_colors_info=&#8221;{}&#8221;][et_pb_row column_structure=&#8221;1_2,1_2&#8243; _builder_version=&#8221;4.18.0&#8243; _module_preset=&#8221;default&#8221; width=&#8221;85%&#8221; max_width=&#8221;100%&#8221; custom_margin=&#8221;|auto|41px|auto||&#8221; custom_margin_tablet=&#8221;|auto|41px|auto||&#8221; custom_margin_phone=&#8221;|auto|0px|auto|false|false&#8221; custom_margin_last_edited=&#8221;on|phone&#8221; custom_padding=&#8221;5px||0px|||&#8221; global_colors_info=&#8221;{}&#8221;][et_pb_column type=&#8221;1_2&#8243; _builder_version=&#8221;4.16&#8243; _module_preset=&#8221;default&#8221; global_colors_info=&#8221;{}&#8221;][et_pb_image src=&#8221;https:\/\/holms.com\/wp-content\/uploads\/2022\/01\/Holms_Sopvals_Heavy_SL_Sweeper_Feievals_content.webp&#8221; title_text=&#8221;Holms_Sopvals_Heavy_SL_Sweeper_Feievals_content&#8221; _builder_version=&#8221;4.16&#8243; _module_preset=&#8221;default&#8221; global_colors_info=&#8221;{}&#8221;][\/et_pb_image][\/et_pb_column][et_pb_column type=&#8221;1_2&#8243; _builder_version=&#8221;4.16&#8243; _module_preset=&#8221;default&#8221; global_colors_info=&#8221;{}&#8221;][et_pb_text _builder_version=&#8221;4.17.4&#8243; _module_preset=&#8221;default&#8221; text_font=&#8221;Raleway||||||||&#8221; text_text_color=&#8221;#6B6B6B&#8221; text_font_size=&#8221;16px&#8221; text_line_height=&#8221;1.9em&#8221; header_font=&#8221;|700|||||||&#8221; header_text_align=&#8221;left&#8221; header_text_color=&#8221;#474747&#8243; header_font_size=&#8221;28px&#8221; header_2_font=&#8221;Raleway|600||on|||||&#8221; header_2_text_align=&#8221;left&#8221; header_2_text_color=&#8221;#474747&#8243; header_2_font_size=&#8221;28px&#8221; background_layout=&#8221;dark&#8221; width=&#8221;100%&#8221; width_tablet=&#8221;100%&#8221; width_phone=&#8221;100%&#8221; width_last_edited=&#8221;on|phone&#8221; max_width=&#8221;100%&#8221; module_alignment=&#8221;center&#8221; custom_margin=&#8221;10px||10px||false|false&#8221; custom_padding=&#8221;|35px||152px|false|false&#8221; custom_padding_tablet=&#8221;|10px||0px|false|false&#8221; custom_padding_phone=&#8221;|0px||0px|false|false&#8221; custom_padding_last_edited=&#8221;on|phone&#8221; animation_style=&#8221;flip&#8221; text_font_size_tablet=&#8221;17px&#8221; text_font_size_phone=&#8221;&#8221; text_font_size_last_edited=&#8221;on|phone&#8221; header_font_size_tablet=&#8221;&#8221; header_font_size_phone=&#8221;&#8221; header_font_size_last_edited=&#8221;on|desktop&#8221; border_color_top=&#8221;#FFFFFF&#8221; border_color_right=&#8221;#FFFFFF&#8221; global_colors_info=&#8221;{}&#8221;]<\/p>\n<h1>Holms Sopvals SL<\/h1>\n<p>[\/et_pb_text][et_pb_text _builder_version=&#8221;4.17.4&#8243; _module_preset=&#8221;default&#8221; header_4_font_size=&#8221;19px&#8221; transform_scale_tablet=&#8221;&#8221; transform_scale_phone=&#8221;&#8221; transform_scale_last_edited=&#8221;on|phone&#8221; transform_translate_tablet=&#8221;&#8221; transform_translate_phone=&#8221;&#8221; transform_translate_last_edited=&#8221;on|desktop&#8221; transform_rotate_tablet=&#8221;&#8221; transform_rotate_phone=&#8221;&#8221; transform_rotate_last_edited=&#8221;on|desktop&#8221; transform_skew_tablet=&#8221;&#8221; transform_skew_phone=&#8221;&#8221; transform_skew_last_edited=&#8221;on|desktop&#8221; transform_origin_tablet=&#8221;&#8221; transform_origin_phone=&#8221;&#8221; transform_origin_last_edited=&#8221;on|desktop&#8221; transform_styles_last_edited=&#8221;on|phone&#8221; custom_margin=&#8221;||17px|||&#8221; custom_padding=&#8221;|||0px|false|false&#8221; transform_styles_tablet=&#8221;&#8221; transform_styles_phone=&#8221;&#8221; global_colors_info=&#8221;{}&#8221;]<\/p>\n<h4>V\u00e5r Holms Sopvals SL \u00e4r en liten men kraftfull sopvals designad f\u00f6r sopning i alla v\u00e4der. Sopar sn\u00f6 lika bra som grus.<\/h4>\n<ol>\n<li>SaS, Self Adjusting Suspension<br \/><em>Korrekt marktryck utan ingripande av f\u00f6raren. F\u00f6ljer markens lutningar och oj\u00e4mnheter<\/em><\/li>\n<li class=\"x-text-content-text\">Sv\u00e4ng sopvalsen hydrauliskt (Tillval) eller manuellt (ing\u00e5r standard)<\/li>\n<li>T\u00e5lbart st\u00e4nkskydd<\/li>\n<li>LED-belysning<\/li>\n<li>Tv\u00e5 olika borstk\u00e4rnor. Swish (tillval) eller Beeline Ringborst (Standard).<br \/><em>Redskapet i bild \u00e4r utrustad med Swish<\/em><\/li>\n<li>Tv\u00e5 direktverkande hydraulmotorer med h\u00f6gt vridmoment<\/li>\n<li>Parkeringsst\u00f6d<\/li>\n<\/ol>\n<p>[\/et_pb_text][et_pb_button button_url=&#8221;@ET-DC@eyJkeW5hbWljIjp0cnVlLCJjb250ZW50IjoicG9zdF9saW5rX3VybF9wYWdlIiwic2V0dGluZ3MiOnsicG9zdF9pZCI6IjE4OTMifX0=@&#8221; button_text=&#8221;l\u00e4s mer&#8221; _builder_version=&#8221;4.18.0&#8243; _dynamic_attributes=&#8221;button_url&#8221; _module_preset=&#8221;default&#8221; custom_button=&#8221;on&#8221; button_text_color=&#8221;#FFFFFF&#8221; button_bg_color=&#8221;#60269E&#8221; custom_margin=&#8221;|||154px||&#8221; custom_margin_tablet=&#8221;|||154px||&#8221; custom_margin_phone=&#8221;|||0px|false|false&#8221; custom_margin_last_edited=&#8221;on|phone&#8221; global_colors_info=&#8221;{}&#8221;][\/et_pb_button][\/et_pb_column][\/et_pb_row][et_pb_row custom_padding_last_edited=&#8221;on|phone&#8221; _builder_version=&#8221;4.18.0&#8243; _module_preset=&#8221;default&#8221; custom_padding_tablet=&#8221;&#8221; custom_padding_phone=&#8221;20px||0px||false|false&#8221; global_colors_info=&#8221;{}&#8221;][et_pb_column type=&#8221;4_4&#8243; _builder_version=&#8221;4.16&#8243; _module_preset=&#8221;default&#8221; global_colors_info=&#8221;{}&#8221;][et_pb_divider color=&#8221;#60269E&#8221; divider_position=&#8221;center&#8221; _builder_version=&#8221;4.16&#8243; _module_preset=&#8221;default&#8221; global_colors_info=&#8221;{}&#8221;][\/et_pb_divider][\/et_pb_column][\/et_pb_row][\/et_pb_section][et_pb_section fb_built=&#8221;1&#8243; custom_padding_last_edited=&#8221;on|phone&#8221; admin_label=&#8221;Holms SH&#8221; _builder_version=&#8221;4.18.0&#8243; _module_preset=&#8221;default&#8221; background_color=&#8221;#FFFFFF&#8221; custom_padding=&#8221;30px||22px|||&#8221; custom_padding_tablet=&#8221;30px||22px|||&#8221; custom_padding_phone=&#8221;0px||0px||false|false&#8221; global_colors_info=&#8221;{}&#8221;][et_pb_row column_structure=&#8221;1_2,1_2&#8243; _builder_version=&#8221;4.16&#8243; _module_preset=&#8221;default&#8221; width=&#8221;85%&#8221; max_width=&#8221;100%&#8221; custom_margin=&#8221;|auto|41px|auto||&#8221; custom_padding=&#8221;5px||0px|||&#8221; global_colors_info=&#8221;{}&#8221;][et_pb_column type=&#8221;1_2&#8243; _builder_version=&#8221;4.16&#8243; _module_preset=&#8221;default&#8221; global_colors_info=&#8221;{}&#8221;][et_pb_text _builder_version=&#8221;4.17.4&#8243; _module_preset=&#8221;default&#8221; text_font=&#8221;Raleway||||||||&#8221; text_text_color=&#8221;#6B6B6B&#8221; text_font_size=&#8221;16px&#8221; text_line_height=&#8221;1.9em&#8221; header_font=&#8221;|700|||||||&#8221; header_text_align=&#8221;left&#8221; header_text_color=&#8221;#474747&#8243; header_font_size=&#8221;28px&#8221; header_2_font=&#8221;Raleway|600||on|||||&#8221; header_2_text_align=&#8221;left&#8221; header_2_text_color=&#8221;#474747&#8243; header_2_font_size=&#8221;28px&#8221; background_layout=&#8221;dark&#8221; width=&#8221;100%&#8221; width_tablet=&#8221;100%&#8221; width_phone=&#8221;100%&#8221; width_last_edited=&#8221;on|phone&#8221; max_width=&#8221;100%&#8221; module_alignment=&#8221;center&#8221; custom_margin=&#8221;10px||10px||false|false&#8221; custom_padding=&#8221;|35px||152px|false|false&#8221; custom_padding_tablet=&#8221;|10px||0px|false|false&#8221; custom_padding_phone=&#8221;|0px||0px|false|false&#8221; custom_padding_last_edited=&#8221;on|phone&#8221; animation_style=&#8221;flip&#8221; text_font_size_tablet=&#8221;17px&#8221; text_font_size_phone=&#8221;&#8221; text_font_size_last_edited=&#8221;on|phone&#8221; header_font_size_tablet=&#8221;&#8221; header_font_size_phone=&#8221;&#8221; header_font_size_last_edited=&#8221;on|desktop&#8221; border_color_top=&#8221;#FFFFFF&#8221; border_color_right=&#8221;#FFFFFF&#8221; global_colors_info=&#8221;{}&#8221;]<\/p>\n<h1>Holms Sopvals SH<\/h1>\n<p>[\/et_pb_text][et_pb_text _builder_version=&#8221;4.17.4&#8243; _module_preset=&#8221;default&#8221; header_4_font_size=&#8221;19px&#8221; transform_scale_tablet=&#8221;&#8221; transform_scale_phone=&#8221;&#8221; transform_scale_last_edited=&#8221;on|phone&#8221; transform_translate_tablet=&#8221;&#8221; transform_translate_phone=&#8221;&#8221; transform_translate_last_edited=&#8221;on|desktop&#8221; transform_rotate_tablet=&#8221;&#8221; transform_rotate_phone=&#8221;&#8221; transform_rotate_last_edited=&#8221;on|desktop&#8221; transform_skew_tablet=&#8221;&#8221; transform_skew_phone=&#8221;&#8221; transform_skew_last_edited=&#8221;on|desktop&#8221; transform_origin_tablet=&#8221;&#8221; transform_origin_phone=&#8221;&#8221; transform_origin_last_edited=&#8221;on|desktop&#8221; transform_styles_last_edited=&#8221;on|phone&#8221; custom_margin=&#8221;||17px|||&#8221; custom_padding=&#8221;|||0px|false|false&#8221; transform_styles_tablet=&#8221;&#8221; transform_styles_phone=&#8221;&#8221; global_colors_info=&#8221;{}&#8221;]<\/p>\n<h4 class=\"x-text-content-text\">Holms Sopvals SH \u00e4r en kraftfull sopvals f\u00f6r dig som vill ha det b\u00e4sta resultatet och mycket h\u00f6g prestanda.<br \/>Designad f\u00f6r att anv\u00e4ndas \u00e5ret runt.<\/h4>\n<ol>\n<li class=\"x-text-content-text\">Self Adjusting Suspension &#8211; Korrekt marktryck utan ingripande av f\u00f6raren. F\u00f6ljer markens lutningar och oj\u00e4mnheter<\/li>\n<li class=\"x-text-content-text\">Sv\u00e4ng sopvalsen hydrauliskt (Tillval) eller manuellt (ing\u00e5r standard)<\/li>\n<li class=\"x-text-content-text\">Extra t\u00e5ligt, h\u00f6j- och s\u00e4nkbart st\u00e4nkskydd<\/li>\n<li class=\"x-text-content-text\">Belysning<\/li>\n<li class=\"x-text-content-text\">L\u00e4ttanv\u00e4nt parkeringsst\u00f6d<\/li>\n<li class=\"x-text-content-text\">Dubbla, direktverkande hydraulmotorer<\/li>\n<li class=\"x-text-content-text\">V\u00e4lj mellan tv\u00e5 olika borst &#8211; Vanliga ringborst\/BeeLine eller v\u00e5rt kassetsystem med Swish (tillval)<\/li>\n<\/ol>\n<p>[\/et_pb_text][et_pb_button button_url=&#8221;@ET-DC@eyJkeW5hbWljIjp0cnVlLCJjb250ZW50IjoicG9zdF9saW5rX3VybF9wYWdlIiwic2V0dGluZ3MiOnsicG9zdF9pZCI6IjE4NjMifX0=@&#8221; button_text=&#8221;l\u00e4s mer&#8221; _builder_version=&#8221;4.18.0&#8243; _dynamic_attributes=&#8221;button_url&#8221; _module_preset=&#8221;default&#8221; custom_button=&#8221;on&#8221; button_text_color=&#8221;#FFFFFF&#8221; button_bg_color=&#8221;#60269E&#8221; custom_margin=&#8221;|||157px||&#8221; custom_margin_tablet=&#8221;|||157px||&#8221; custom_margin_phone=&#8221;|||0px|false|false&#8221; custom_margin_last_edited=&#8221;on|phone&#8221; global_colors_info=&#8221;{}&#8221;][\/et_pb_button][\/et_pb_column][et_pb_column type=&#8221;1_2&#8243; _builder_version=&#8221;4.16&#8243; _module_preset=&#8221;default&#8221; global_colors_info=&#8221;{}&#8221;][et_pb_image src=&#8221;https:\/\/holms.com\/wp-content\/uploads\/2022\/01\/Holms_Sopvals_Heavy_SH_Sweeper_Feievals_content.webp&#8221; title_text=&#8221;Holms_Sopvals_Heavy_SH_Sweeper_Feievals_content&#8221; _builder_version=&#8221;4.16&#8243; _module_preset=&#8221;default&#8221; global_colors_info=&#8221;{}&#8221;][\/et_pb_image][\/et_pb_column][\/et_pb_row][et_pb_row custom_padding_last_edited=&#8221;on|phone&#8221; _builder_version=&#8221;4.18.0&#8243; _module_preset=&#8221;default&#8221; custom_padding_tablet=&#8221;&#8221; custom_padding_phone=&#8221;0px||0px||false|false&#8221; global_colors_info=&#8221;{}&#8221;][et_pb_column type=&#8221;4_4&#8243; _builder_version=&#8221;4.16&#8243; _module_preset=&#8221;default&#8221; global_colors_info=&#8221;{}&#8221;][et_pb_divider color=&#8221;#60269E&#8221; divider_position=&#8221;center&#8221; _builder_version=&#8221;4.16&#8243; _module_preset=&#8221;default&#8221; global_colors_info=&#8221;{}&#8221;][\/et_pb_divider][\/et_pb_column][\/et_pb_row][\/et_pb_section][et_pb_section fb_built=&#8221;1&#8243; admin_label=&#8221;Holms SP&#8221; _builder_version=&#8221;4.16&#8243; _module_preset=&#8221;default&#8221; background_color=&#8221;#FFFFFF&#8221; custom_padding=&#8221;30px||22px|||&#8221; global_colors_info=&#8221;{}&#8221;][et_pb_row column_structure=&#8221;1_2,1_2&#8243; _builder_version=&#8221;4.16&#8243; _module_preset=&#8221;default&#8221; width=&#8221;85%&#8221; max_width=&#8221;100%&#8221; custom_margin=&#8221;|auto|41px|auto||&#8221; custom_padding=&#8221;5px||0px|||&#8221; global_colors_info=&#8221;{}&#8221;][et_pb_column type=&#8221;1_2&#8243; _builder_version=&#8221;4.16&#8243; _module_preset=&#8221;default&#8221; global_colors_info=&#8221;{}&#8221;][et_pb_image src=&#8221;https:\/\/holms.com\/wp-content\/uploads\/2022\/01\/Holms_Sopvals_SP_Sweeper_Sopvals_hjullastare_Wheelloader_summary.webp&#8221; title_text=&#8221;Holms_Sopvals_SP_Sweeper_Sopvals_hjullastare_Wheelloader_summary&#8221; _builder_version=&#8221;4.16&#8243; _module_preset=&#8221;default&#8221; global_colors_info=&#8221;{}&#8221;][\/et_pb_image][\/et_pb_column][et_pb_column type=&#8221;1_2&#8243; _builder_version=&#8221;4.16&#8243; _module_preset=&#8221;default&#8221; global_colors_info=&#8221;{}&#8221;][et_pb_text _builder_version=&#8221;4.17.4&#8243; _module_preset=&#8221;default&#8221; text_font=&#8221;Raleway||||||||&#8221; text_text_color=&#8221;#6B6B6B&#8221; text_font_size=&#8221;16px&#8221; text_line_height=&#8221;1.9em&#8221; header_font=&#8221;|700|||||||&#8221; header_text_align=&#8221;left&#8221; header_text_color=&#8221;#474747&#8243; header_font_size=&#8221;28px&#8221; header_2_font=&#8221;Raleway|600||on|||||&#8221; header_2_text_align=&#8221;left&#8221; header_2_text_color=&#8221;#474747&#8243; header_2_font_size=&#8221;28px&#8221; background_layout=&#8221;dark&#8221; width=&#8221;100%&#8221; width_tablet=&#8221;100%&#8221; width_phone=&#8221;100%&#8221; width_last_edited=&#8221;on|phone&#8221; max_width=&#8221;100%&#8221; module_alignment=&#8221;center&#8221; custom_margin=&#8221;10px||10px||false|false&#8221; custom_padding=&#8221;|35px||0px|false|false&#8221; custom_padding_tablet=&#8221;|10px||0px|false|false&#8221; custom_padding_phone=&#8221;|0px||0px|false|false&#8221; custom_padding_last_edited=&#8221;on|phone&#8221; animation_style=&#8221;flip&#8221; text_font_size_tablet=&#8221;17px&#8221; text_font_size_phone=&#8221;&#8221; text_font_size_last_edited=&#8221;on|phone&#8221; header_font_size_tablet=&#8221;&#8221; header_font_size_phone=&#8221;&#8221; header_font_size_last_edited=&#8221;on|desktop&#8221; border_color_top=&#8221;#FFFFFF&#8221; border_color_right=&#8221;#FFFFFF&#8221; global_colors_info=&#8221;{}&#8221;]<\/p>\n<h1>Holms Sopvals SP<\/h1>\n<p>[\/et_pb_text][et_pb_text _builder_version=&#8221;4.17.4&#8243; _module_preset=&#8221;default&#8221; header_4_font_size=&#8221;19px&#8221; custom_margin=&#8221;||17px|||&#8221; global_colors_info=&#8221;{}&#8221;]<\/p>\n<h4>Holms Sopvals SP \u00e4r en &#8221;Heavy Duty&#8221; sopvals f\u00f6r de gr\u00f6vsta jobben och tung industriell sopning. Designad f\u00f6r att kunna anv\u00e4ndas inom industrin. Passar perfekt p\u00e5 soptippar, inom st\u00e5lindustrin, dagbrott och s\u00e5gverk.<\/h4>\n<ol>\n<li>Skruvbart redskapsf\u00e4ste<\/li>\n<li>260l vattentank (tillval)<\/li>\n<li>St\u00e4nkpl\u00e5t av tjock st\u00e5l<\/li>\n<li>Ringborst Beeline Grov<\/li>\n<li>Dubbla hydraulmotorer<\/li>\n<li>Self Adjusting Suspension<\/li>\n<\/ol>\n<p>[\/et_pb_text][et_pb_button button_url=&#8221;@ET-DC@eyJkeW5hbWljIjp0cnVlLCJjb250ZW50IjoicG9zdF9saW5rX3VybF9wYWdlIiwic2V0dGluZ3MiOnsicG9zdF9pZCI6IjE5MDIifX0=@&#8221; button_text=&#8221;l\u00e4s mer&#8221; _builder_version=&#8221;4.16&#8243; _dynamic_attributes=&#8221;button_url&#8221; _module_preset=&#8221;default&#8221; custom_button=&#8221;on&#8221; button_text_color=&#8221;#FFFFFF&#8221; button_bg_color=&#8221;#60269E&#8221; global_colors_info=&#8221;{}&#8221;][\/et_pb_button][\/et_pb_column][\/et_pb_row][et_pb_row custom_padding_last_edited=&#8221;on|phone&#8221; _builder_version=&#8221;4.18.0&#8243; _module_preset=&#8221;default&#8221; custom_padding=&#8221;1px||||false|false&#8221; custom_padding_tablet=&#8221;1px||||false|false&#8221; custom_padding_phone=&#8221;0px||0px||false|false&#8221; global_colors_info=&#8221;{}&#8221;][et_pb_column type=&#8221;4_4&#8243; _builder_version=&#8221;4.16&#8243; _module_preset=&#8221;default&#8221; global_colors_info=&#8221;{}&#8221;][et_pb_divider color=&#8221;#60269E&#8221; divider_position=&#8221;center&#8221; _builder_version=&#8221;4.16&#8243; _module_preset=&#8221;default&#8221; global_colors_info=&#8221;{}&#8221;][\/et_pb_divider][\/et_pb_column][\/et_pb_row][\/et_pb_section]<\/p>\n","protected":false},"excerpt":{"rendered":"<p>Holms Sopvals SLV\u00e5r Holms Sopvals SL \u00e4r en liten men kraftfull sopvals designad f\u00f6r sopning i alla v\u00e4der. Sopar sn\u00f6 lika bra som grus. SaS, Self Adjusting SuspensionKorrekt marktryck utan ingripande av f\u00f6raren. F\u00f6ljer markens lutningar och oj\u00e4mnheter Sv\u00e4ng sopvalsen hydrauliskt (Tillval) eller manuellt (ing\u00e5r standard) T\u00e5lbart st\u00e4nkskydd LED-belysning Tv\u00e5 olika borstk\u00e4rnor. Swish (tillval) eller [&hellip;]<\/p>\n","protected":false},"author":6,"featured_media":0,"parent":0,"menu_order":0,"comment_status":"closed","ping_status":"closed","template":"","meta":{"_acf_changed":false,"_et_pb_use_builder":"on","_et_pb_old_content":"","_et_gb_content_width":"","footnotes":""},"class_list":["post-9147","page","type-page","status-publish","hentry"],"acf":[],"yoast_head":"<!-- This site is optimized with the Yoast SEO plugin v27.5 - https:\/\/yoast.com\/product\/yoast-seo-wordpress\/ -->\n<title>Landningssida Sopvalsar - Holms<\/title>\n<meta name=\"robots\" content=\"index, follow, max-snippet:-1, max-image-preview:large, max-video-preview:-1\" \/>\n<link rel=\"canonical\" href=\"https:\/\/holms.com\/de\/sopvalsarholms\/\" \/>\n<meta property=\"og:locale\" content=\"de_DE\" \/>\n<meta property=\"og:type\" content=\"article\" \/>\n<meta property=\"og:title\" content=\"Landningssida Sopvalsar - Holms\" \/>\n<meta property=\"og:description\" content=\"Holms Sopvals SLV\u00e5r Holms Sopvals SL \u00e4r en liten men kraftfull sopvals designad f\u00f6r sopning i alla v\u00e4der. Sopar sn\u00f6 lika bra som grus. SaS, Self Adjusting SuspensionKorrekt marktryck utan ingripande av f\u00f6raren. F\u00f6ljer markens lutningar och oj\u00e4mnheter Sv\u00e4ng sopvalsen hydrauliskt (Tillval) eller manuellt (ing\u00e5r standard) T\u00e5lbart st\u00e4nkskydd LED-belysning Tv\u00e5 olika borstk\u00e4rnor. Swish (tillval) eller [&hellip;]\" \/>\n<meta property=\"og:url\" content=\"https:\/\/holms.com\/de\/sopvalsarholms\/\" \/>\n<meta property=\"og:site_name\" content=\"Holms\" \/>\n<meta property=\"article:publisher\" content=\"https:\/\/www.facebook.com\/holmsattachments\" \/>\n<meta property=\"article:modified_time\" content=\"2022-12-08T12:32:16+00:00\" \/>\n<meta name=\"twitter:card\" content=\"summary_large_image\" \/>\n<script type=\"application\/ld+json\" class=\"yoast-schema-graph\">{\"@context\":\"https:\\\/\\\/schema.org\",\"@graph\":[{\"@type\":\"WebPage\",\"@id\":\"https:\\\/\\\/holms.com\\\/sopvalsarholms\\\/\",\"url\":\"https:\\\/\\\/holms.com\\\/sopvalsarholms\\\/\",\"name\":\"Landningssida Sopvalsar - Holms\",\"isPartOf\":{\"@id\":\"https:\\\/\\\/holms.com\\\/#website\"},\"datePublished\":\"2022-12-01T12:19:08+00:00\",\"dateModified\":\"2022-12-08T12:32:16+00:00\",\"breadcrumb\":{\"@id\":\"https:\\\/\\\/holms.com\\\/sopvalsarholms\\\/#breadcrumb\"},\"inLanguage\":\"de\",\"potentialAction\":[{\"@type\":\"ReadAction\",\"target\":[\"https:\\\/\\\/holms.com\\\/sopvalsarholms\\\/\"]}]},{\"@type\":\"BreadcrumbList\",\"@id\":\"https:\\\/\\\/holms.com\\\/sopvalsarholms\\\/#breadcrumb\",\"itemListElement\":[{\"@type\":\"ListItem\",\"position\":1,\"name\":\"Hem\",\"item\":\"https:\\\/\\\/holms.com\\\/sv_se\\\/\"},{\"@type\":\"ListItem\",\"position\":2,\"name\":\"Landningssida Sopvalsar\"}]},{\"@type\":\"WebSite\",\"@id\":\"https:\\\/\\\/holms.com\\\/#website\",\"url\":\"https:\\\/\\\/holms.com\\\/\",\"name\":\"Holms\",\"description\":\"Renh\u00e5llning - Sn\u00f6r\u00f6jning - Halkbek\u00e4mpning\",\"publisher\":{\"@id\":\"https:\\\/\\\/holms.com\\\/#organization\"},\"potentialAction\":[{\"@type\":\"SearchAction\",\"target\":{\"@type\":\"EntryPoint\",\"urlTemplate\":\"https:\\\/\\\/holms.com\\\/?s={search_term_string}\"},\"query-input\":{\"@type\":\"PropertyValueSpecification\",\"valueRequired\":true,\"valueName\":\"search_term_string\"}}],\"inLanguage\":\"de\"},{\"@type\":\"Organization\",\"@id\":\"https:\\\/\\\/holms.com\\\/#organization\",\"name\":\"Holms Attachments AB\",\"url\":\"https:\\\/\\\/holms.com\\\/\",\"logo\":{\"@type\":\"ImageObject\",\"inLanguage\":\"de\",\"@id\":\"https:\\\/\\\/holms.com\\\/#\\\/schema\\\/logo\\\/image\\\/\",\"url\":\"https:\\\/\\\/holms.com\\\/wp-content\\\/uploads\\\/2021\\\/01\\\/HOLMS_PMS.jpg\",\"contentUrl\":\"https:\\\/\\\/holms.com\\\/wp-content\\\/uploads\\\/2021\\\/01\\\/HOLMS_PMS.jpg\",\"width\":500,\"height\":201,\"caption\":\"Holms Attachments AB\"},\"image\":{\"@id\":\"https:\\\/\\\/holms.com\\\/#\\\/schema\\\/logo\\\/image\\\/\"},\"sameAs\":[\"https:\\\/\\\/www.facebook.com\\\/holmsattachments\",\"https:\\\/\\\/www.instagram.com\\\/holmsattachments\\\/\",\"https:\\\/\\\/www.youtube.com\\\/channel\\\/UCloCww_-sB-V_BFxqQdT5eQ\"]}]}<\/script>\n<!-- \/ Yoast SEO plugin. -->","yoast_head_json":{"title":"Landningssida Sopvalsar - Holms","robots":{"index":"index","follow":"follow","max-snippet":"max-snippet:-1","max-image-preview":"max-image-preview:large","max-video-preview":"max-video-preview:-1"},"canonical":"https:\/\/holms.com\/de\/sopvalsarholms\/","og_locale":"de_DE","og_type":"article","og_title":"Landningssida Sopvalsar - Holms","og_description":"Holms Sopvals SLV\u00e5r Holms Sopvals SL \u00e4r en liten men kraftfull sopvals designad f\u00f6r sopning i alla v\u00e4der. Sopar sn\u00f6 lika bra som grus. SaS, Self Adjusting SuspensionKorrekt marktryck utan ingripande av f\u00f6raren. F\u00f6ljer markens lutningar och oj\u00e4mnheter Sv\u00e4ng sopvalsen hydrauliskt (Tillval) eller manuellt (ing\u00e5r standard) T\u00e5lbart st\u00e4nkskydd LED-belysning Tv\u00e5 olika borstk\u00e4rnor. Swish (tillval) eller [&hellip;]","og_url":"https:\/\/holms.com\/de\/sopvalsarholms\/","og_site_name":"Holms","article_publisher":"https:\/\/www.facebook.com\/holmsattachments","article_modified_time":"2022-12-08T12:32:16+00:00","twitter_card":"summary_large_image","schema":{"@context":"https:\/\/schema.org","@graph":[{"@type":"WebPage","@id":"https:\/\/holms.com\/sopvalsarholms\/","url":"https:\/\/holms.com\/sopvalsarholms\/","name":"Landningssida Sopvalsar - Holms","isPartOf":{"@id":"https:\/\/holms.com\/#website"},"datePublished":"2022-12-01T12:19:08+00:00","dateModified":"2022-12-08T12:32:16+00:00","breadcrumb":{"@id":"https:\/\/holms.com\/sopvalsarholms\/#breadcrumb"},"inLanguage":"de","potentialAction":[{"@type":"ReadAction","target":["https:\/\/holms.com\/sopvalsarholms\/"]}]},{"@type":"BreadcrumbList","@id":"https:\/\/holms.com\/sopvalsarholms\/#breadcrumb","itemListElement":[{"@type":"ListItem","position":1,"name":"Hem","item":"https:\/\/holms.com\/sv_se\/"},{"@type":"ListItem","position":2,"name":"Landningssida Sopvalsar"}]},{"@type":"WebSite","@id":"https:\/\/holms.com\/#website","url":"https:\/\/holms.com\/","name":"Holms","description":"Renh\u00e5llning - Sn\u00f6r\u00f6jning - Halkbek\u00e4mpning","publisher":{"@id":"https:\/\/holms.com\/#organization"},"potentialAction":[{"@type":"SearchAction","target":{"@type":"EntryPoint","urlTemplate":"https:\/\/holms.com\/?s={search_term_string}"},"query-input":{"@type":"PropertyValueSpecification","valueRequired":true,"valueName":"search_term_string"}}],"inLanguage":"de"},{"@type":"Organization","@id":"https:\/\/holms.com\/#organization","name":"Holms Attachments AB","url":"https:\/\/holms.com\/","logo":{"@type":"ImageObject","inLanguage":"de","@id":"https:\/\/holms.com\/#\/schema\/logo\/image\/","url":"https:\/\/holms.com\/wp-content\/uploads\/2021\/01\/HOLMS_PMS.jpg","contentUrl":"https:\/\/holms.com\/wp-content\/uploads\/2021\/01\/HOLMS_PMS.jpg","width":500,"height":201,"caption":"Holms Attachments AB"},"image":{"@id":"https:\/\/holms.com\/#\/schema\/logo\/image\/"},"sameAs":["https:\/\/www.facebook.com\/holmsattachments","https:\/\/www.instagram.com\/holmsattachments\/","https:\/\/www.youtube.com\/channel\/UCloCww_-sB-V_BFxqQdT5eQ"]}]}},"_links":{"self":[{"href":"https:\/\/holms.com\/de\/wp-json\/wp\/v2\/pages\/9147","targetHints":{"allow":["GET"]}}],"collection":[{"href":"https:\/\/holms.com\/de\/wp-json\/wp\/v2\/pages"}],"about":[{"href":"https:\/\/holms.com\/de\/wp-json\/wp\/v2\/types\/page"}],"author":[{"embeddable":true,"href":"https:\/\/holms.com\/de\/wp-json\/wp\/v2\/users\/6"}],"replies":[{"embeddable":true,"href":"https:\/\/holms.com\/de\/wp-json\/wp\/v2\/comments?post=9147"}],"version-history":[{"count":3,"href":"https:\/\/holms.com\/de\/wp-json\/wp\/v2\/pages\/9147\/revisions"}],"predecessor-version":[{"id":9150,"href":"https:\/\/holms.com\/de\/wp-json\/wp\/v2\/pages\/9147\/revisions\/9150"}],"wp:attachment":[{"href":"https:\/\/holms.com\/de\/wp-json\/wp\/v2\/media?parent=9147"}],"curies":[{"name":"wp","href":"https:\/\/api.w.org\/{rel}","templated":true}]}}