
{"id":10337,"date":"2023-09-27T07:25:51","date_gmt":"2023-09-27T07:25:51","guid":{"rendered":"https:\/\/holms.com\/?page_id=10337"},"modified":"2023-09-27T07:38:32","modified_gmt":"2023-09-27T07:38:32","slug":"media","status":"publish","type":"page","link":"https:\/\/holms.com\/en\/media\/","title":{"rendered":"Media library"},"content":{"rendered":"<p>[et_pb_section fb_built=&#8221;1&#8243; _builder_version=&#8221;4.22.2&#8243; _module_preset=&#8221;default&#8221; background_color_gradient_direction=&#8221;103deg&#8221; background_image=&#8221;https:\/\/holms.com\/wp-content\/uploads\/2023\/09\/Holms-Sopvals-SH-Omberg-Ekalle-scaled.jpg&#8221; background_blend=&#8221;multiply&#8221; custom_padding=&#8221;180px||180px||true|false&#8221; global_colors_info=&#8221;{}&#8221;][\/et_pb_section][et_pb_section fb_built=&#8221;1&#8243; _builder_version=&#8221;4.16&#8243; _module_preset=&#8221;default&#8221; background_enable_color=&#8221;off&#8221; border_color_all=&#8221;#4c4c4c&#8221; border_color_bottom=&#8221;#60269e&#8221; global_colors_info=&#8221;{}&#8221;][et_pb_row _builder_version=&#8221;4.16&#8243; _module_preset=&#8221;default&#8221; global_colors_info=&#8221;{}&#8221;][et_pb_column type=&#8221;4_4&#8243; _builder_version=&#8221;4.16&#8243; _module_preset=&#8221;default&#8221; global_colors_info=&#8221;{}&#8221;][et_pb_text _builder_version=&#8221;4.22.2&#8243; _module_preset=&#8221;default&#8221; header_2_text_align=&#8221;center&#8221; header_2_font_size=&#8221;28px&#8221; global_colors_info=&#8221;{}&#8221;]<\/p>\n<h2>Mediabibliotek<\/h2>\n<p>[\/et_pb_text][\/et_pb_column][\/et_pb_row][et_pb_row column_structure=&#8221;1_2,1_2&#8243; _builder_version=&#8221;4.22.2&#8243; _module_preset=&#8221;default&#8221; width=&#8221;100%&#8221; max_width=&#8221;2560px&#8221; module_alignment=&#8221;center&#8221; global_colors_info=&#8221;{}&#8221;][et_pb_column type=&#8221;1_2&#8243; _builder_version=&#8221;4.16&#8243; _module_preset=&#8221;default&#8221; global_colors_info=&#8221;{}&#8221;][et_pb_image src=&#8221;https:\/\/holms.com\/wp-content\/uploads\/2023\/06\/Holms-Sopvals-SH-Valtra-Stora-Aby.jpg&#8221; alt=&#8221;Holms Sopvals SH&#8221; title_text=&#8221;Holms-Sopvals-SH-Valtra-Stora-Aby&#8221; align=&#8221;center&#8221; _builder_version=&#8221;4.22.2&#8243; _module_preset=&#8221;default&#8221; width=&#8221;75%&#8221; max_height=&#8221;248px&#8221; custom_margin=&#8221;||19px|||&#8221; global_colors_info=&#8221;{}&#8221;][\/et_pb_image][et_pb_text _builder_version=&#8221;4.22.2&#8243; text_font=&#8221;||||||||&#8221; text_font_size=&#8221;20px&#8221; text_line_height=&#8221;1em&#8221; header_font=&#8221;Lato||||||||&#8221; header_2_font=&#8221;|600|||||||&#8221; header_2_font_size=&#8221;27px&#8221; text_orientation=&#8221;center&#8221; max_width=&#8221;700px&#8221; module_alignment=&#8221;center&#8221; custom_margin=&#8221;0px||0px||false|false&#8221; header_2_font_size_tablet=&#8221;32px&#8221; header_2_font_size_phone=&#8221;24px&#8221; header_2_font_size_last_edited=&#8221;on|phone&#8221; global_colors_info=&#8221;{}&#8221;]<\/p>\n<h2>Fotobibliotek<\/h2>\n<p>[\/et_pb_text][et_pb_button button_url=&#8221;@ET-DC@eyJkeW5hbWljIjp0cnVlLCJjb250ZW50IjoicG9zdF9saW5rX3VybF9wYWdlIiwic2V0dGluZ3MiOnsicG9zdF9pZCI6IjEwMTk2In19@&#8221; button_text=&#8221;Foto&#8221; button_alignment=&#8221;center&#8221; _builder_version=&#8221;4.22.2&#8243; _dynamic_attributes=&#8221;button_url&#8221; _module_preset=&#8221;default&#8221; custom_button=&#8221;on&#8221; button_text_size=&#8221;12px&#8221; button_bg_color=&#8221;#595959&#8243; custom_margin=&#8221;||10px||false|false&#8221; global_colors_info=&#8221;{}&#8221;][\/et_pb_button][\/et_pb_column][et_pb_column type=&#8221;1_2&#8243; _builder_version=&#8221;4.22.2&#8243; _module_preset=&#8221;default&#8221; global_colors_info=&#8221;{}&#8221;][et_pb_image src=&#8221;https:\/\/holms.com\/wp-content\/uploads\/2023\/09\/IMG_5286-2-scaled.jpg&#8221; alt=&#8221;Holms Attachments&#8221; title_text=&#8221;IMG_5286&#8243; align=&#8221;center&#8221; _builder_version=&#8221;4.22.2&#8243; _module_preset=&#8221;default&#8221; width=&#8221;75%&#8221; max_height=&#8221;248px&#8221; custom_margin=&#8221;||19px|||&#8221; global_colors_info=&#8221;{}&#8221;][\/et_pb_image][et_pb_text _builder_version=&#8221;4.22.2&#8243; text_font=&#8221;||||||||&#8221; text_font_size=&#8221;20px&#8221; text_line_height=&#8221;1em&#8221; header_font=&#8221;Lato||||||||&#8221; header_2_font=&#8221;|600|||||||&#8221; header_2_font_size=&#8221;27px&#8221; text_orientation=&#8221;center&#8221; max_width=&#8221;700px&#8221; module_alignment=&#8221;center&#8221; custom_margin=&#8221;0px||0px||false|false&#8221; header_2_font_size_tablet=&#8221;32px&#8221; header_2_font_size_phone=&#8221;24px&#8221; header_2_font_size_last_edited=&#8221;on|phone&#8221; global_colors_info=&#8221;{}&#8221;]<\/p>\n<h2>Filmbibliotek<\/h2>\n<p>[\/et_pb_text][et_pb_button button_url=&#8221;@ET-DC@eyJkeW5hbWljIjp0cnVlLCJjb250ZW50IjoicG9zdF9saW5rX3VybF9wYWdlIiwic2V0dGluZ3MiOnsicG9zdF9pZCI6IjEwMDQ1In19@&#8221; button_text=&#8221;Filmer&#8221; button_alignment=&#8221;center&#8221; _builder_version=&#8221;4.22.2&#8243; _dynamic_attributes=&#8221;button_url&#8221; _module_preset=&#8221;default&#8221; custom_button=&#8221;on&#8221; button_text_size=&#8221;12px&#8221; button_bg_color=&#8221;#595959&#8243; custom_margin=&#8221;||10px||false|false&#8221; global_colors_info=&#8221;{}&#8221;][\/et_pb_button][\/et_pb_column][\/et_pb_row][\/et_pb_section]<\/p>\n","protected":false},"excerpt":{"rendered":"<p>MediabibliotekFotobibliotekFilmbibliotek<\/p>","protected":false},"author":6,"featured_media":0,"parent":0,"menu_order":0,"comment_status":"closed","ping_status":"closed","template":"","meta":{"_acf_changed":false,"_et_pb_use_builder":"on","_et_pb_old_content":"","_et_gb_content_width":"","footnotes":""},"class_list":["post-10337","page","type-page","status-publish","hentry"],"acf":[],"yoast_head":"<!-- This site is optimized with the Yoast SEO plugin v27.3 - https:\/\/yoast.com\/product\/yoast-seo-wordpress\/ -->\n<title>Mediabibliotek - Holms<\/title>\n<meta name=\"description\" content=\"Sop- och sn\u00f6redskap fr\u00e5n Holms Attachments. Redskap av h\u00f6gsta kvalitet designade med kunden och resultatet i fokus.\" \/>\n<meta name=\"robots\" content=\"index, follow, max-snippet:-1, max-image-preview:large, max-video-preview:-1\" \/>\n<link rel=\"canonical\" href=\"https:\/\/holms.com\/en\/media\/\" \/>\n<meta property=\"og:locale\" content=\"en_US\" \/>\n<meta property=\"og:type\" content=\"article\" \/>\n<meta property=\"og:title\" content=\"Mediabibliotek - Holms\" \/>\n<meta property=\"og:description\" content=\"Sop- och sn\u00f6redskap fr\u00e5n Holms Attachments. Redskap av h\u00f6gsta kvalitet designade med kunden och resultatet i fokus.\" \/>\n<meta property=\"og:url\" content=\"https:\/\/holms.com\/en\/media\/\" \/>\n<meta property=\"og:site_name\" content=\"Holms\" \/>\n<meta property=\"article:publisher\" content=\"https:\/\/www.facebook.com\/holmsattachments\" \/>\n<meta property=\"article:modified_time\" content=\"2023-09-27T07:38:32+00:00\" \/>\n<meta name=\"twitter:card\" content=\"summary_large_image\" \/>\n<script type=\"application\/ld+json\" class=\"yoast-schema-graph\">{\"@context\":\"https:\\\/\\\/schema.org\",\"@graph\":[{\"@type\":\"WebPage\",\"@id\":\"https:\\\/\\\/holms.com\\\/media\\\/\",\"url\":\"https:\\\/\\\/holms.com\\\/media\\\/\",\"name\":\"Mediabibliotek - Holms\",\"isPartOf\":{\"@id\":\"https:\\\/\\\/holms.com\\\/#website\"},\"datePublished\":\"2023-09-27T07:25:51+00:00\",\"dateModified\":\"2023-09-27T07:38:32+00:00\",\"description\":\"Sop- och sn\u00f6redskap fr\u00e5n Holms Attachments. Redskap av h\u00f6gsta kvalitet designade med kunden och resultatet i fokus.\",\"breadcrumb\":{\"@id\":\"https:\\\/\\\/holms.com\\\/media\\\/#breadcrumb\"},\"inLanguage\":\"en-US\",\"potentialAction\":[{\"@type\":\"ReadAction\",\"target\":[\"https:\\\/\\\/holms.com\\\/media\\\/\"]}]},{\"@type\":\"BreadcrumbList\",\"@id\":\"https:\\\/\\\/holms.com\\\/media\\\/#breadcrumb\",\"itemListElement\":[{\"@type\":\"ListItem\",\"position\":1,\"name\":\"Hem\",\"item\":\"https:\\\/\\\/holms.com\\\/sv_se\\\/\"},{\"@type\":\"ListItem\",\"position\":2,\"name\":\"Mediabibliotek\"}]},{\"@type\":\"WebSite\",\"@id\":\"https:\\\/\\\/holms.com\\\/#website\",\"url\":\"https:\\\/\\\/holms.com\\\/\",\"name\":\"Holms\",\"description\":\"Renh\u00e5llning - Sn\u00f6r\u00f6jning - Halkbek\u00e4mpning\",\"publisher\":{\"@id\":\"https:\\\/\\\/holms.com\\\/#organization\"},\"potentialAction\":[{\"@type\":\"SearchAction\",\"target\":{\"@type\":\"EntryPoint\",\"urlTemplate\":\"https:\\\/\\\/holms.com\\\/?s={search_term_string}\"},\"query-input\":{\"@type\":\"PropertyValueSpecification\",\"valueRequired\":true,\"valueName\":\"search_term_string\"}}],\"inLanguage\":\"en-US\"},{\"@type\":\"Organization\",\"@id\":\"https:\\\/\\\/holms.com\\\/#organization\",\"name\":\"Holms Attachments AB\",\"url\":\"https:\\\/\\\/holms.com\\\/\",\"logo\":{\"@type\":\"ImageObject\",\"inLanguage\":\"en-US\",\"@id\":\"https:\\\/\\\/holms.com\\\/#\\\/schema\\\/logo\\\/image\\\/\",\"url\":\"https:\\\/\\\/holms.com\\\/wp-content\\\/uploads\\\/2021\\\/01\\\/HOLMS_PMS.jpg\",\"contentUrl\":\"https:\\\/\\\/holms.com\\\/wp-content\\\/uploads\\\/2021\\\/01\\\/HOLMS_PMS.jpg\",\"width\":500,\"height\":201,\"caption\":\"Holms Attachments AB\"},\"image\":{\"@id\":\"https:\\\/\\\/holms.com\\\/#\\\/schema\\\/logo\\\/image\\\/\"},\"sameAs\":[\"https:\\\/\\\/www.facebook.com\\\/holmsattachments\",\"https:\\\/\\\/www.instagram.com\\\/holmsattachments\\\/\",\"https:\\\/\\\/www.youtube.com\\\/channel\\\/UCloCww_-sB-V_BFxqQdT5eQ\"]}]}<\/script>\n<!-- \/ Yoast SEO plugin. -->","yoast_head_json":{"title":"Mediabibliotek - Holms","description":"Sop- och sn\u00f6redskap fr\u00e5n Holms Attachments. Redskap av h\u00f6gsta kvalitet designade med kunden och resultatet i fokus.","robots":{"index":"index","follow":"follow","max-snippet":"max-snippet:-1","max-image-preview":"max-image-preview:large","max-video-preview":"max-video-preview:-1"},"canonical":"https:\/\/holms.com\/en\/media\/","og_locale":"en_US","og_type":"article","og_title":"Mediabibliotek - Holms","og_description":"Sop- och sn\u00f6redskap fr\u00e5n Holms Attachments. Redskap av h\u00f6gsta kvalitet designade med kunden och resultatet i fokus.","og_url":"https:\/\/holms.com\/en\/media\/","og_site_name":"Holms","article_publisher":"https:\/\/www.facebook.com\/holmsattachments","article_modified_time":"2023-09-27T07:38:32+00:00","twitter_card":"summary_large_image","schema":{"@context":"https:\/\/schema.org","@graph":[{"@type":"WebPage","@id":"https:\/\/holms.com\/media\/","url":"https:\/\/holms.com\/media\/","name":"Mediabibliotek - Holms","isPartOf":{"@id":"https:\/\/holms.com\/#website"},"datePublished":"2023-09-27T07:25:51+00:00","dateModified":"2023-09-27T07:38:32+00:00","description":"Sop- och sn\u00f6redskap fr\u00e5n Holms Attachments. Redskap av h\u00f6gsta kvalitet designade med kunden och resultatet i fokus.","breadcrumb":{"@id":"https:\/\/holms.com\/media\/#breadcrumb"},"inLanguage":"en-US","potentialAction":[{"@type":"ReadAction","target":["https:\/\/holms.com\/media\/"]}]},{"@type":"BreadcrumbList","@id":"https:\/\/holms.com\/media\/#breadcrumb","itemListElement":[{"@type":"ListItem","position":1,"name":"Hem","item":"https:\/\/holms.com\/sv_se\/"},{"@type":"ListItem","position":2,"name":"Mediabibliotek"}]},{"@type":"WebSite","@id":"https:\/\/holms.com\/#website","url":"https:\/\/holms.com\/","name":"Holms","description":"Renh\u00e5llning - Sn\u00f6r\u00f6jning - Halkbek\u00e4mpning","publisher":{"@id":"https:\/\/holms.com\/#organization"},"potentialAction":[{"@type":"SearchAction","target":{"@type":"EntryPoint","urlTemplate":"https:\/\/holms.com\/?s={search_term_string}"},"query-input":{"@type":"PropertyValueSpecification","valueRequired":true,"valueName":"search_term_string"}}],"inLanguage":"en-US"},{"@type":"Organization","@id":"https:\/\/holms.com\/#organization","name":"Holms Attachments AB","url":"https:\/\/holms.com\/","logo":{"@type":"ImageObject","inLanguage":"en-US","@id":"https:\/\/holms.com\/#\/schema\/logo\/image\/","url":"https:\/\/holms.com\/wp-content\/uploads\/2021\/01\/HOLMS_PMS.jpg","contentUrl":"https:\/\/holms.com\/wp-content\/uploads\/2021\/01\/HOLMS_PMS.jpg","width":500,"height":201,"caption":"Holms Attachments AB"},"image":{"@id":"https:\/\/holms.com\/#\/schema\/logo\/image\/"},"sameAs":["https:\/\/www.facebook.com\/holmsattachments","https:\/\/www.instagram.com\/holmsattachments\/","https:\/\/www.youtube.com\/channel\/UCloCww_-sB-V_BFxqQdT5eQ"]}]}},"_links":{"self":[{"href":"https:\/\/holms.com\/en\/wp-json\/wp\/v2\/pages\/10337","targetHints":{"allow":["GET"]}}],"collection":[{"href":"https:\/\/holms.com\/en\/wp-json\/wp\/v2\/pages"}],"about":[{"href":"https:\/\/holms.com\/en\/wp-json\/wp\/v2\/types\/page"}],"author":[{"embeddable":true,"href":"https:\/\/holms.com\/en\/wp-json\/wp\/v2\/users\/6"}],"replies":[{"embeddable":true,"href":"https:\/\/holms.com\/en\/wp-json\/wp\/v2\/comments?post=10337"}],"version-history":[{"count":5,"href":"https:\/\/holms.com\/en\/wp-json\/wp\/v2\/pages\/10337\/revisions"}],"predecessor-version":[{"id":10344,"href":"https:\/\/holms.com\/en\/wp-json\/wp\/v2\/pages\/10337\/revisions\/10344"}],"wp:attachment":[{"href":"https:\/\/holms.com\/en\/wp-json\/wp\/v2\/media?parent=10337"}],"curies":[{"name":"wp","href":"https:\/\/api.w.org\/{rel}","templated":true}]}}