
{"id":1654,"date":"2021-02-02T12:30:36","date_gmt":"2021-02-02T12:30:36","guid":{"rendered":"http:\/\/holms.kundzonen.se\/?page_id=1654"},"modified":"2025-11-25T07:00:21","modified_gmt":"2025-11-25T07:00:21","slug":"hallbarhet","status":"publish","type":"page","link":"https:\/\/holms.com\/en\/sustainability\/","title":{"rendered":"Sustainability"},"content":{"rendered":"\n[et_pb_section fb_built=&#8221;1&#8243; _builder_version=&#8221;4.16&#8243; _module_preset=&#8221;default&#8221; background_image=&#8221;https:\/\/holms.com\/wp-content\/uploads\/2022\/02\/PV-med-ny-overdel-scaled-1.webp&#8221; custom_padding=&#8221;180px||180px||true|false&#8221; global_colors_info=&#8221;{}&#8221;][et_pb_row _builder_version=&#8221;4.27.4&#8243; _module_preset=&#8221;default&#8221; global_colors_info=&#8221;{}&#8221;][et_pb_column type=&#8221;4_4&#8243; _builder_version=&#8221;4.27.4&#8243; _module_preset=&#8221;default&#8221; global_colors_info=&#8221;{}&#8221;][et_pb_text _builder_version=&#8221;4.27.4&#8243; _module_preset=&#8221;default&#8221; text_font=&#8221;Gotham Medium||||||||&#8221; text_text_color=&#8221;#FFFFFF&#8221; text_font_size=&#8221;13px&#8221; text_line_height=&#8221;1.8em&#8221; header_font_size=&#8221;36px&#8221; header_2_font=&#8221;|300|||||||&#8221; header_2_text_align=&#8221;center&#8221; header_2_text_color=&#8221;#FFFFFF&#8221; header_2_font_size=&#8221;25px&#8221; header_2_letter_spacing=&#8221;1px&#8221; background_layout=&#8221;dark&#8221; width=&#8221;100%&#8221; width_tablet=&#8221;90%&#8221; width_phone=&#8221;100%&#8221; width_last_edited=&#8221;on|phone&#8221; max_width=&#8221;100%&#8221; module_alignment=&#8221;left&#8221; text_font_size_tablet=&#8221;&#8221; text_font_size_phone=&#8221;12px&#8221; text_font_size_last_edited=&#8221;on|phone&#8221; header_font_size_tablet=&#8221;&#8221; header_font_size_phone=&#8221;&#8221; header_font_size_last_edited=&#8221;on|desktop&#8221; border_color_top=&#8221;#FFFFFF&#8221; border_color_right=&#8221;#FFFFFF&#8221; global_colors_info=&#8221;{}&#8221;]<h1 style=\"text-align: center;\">H\u00e5llbarhet<\/h1>[\/et_pb_text][\/et_pb_column][\/et_pb_row][\/et_pb_section][et_pb_section fb_built=&#8221;1&#8243; _builder_version=&#8221;4.16&#8243; _module_preset=&#8221;default&#8221; global_colors_info=&#8221;{}&#8221;][et_pb_row _builder_version=&#8221;4.16&#8243; _module_preset=&#8221;default&#8221; global_colors_info=&#8221;{}&#8221;][et_pb_column type=&#8221;4_4&#8243; _builder_version=&#8221;4.16&#8243; _module_preset=&#8221;default&#8221; global_colors_info=&#8221;{}&#8221;][et_pb_text _builder_version=&#8221;4.27.4&#8243; _module_preset=&#8221;default&#8221; header_2_font=&#8221;Gotham Medium||||||||&#8221; header_2_text_align=&#8221;center&#8221; header_2_font_size=&#8221;28px&#8221; global_colors_info=&#8221;{}&#8221;]<h2>H\u00e5llbarhet och milj\u00f6v\u00e4nliga l\u00f6sningar<\/h2>[\/et_pb_text][et_pb_text _builder_version=&#8221;4.27.4&#8243; _module_preset=&#8221;default&#8221; text_font=&#8221;Gotham Medium||||||||&#8221; text_font_size=&#8221;14px&#8221; text_orientation=&#8221;center&#8221; hover_enabled=&#8221;0&#8243; global_colors_info=&#8221;{}&#8221; sticky_enabled=&#8221;0&#8243;]<div class=\"e148-5 x-container max width\">\n<div class=\"e148-6 x-column x-sm x-1-1\">\n<div class=\"e148-8 x-text\">H\u00e5llbarhet och milj\u00f6v\u00e4nliga l\u00f6sningar \u00e4r lika viktigt som v\u00e5rt varum\u00e4rkesl\u00f6fte, \u201cSafer Roads\u201d. I grunden handlar h\u00e5llbarhet om det ocks\u00e5 , men v\u00e5r gemensamma s\u00e4kerhet. I varje steg, fr\u00e5n r\u00e5vara till produktion och vidare till f\u00e4rdig produkt, str\u00e4var vi efter att minimera risker och maximera kvalitet och livsl\u00e4ngd. Holms \u00e4r ett litet f\u00f6retag som levererar produkter \u00f6ver hela v\u00e4rlden, och \u00e4ven om v\u00e5r organisation \u00e4r liten tar vi v\u00e5rt ansvar p\u00e5 st\u00f6rsta allvar. <br \/>Vi vill bidra med v\u00e5rt str\u00e5 i stacken.<\/div>\n<\/div>\n<\/div>\n<div class=\"e148-9 x-container max width\">\n<div class=\"e148-13 x-column x-sm x-1-2\">\n<div class=\"e148-8 x-text\">\n<p data-start=\"563\" data-end=\"939\">V\u00e5r ambition \u00e4r att driva en modern, resurseffektiv och h\u00e5llbar produktion, d\u00e4r energianv\u00e4ndning, materialval och arbetsprocesser st\u00e4ndigt f\u00f6rb\u00e4ttras. Genom att utveckla och tillhandah\u00e5lla produkter som uppfyller de h\u00f6gt st\u00e4llda kraven p\u00e5 h\u00e5llbarhet, s\u00e4kerhet och kvalitet som v\u00e5ra kunder f\u00f6rv\u00e4ntar sig och som v\u00e5r planet kr\u00e4ver arbetar vi f\u00f6r l\u00e5ngsiktiga l\u00f6sningar.<\/p>\n<p data-start=\"941\" data-end=\"1129\">Vi tror att h\u00e5llbarhet inte \u00e4r ett m\u00e5l man uppn\u00e5r, utan ett st\u00e4ndigt p\u00e5g\u00e5ende arbete d\u00e4r varje f\u00f6rb\u00e4ttring, hur liten den \u00e4n kan verka, bidrar till en s\u00e4krare, mer ansvarsfull framtid.<\/p>\n<\/div>\n<\/div>\n<\/div>[\/et_pb_text][et_pb_divider color=&#8221;#60269E&#8221; _builder_version=&#8221;4.16&#8243; _module_preset=&#8221;default&#8221; global_colors_info=&#8221;{}&#8221;][\/et_pb_divider][\/et_pb_column][\/et_pb_row][et_pb_row column_structure=&#8221;1_2,1_2&#8243; _builder_version=&#8221;4.16&#8243; _module_preset=&#8221;default&#8221; global_colors_info=&#8221;{}&#8221;][et_pb_column type=&#8221;1_2&#8243; _builder_version=&#8221;4.16&#8243; _module_preset=&#8221;default&#8221; global_colors_info=&#8221;{}&#8221;][et_pb_image src=&#8221;https:\/\/holms.com\/wp-content\/uploads\/2022\/02\/Holms_reservdel_1920_1080.webp&#8221; title_text=&#8221;Holms_reservdel_1920_1080&#8243; _builder_version=&#8221;4.16&#8243; _module_preset=&#8221;default&#8221; global_colors_info=&#8221;{}&#8221;][\/et_pb_image][et_pb_text _builder_version=&#8221;4.27.4&#8243; _module_preset=&#8221;default&#8221; text_font=&#8221;Gotham Medium||||||||&#8221; text_text_color=&#8221;#FFFFFF&#8221; text_font_size=&#8221;13px&#8221; text_line_height=&#8221;1.8em&#8221; header_font_size=&#8221;36px&#8221; header_2_font=&#8221;Gotham Medium|300|||||||&#8221; header_2_text_align=&#8221;center&#8221; header_2_text_color=&#8221;#09000A&#8221; header_2_font_size=&#8221;25px&#8221; header_2_letter_spacing=&#8221;1px&#8221; background_layout=&#8221;dark&#8221; width=&#8221;100%&#8221; width_tablet=&#8221;90%&#8221; width_phone=&#8221;100%&#8221; width_last_edited=&#8221;on|phone&#8221; max_width=&#8221;100%&#8221; module_alignment=&#8221;left&#8221; custom_margin=&#8221;||9px|||&#8221; text_font_size_tablet=&#8221;&#8221; text_font_size_phone=&#8221;12px&#8221; text_font_size_last_edited=&#8221;on|phone&#8221; header_font_size_tablet=&#8221;&#8221; header_font_size_phone=&#8221;&#8221; header_font_size_last_edited=&#8221;on|desktop&#8221; border_color_top=&#8221;#FFFFFF&#8221; border_color_right=&#8221;#FFFFFF&#8221; global_colors_info=&#8221;{}&#8221;]<h2>Kemikalier<\/h2>[\/et_pb_text][et_pb_text _builder_version=&#8221;4.27.4&#8243; _module_preset=&#8221;default&#8221; text_font=&#8221;Gotham Medium||||||||&#8221; global_colors_info=&#8221;{}&#8221;]<div class=\"e148-12 x-text\">Vi arbetar med milj\u00f6v\u00e4nliga f\u00e4rger och en utf\u00f6rlig kemikaliehantering som begr\u00e4nsar antalet kemikalier i omlopp.<\/div>[\/et_pb_text][\/et_pb_column][et_pb_column type=&#8221;1_2&#8243; _builder_version=&#8221;4.16&#8243; _module_preset=&#8221;default&#8221; global_colors_info=&#8221;{}&#8221;][et_pb_image src=&#8221;https:\/\/holms.com\/wp-content\/uploads\/2022\/02\/Holms_leveranssedlar_1920_1080.webp&#8221; title_text=&#8221;Holms_leveranssedlar_1920_1080&#8243; _builder_version=&#8221;4.16&#8243; _module_preset=&#8221;default&#8221; global_colors_info=&#8221;{}&#8221;][\/et_pb_image][et_pb_text _builder_version=&#8221;4.27.4&#8243; _module_preset=&#8221;default&#8221; text_font=&#8221;Gotham Medium||||||||&#8221; text_text_color=&#8221;#FFFFFF&#8221; text_font_size=&#8221;13px&#8221; text_line_height=&#8221;1.8em&#8221; header_font_size=&#8221;36px&#8221; header_2_font=&#8221;Gotham Medium|300|||||||&#8221; header_2_text_align=&#8221;center&#8221; header_2_text_color=&#8221;#09000A&#8221; header_2_font_size=&#8221;25px&#8221; header_2_letter_spacing=&#8221;1px&#8221; background_layout=&#8221;dark&#8221; width=&#8221;100%&#8221; width_tablet=&#8221;90%&#8221; width_phone=&#8221;100%&#8221; width_last_edited=&#8221;on|phone&#8221; max_width=&#8221;100%&#8221; module_alignment=&#8221;left&#8221; custom_margin=&#8221;||10px|||&#8221; text_font_size_tablet=&#8221;&#8221; text_font_size_phone=&#8221;12px&#8221; text_font_size_last_edited=&#8221;on|phone&#8221; header_font_size_tablet=&#8221;&#8221; header_font_size_phone=&#8221;&#8221; header_font_size_last_edited=&#8221;on|desktop&#8221; border_color_top=&#8221;#FFFFFF&#8221; border_color_right=&#8221;#FFFFFF&#8221; global_colors_info=&#8221;{}&#8221;]<h2>Ink\u00f6p<\/h2>[\/et_pb_text][et_pb_text _builder_version=&#8221;4.21.0&#8243; _module_preset=&#8221;default&#8221; text_font=&#8221;Gotham Medium||||||||&#8221; global_colors_info=&#8221;{}&#8221;]<div class=\"e148-12 x-text\">\n<div class=\"e148-15 x-text\">\n<p>Vid ink\u00f6p av material till v\u00e5ra produkter v\u00e4ljer vi i st\u00f6rsta m\u00f6jliga m\u00e5n fr\u00e5n leverant\u00f6rer n\u00e4ra oss i Motala eller Sverige. N\u00e4r vi skickar produkter till v\u00e4rldens alla h\u00f6rn f\u00f6rs\u00f6ker vi alltid hitta de b\u00e4sta och smidigaste fraktl\u00f6sningarna.<\/p>\n<\/div>\n<\/div>[\/et_pb_text][\/et_pb_column][\/et_pb_row][et_pb_row column_structure=&#8221;1_2,1_2&#8243; _builder_version=&#8221;4.16&#8243; _module_preset=&#8221;default&#8221; global_colors_info=&#8221;{}&#8221;][et_pb_column type=&#8221;1_2&#8243; _builder_version=&#8221;4.16&#8243; _module_preset=&#8221;default&#8221; global_colors_info=&#8221;{}&#8221;][et_pb_image src=&#8221;https:\/\/holms.com\/wp-content\/uploads\/2022\/02\/Holms_svets_1920_1080.webp&#8221; title_text=&#8221;Holms_svets_1920_1080&#8243; _builder_version=&#8221;4.16&#8243; _module_preset=&#8221;default&#8221; global_colors_info=&#8221;{}&#8221;][\/et_pb_image][et_pb_text _builder_version=&#8221;4.27.4&#8243; _module_preset=&#8221;default&#8221; text_font=&#8221;Gotham Medium||||||||&#8221; text_text_color=&#8221;#FFFFFF&#8221; text_font_size=&#8221;13px&#8221; text_line_height=&#8221;1.8em&#8221; header_font_size=&#8221;36px&#8221; header_2_font=&#8221;Gotham Medium|300|||||||&#8221; header_2_text_align=&#8221;center&#8221; header_2_text_color=&#8221;#09000A&#8221; header_2_font_size=&#8221;25px&#8221; header_2_letter_spacing=&#8221;1px&#8221; background_layout=&#8221;dark&#8221; width=&#8221;100%&#8221; width_tablet=&#8221;90%&#8221; width_phone=&#8221;100%&#8221; width_last_edited=&#8221;on|phone&#8221; max_width=&#8221;100%&#8221; module_alignment=&#8221;left&#8221; custom_margin=&#8221;||12px|||&#8221; text_font_size_tablet=&#8221;&#8221; text_font_size_phone=&#8221;12px&#8221; text_font_size_last_edited=&#8221;on|phone&#8221; header_font_size_tablet=&#8221;&#8221; header_font_size_phone=&#8221;&#8221; header_font_size_last_edited=&#8221;on|desktop&#8221; border_color_top=&#8221;#FFFFFF&#8221; border_color_right=&#8221;#FFFFFF&#8221; global_colors_info=&#8221;{}&#8221;]<h2>Processer<\/h2>[\/et_pb_text][et_pb_text _builder_version=&#8221;4.21.0&#8243; _module_preset=&#8221;default&#8221; text_font=&#8221;Gotham Medium||||||||&#8221; global_colors_info=&#8221;{}&#8221;]<div class=\"e148-12 x-text\">\n<div class=\"e148-19 x-text\">Vi arbetar st\u00e4ndigt med att skapa energisn\u00e5la processer och en energisn\u00e5l produktion.<\/div>\n<\/div>[\/et_pb_text][\/et_pb_column][et_pb_column type=&#8221;1_2&#8243; _builder_version=&#8221;4.16&#8243; _module_preset=&#8221;default&#8221; global_colors_info=&#8221;{}&#8221;][et_pb_image src=&#8221;https:\/\/holms.com\/wp-content\/uploads\/2022\/02\/Holms_metall_1920_1080.webp&#8221; title_text=&#8221;Holms_metall_1920_1080&#8243; _builder_version=&#8221;4.16&#8243; _module_preset=&#8221;default&#8221; global_colors_info=&#8221;{}&#8221;][\/et_pb_image][et_pb_text _builder_version=&#8221;4.27.4&#8243; _module_preset=&#8221;default&#8221; text_font=&#8221;Gotham Medium||||||||&#8221; text_text_color=&#8221;#FFFFFF&#8221; text_font_size=&#8221;13px&#8221; text_line_height=&#8221;1.8em&#8221; header_font_size=&#8221;36px&#8221; header_2_font=&#8221;Gotham Medium|300|||||||&#8221; header_2_text_align=&#8221;center&#8221; header_2_text_color=&#8221;#09000A&#8221; header_2_font_size=&#8221;25px&#8221; header_2_letter_spacing=&#8221;1px&#8221; background_layout=&#8221;dark&#8221; width=&#8221;100%&#8221; width_tablet=&#8221;90%&#8221; width_phone=&#8221;100%&#8221; width_last_edited=&#8221;on|phone&#8221; max_width=&#8221;100%&#8221; module_alignment=&#8221;left&#8221; custom_margin=&#8221;||11px|||&#8221; text_font_size_tablet=&#8221;&#8221; text_font_size_phone=&#8221;12px&#8221; text_font_size_last_edited=&#8221;on|phone&#8221; header_font_size_tablet=&#8221;&#8221; header_font_size_phone=&#8221;&#8221; header_font_size_last_edited=&#8221;on|desktop&#8221; border_color_top=&#8221;#FFFFFF&#8221; border_color_right=&#8221;#FFFFFF&#8221; global_colors_info=&#8221;{}&#8221;]<h2>Avfallshantering<\/h2>[\/et_pb_text][et_pb_text _builder_version=&#8221;4.21.0&#8243; _module_preset=&#8221;default&#8221; text_font=&#8221;Gotham Medium||||||||&#8221; global_colors_info=&#8221;{}&#8221;]<div class=\"e148-12 x-text\">\n<div class=\"e148-15 x-text\">\n<div class=\"e148-22 x-text\">En viktig del i v\u00e5r verksamhet \u00e4r att ha en plan f\u00f6r v\u00e5r avfallshantering. I dag k\u00e4llsorteras allt avfall enligt konstens alla regler. Det \u00e4r b\u00e5de bra f\u00f6r milj\u00f6n och ekonomin.<\/div>\n<\/div>\n<\/div>[\/et_pb_text][\/et_pb_column][\/et_pb_row][\/et_pb_section]\n","protected":false},"excerpt":{"rendered":"<p>H\u00e5llbarhetH\u00e5llbarhet och milj\u00f6v\u00e4nliga l\u00f6sningar H\u00e5llbarhet och milj\u00f6v\u00e4nliga l\u00f6sningar \u00e4r lika viktigt som v\u00e5rt varum\u00e4rkesl\u00f6fte, \u201cSafer Roads\u201d. I grunden handlar h\u00e5llbarhet om det ocks\u00e5 , men v\u00e5r gemensamma s\u00e4kerhet. I varje steg, fr\u00e5n r\u00e5vara till produktion och vidare till f\u00e4rdig produkt, str\u00e4var vi efter att minimera risker och maximera kvalitet och livsl\u00e4ngd. Holms \u00e4r ett litet [&hellip;]<\/p>\n","protected":false},"author":1,"featured_media":0,"parent":0,"menu_order":0,"comment_status":"closed","ping_status":"closed","template":"","meta":{"_acf_changed":false,"_et_pb_use_builder":"on","_et_pb_old_content":"<!-- wp:divi\/placeholder \/-->","_et_gb_content_width":"","footnotes":""},"class_list":["post-1654","page","type-page","status-publish","hentry"],"acf":[],"yoast_head":"<!-- This site is optimized with the Yoast SEO plugin v27.4 - https:\/\/yoast.com\/product\/yoast-seo-wordpress\/ -->\n<title>H\u00e5llbarhet \u00e4r viktigt f\u00f6r Holms Attachments<\/title>\n<meta name=\"description\" content=\"H\u00e5llbarhet \u00e4r en viktig del i Holms strategiska utvecklingsarbete. Vi p\u00e5 Holms str\u00e4var efter att utveckla h\u00e5llbara och milj\u00f6v\u00e4nliga redskap.\" \/>\n<meta name=\"robots\" content=\"index, follow, max-snippet:-1, max-image-preview:large, max-video-preview:-1\" \/>\n<link rel=\"canonical\" href=\"https:\/\/holms.com\/en\/sustainability\/\" \/>\n<meta property=\"og:locale\" content=\"en_US\" \/>\n<meta property=\"og:type\" content=\"article\" \/>\n<meta property=\"og:title\" content=\"H\u00e5llbarhet \u00e4r viktigt f\u00f6r Holms Attachments\" \/>\n<meta property=\"og:description\" content=\"H\u00e5llbarhet \u00e4r en viktig del i Holms strategiska utvecklingsarbete. Vi p\u00e5 Holms str\u00e4var efter att utveckla h\u00e5llbara och milj\u00f6v\u00e4nliga redskap.\" \/>\n<meta property=\"og:url\" content=\"https:\/\/holms.com\/en\/sustainability\/\" \/>\n<meta property=\"og:site_name\" content=\"Holms\" \/>\n<meta property=\"article:publisher\" content=\"https:\/\/www.facebook.com\/holmsattachments\" \/>\n<meta property=\"article:modified_time\" content=\"2025-11-25T07:00:21+00:00\" \/>\n<meta name=\"twitter:card\" content=\"summary_large_image\" \/>\n<meta name=\"twitter:label1\" content=\"Est. reading time\" \/>\n\t<meta name=\"twitter:data1\" content=\"3 minutes\" \/>\n<script type=\"application\/ld+json\" class=\"yoast-schema-graph\">{\"@context\":\"https:\\\/\\\/schema.org\",\"@graph\":[{\"@type\":\"WebPage\",\"@id\":\"https:\\\/\\\/holms.com\\\/hallbarhet\\\/\",\"url\":\"https:\\\/\\\/holms.com\\\/hallbarhet\\\/\",\"name\":\"H\u00e5llbarhet \u00e4r viktigt f\u00f6r Holms Attachments\",\"isPartOf\":{\"@id\":\"https:\\\/\\\/holms.com\\\/#website\"},\"datePublished\":\"2021-02-02T12:30:36+00:00\",\"dateModified\":\"2025-11-25T07:00:21+00:00\",\"description\":\"H\u00e5llbarhet \u00e4r en viktig del i Holms strategiska utvecklingsarbete. Vi p\u00e5 Holms str\u00e4var efter att utveckla h\u00e5llbara och milj\u00f6v\u00e4nliga redskap.\",\"breadcrumb\":{\"@id\":\"https:\\\/\\\/holms.com\\\/hallbarhet\\\/#breadcrumb\"},\"inLanguage\":\"en-US\",\"potentialAction\":[{\"@type\":\"ReadAction\",\"target\":[\"https:\\\/\\\/holms.com\\\/hallbarhet\\\/\"]}]},{\"@type\":\"BreadcrumbList\",\"@id\":\"https:\\\/\\\/holms.com\\\/hallbarhet\\\/#breadcrumb\",\"itemListElement\":[{\"@type\":\"ListItem\",\"position\":1,\"name\":\"Hem\",\"item\":\"https:\\\/\\\/holms.com\\\/sv_se\\\/\"},{\"@type\":\"ListItem\",\"position\":2,\"name\":\"H\u00e5llbarhet\"}]},{\"@type\":\"WebSite\",\"@id\":\"https:\\\/\\\/holms.com\\\/#website\",\"url\":\"https:\\\/\\\/holms.com\\\/\",\"name\":\"Holms\",\"description\":\"Renh\u00e5llning - Sn\u00f6r\u00f6jning - Halkbek\u00e4mpning\",\"publisher\":{\"@id\":\"https:\\\/\\\/holms.com\\\/#organization\"},\"potentialAction\":[{\"@type\":\"SearchAction\",\"target\":{\"@type\":\"EntryPoint\",\"urlTemplate\":\"https:\\\/\\\/holms.com\\\/?s={search_term_string}\"},\"query-input\":{\"@type\":\"PropertyValueSpecification\",\"valueRequired\":true,\"valueName\":\"search_term_string\"}}],\"inLanguage\":\"en-US\"},{\"@type\":\"Organization\",\"@id\":\"https:\\\/\\\/holms.com\\\/#organization\",\"name\":\"Holms Attachments AB\",\"url\":\"https:\\\/\\\/holms.com\\\/\",\"logo\":{\"@type\":\"ImageObject\",\"inLanguage\":\"en-US\",\"@id\":\"https:\\\/\\\/holms.com\\\/#\\\/schema\\\/logo\\\/image\\\/\",\"url\":\"https:\\\/\\\/holms.com\\\/wp-content\\\/uploads\\\/2021\\\/01\\\/HOLMS_PMS.jpg\",\"contentUrl\":\"https:\\\/\\\/holms.com\\\/wp-content\\\/uploads\\\/2021\\\/01\\\/HOLMS_PMS.jpg\",\"width\":500,\"height\":201,\"caption\":\"Holms Attachments AB\"},\"image\":{\"@id\":\"https:\\\/\\\/holms.com\\\/#\\\/schema\\\/logo\\\/image\\\/\"},\"sameAs\":[\"https:\\\/\\\/www.facebook.com\\\/holmsattachments\",\"https:\\\/\\\/www.instagram.com\\\/holmsattachments\\\/\",\"https:\\\/\\\/www.youtube.com\\\/channel\\\/UCloCww_-sB-V_BFxqQdT5eQ\"]}]}<\/script>\n<!-- \/ Yoast SEO plugin. -->","yoast_head_json":{"title":"Sustainability is important to Holms Attachments.","description":"Sustainability is an important part of Holms\u2019 strategic development work. At Holms, we strive to develop sustainable and environmentally friendly attachments.","robots":{"index":"index","follow":"follow","max-snippet":"max-snippet:-1","max-image-preview":"max-image-preview:large","max-video-preview":"max-video-preview:-1"},"canonical":"https:\/\/holms.com\/en\/sustainability\/","og_locale":"en_US","og_type":"article","og_title":"H\u00e5llbarhet \u00e4r viktigt f\u00f6r Holms Attachments","og_description":"H\u00e5llbarhet \u00e4r en viktig del i Holms strategiska utvecklingsarbete. Vi p\u00e5 Holms str\u00e4var efter att utveckla h\u00e5llbara och milj\u00f6v\u00e4nliga redskap.","og_url":"https:\/\/holms.com\/en\/sustainability\/","og_site_name":"Holms","article_publisher":"https:\/\/www.facebook.com\/holmsattachments","article_modified_time":"2025-11-25T07:00:21+00:00","twitter_card":"summary_large_image","twitter_misc":{"Est. reading time":"3 minutes"},"schema":{"@context":"https:\/\/schema.org","@graph":[{"@type":"WebPage","@id":"https:\/\/holms.com\/hallbarhet\/","url":"https:\/\/holms.com\/hallbarhet\/","name":"Sustainability is important to Holms Attachments.","isPartOf":{"@id":"https:\/\/holms.com\/#website"},"datePublished":"2021-02-02T12:30:36+00:00","dateModified":"2025-11-25T07:00:21+00:00","description":"Sustainability is an important part of Holms\u2019 strategic development work. At Holms, we strive to develop sustainable and environmentally friendly attachments.","breadcrumb":{"@id":"https:\/\/holms.com\/hallbarhet\/#breadcrumb"},"inLanguage":"en-US","potentialAction":[{"@type":"ReadAction","target":["https:\/\/holms.com\/hallbarhet\/"]}]},{"@type":"BreadcrumbList","@id":"https:\/\/holms.com\/hallbarhet\/#breadcrumb","itemListElement":[{"@type":"ListItem","position":1,"name":"Hem","item":"https:\/\/holms.com\/sv_se\/"},{"@type":"ListItem","position":2,"name":"H\u00e5llbarhet"}]},{"@type":"WebSite","@id":"https:\/\/holms.com\/#website","url":"https:\/\/holms.com\/","name":"Holms","description":"Renh\u00e5llning - Sn\u00f6r\u00f6jning - Halkbek\u00e4mpning","publisher":{"@id":"https:\/\/holms.com\/#organization"},"potentialAction":[{"@type":"SearchAction","target":{"@type":"EntryPoint","urlTemplate":"https:\/\/holms.com\/?s={search_term_string}"},"query-input":{"@type":"PropertyValueSpecification","valueRequired":true,"valueName":"search_term_string"}}],"inLanguage":"en-US"},{"@type":"Organization","@id":"https:\/\/holms.com\/#organization","name":"Holms Attachments AB","url":"https:\/\/holms.com\/","logo":{"@type":"ImageObject","inLanguage":"en-US","@id":"https:\/\/holms.com\/#\/schema\/logo\/image\/","url":"https:\/\/holms.com\/wp-content\/uploads\/2021\/01\/HOLMS_PMS.jpg","contentUrl":"https:\/\/holms.com\/wp-content\/uploads\/2021\/01\/HOLMS_PMS.jpg","width":500,"height":201,"caption":"Holms Attachments AB"},"image":{"@id":"https:\/\/holms.com\/#\/schema\/logo\/image\/"},"sameAs":["https:\/\/www.facebook.com\/holmsattachments","https:\/\/www.instagram.com\/holmsattachments\/","https:\/\/www.youtube.com\/channel\/UCloCww_-sB-V_BFxqQdT5eQ"]}]}},"_links":{"self":[{"href":"https:\/\/holms.com\/en\/wp-json\/wp\/v2\/pages\/1654","targetHints":{"allow":["GET"]}}],"collection":[{"href":"https:\/\/holms.com\/en\/wp-json\/wp\/v2\/pages"}],"about":[{"href":"https:\/\/holms.com\/en\/wp-json\/wp\/v2\/types\/page"}],"author":[{"embeddable":true,"href":"https:\/\/holms.com\/en\/wp-json\/wp\/v2\/users\/1"}],"replies":[{"embeddable":true,"href":"https:\/\/holms.com\/en\/wp-json\/wp\/v2\/comments?post=1654"}],"version-history":[{"count":7,"href":"https:\/\/holms.com\/en\/wp-json\/wp\/v2\/pages\/1654\/revisions"}],"predecessor-version":[{"id":11577,"href":"https:\/\/holms.com\/en\/wp-json\/wp\/v2\/pages\/1654\/revisions\/11577"}],"wp:attachment":[{"href":"https:\/\/holms.com\/en\/wp-json\/wp\/v2\/media?parent=1654"}],"curies":[{"name":"wp","href":"https:\/\/api.w.org\/{rel}","templated":true}]}}