
{"id":1692,"date":"2021-02-02T13:19:39","date_gmt":"2021-02-02T13:19:39","guid":{"rendered":"http:\/\/holms.kundzonen.se\/?page_id=1692"},"modified":"2023-06-27T08:30:09","modified_gmt":"2023-06-27T08:30:09","slug":"vision-och-framtid","status":"publish","type":"page","link":"https:\/\/holms.com\/en\/vision-och-framtid\/","title":{"rendered":"Vision and future"},"content":{"rendered":"<p>[et_pb_section fb_built=&#8221;1&#8243; custom_padding_last_edited=&#8221;on|phone&#8221; _builder_version=&#8221;4.17.4&#8243; _module_preset=&#8221;default&#8221; background_image=&#8221;https:\/\/holms.com\/wp-content\/uploads\/2022\/03\/holms-karriar-1-scaled.jpg&#8221; min_height=&#8221;595.8px&#8221; custom_padding=&#8221;180px||175px||false|false&#8221; custom_padding_tablet=&#8221;250px||150px||false|false&#8221; custom_padding_phone=&#8221;200px||100px||false|false&#8221; bottom_divider_height=&#8221;30px&#8221; bottom_divider_flip=&#8221;horizontal&#8221; global_colors_info=&#8221;{}&#8221;][et_pb_row _builder_version=&#8221;4.16&#8243; _module_preset=&#8221;default&#8221; width=&#8221;90%&#8221; custom_padding=&#8221;0px||0px||false|false&#8221; global_colors_info=&#8221;{}&#8221;][et_pb_column type=&#8221;4_4&#8243; _builder_version=&#8221;4.16&#8243; _module_preset=&#8221;default&#8221; global_colors_info=&#8221;{}&#8221;][et_pb_divider show_divider=&#8221;off&#8221; _builder_version=&#8221;4.16&#8243; _module_preset=&#8221;default&#8221; global_colors_info=&#8221;{}&#8221;][\/et_pb_divider][\/et_pb_column][\/et_pb_row][\/et_pb_section][et_pb_section fb_built=&#8221;1&#8243; admin_label=&#8221;section&#8221; _builder_version=&#8221;4.16&#8243; global_colors_info=&#8221;{}&#8221;][et_pb_row _builder_version=&#8221;4.16&#8243; _module_preset=&#8221;default&#8221; custom_margin=&#8221;0px||0px||false|false&#8221; custom_padding=&#8221;10px||24px|||&#8221; global_colors_info=&#8221;{}&#8221;][et_pb_column type=&#8221;4_4&#8243; _builder_version=&#8221;4.16&#8243; _module_preset=&#8221;default&#8221; global_colors_info=&#8221;{}&#8221;][et_pb_text _builder_version=&#8221;4.21.0&#8243; text_font=&#8221;Gotham Medium||||||||&#8221; text_font_size=&#8221;20px&#8221; text_line_height=&#8221;1.3em&#8221; header_font=&#8221;Lato||||||||&#8221; header_2_font=&#8221;Gotham Medium||||||||&#8221; header_2_font_size=&#8221;24px&#8221; text_orientation=&#8221;center&#8221; max_width=&#8221;700px&#8221; module_alignment=&#8221;center&#8221; custom_margin=&#8221;0px||8px||false|false&#8221; text_font_size_tablet=&#8221;20px&#8221; text_font_size_phone=&#8221;18px&#8221; text_font_size_last_edited=&#8221;on|phone&#8221; header_2_font_size_tablet=&#8221;24px&#8221; header_2_font_size_phone=&#8221;24px&#8221; header_2_font_size_last_edited=&#8221;on|desktop&#8221; global_colors_info=&#8221;{}&#8221;]<\/p>\n<h2 class=\"x-text-content-text-primary\">Vision och framtid<\/h2>\n<p class=\"x-text-content-text-primary\">&#8221;<em>Vi tillhandah\u00e5ller de b\u00e4sta m\u00f6jliga redskapen och supporten till hj\u00e4ltarna som h\u00e5ller v\u00e5ra v\u00e4gar och st\u00e4der rena och s\u00e4kra.<\/em>&#8221;<\/p>\n<p>[\/et_pb_text][et_pb_text _builder_version=&#8221;4.21.0&#8243; _module_preset=&#8221;default&#8221; text_font=&#8221;Gotham Medium|||on|||||&#8221; text_font_size=&#8221;11px&#8221; text_letter_spacing=&#8221;1px&#8221; text_orientation=&#8221;center&#8221; global_colors_info=&#8221;{}&#8221;]<\/p>\n<p class=\"x-text-content-text-primary\">Carl Gindahl CEO | Holms Attachments<\/p>\n<p>[\/et_pb_text][\/et_pb_column][\/et_pb_row][et_pb_row _builder_version=&#8221;4.16&#8243; _module_preset=&#8221;default&#8221; custom_margin=&#8221;28px|auto|21px|auto|false|false&#8221; custom_padding=&#8221;21px||0px|||&#8221; global_colors_info=&#8221;{}&#8221;][et_pb_column type=&#8221;4_4&#8243; _builder_version=&#8221;4.16&#8243; _module_preset=&#8221;default&#8221; global_colors_info=&#8221;{}&#8221;][et_pb_divider color=&#8221;#60269E&#8221; _builder_version=&#8221;4.16&#8243; _module_preset=&#8221;default&#8221; custom_padding=&#8221;||0px|||&#8221; global_colors_info=&#8221;{}&#8221;][\/et_pb_divider][\/et_pb_column][\/et_pb_row][et_pb_row column_structure=&#8221;1_2,1_2&#8243; use_custom_gutter=&#8221;on&#8221; gutter_width=&#8221;1&#8243; make_equal=&#8221;on&#8221; _builder_version=&#8221;4.16&#8243; _module_preset=&#8221;default&#8221; width=&#8221;100%&#8221; module_alignment=&#8221;center&#8221; custom_padding=&#8221;0px||0px||false|false&#8221; global_colors_info=&#8221;{}&#8221;][et_pb_column type=&#8221;1_2&#8243; _builder_version=&#8221;4.16&#8243; _module_preset=&#8221;default&#8221; global_colors_info=&#8221;{}&#8221;][et_pb_image src=&#8221;https:\/\/holms.com\/wp-content\/uploads\/2022\/02\/Holms_SL_Unimog_1920_1080-1.webp&#8221; title_text=&#8221;Holms_SL_Unimog_1920_1080&#8243; _builder_version=&#8221;4.16&#8243; _module_preset=&#8221;default&#8221; global_colors_info=&#8221;{}&#8221;][\/et_pb_image][\/et_pb_column][et_pb_column type=&#8221;1_2&#8243; _builder_version=&#8221;4.16&#8243; _module_preset=&#8221;default&#8221; background_color=&#8221;#D6D6D6&#8243; custom_padding=&#8221;33px|32px|33px|32px|true|true&#8221; custom_padding_tablet=&#8221;&#8221; custom_padding_phone=&#8221;&#8221; custom_padding_last_edited=&#8221;on|phone&#8221; global_colors_info=&#8221;{}&#8221;][et_pb_text _builder_version=&#8221;4.21.0&#8243; _module_preset=&#8221;default&#8221; text_font=&#8221;Gotham Medium||||||||&#8221; header_2_font=&#8221;Gotham Medium||||||||&#8221; global_colors_info=&#8221;{}&#8221;]<\/p>\n<h2>L\u00e5t oss ber\u00e4tta<\/h2>\n<p>Hj\u00e4rtat till v\u00e5r existens har p\u00e5 n\u00e5got s\u00e4tt alltid varit att tillverka marknadens b\u00e4sta redskap med ett h\u00f6gt s\u00e4kerhetst\u00e4nkt. V\u00e5r produkt anv\u00e4nds i omr\u00e5den som st\u00e4ller krav p\u00e5 maskinoperat\u00f6ren och resultatet. Helt enkelt n\u00e5got som h\u00e5ller i l\u00e4ngden och n\u00e5got som v\u00e5r kund och vi sj\u00e4lva kan vara s\u00e4kra p\u00e5 fungerar.<\/p>\n<p>N\u00e4r vi designar en ny produkt vill vi bli guidade av det resonemanget. V\u00e5rt varum\u00e4rkesl\u00f6fte &#8221;Safer Roads&#8221; sammanfattar det.<\/p>\n<p>[\/et_pb_text][\/et_pb_column][\/et_pb_row][et_pb_row column_structure=&#8221;1_2,1_2&#8243; use_custom_gutter=&#8221;on&#8221; gutter_width=&#8221;1&#8243; make_equal=&#8221;on&#8221; _builder_version=&#8221;4.16&#8243; _module_preset=&#8221;default&#8221; width=&#8221;100%&#8221; module_alignment=&#8221;center&#8221; custom_padding=&#8221;0px||0px||false|false&#8221; global_colors_info=&#8221;{}&#8221;][et_pb_column type=&#8221;1_2&#8243; _builder_version=&#8221;4.16&#8243; _module_preset=&#8221;default&#8221; background_color=&#8221;#D6D6D6&#8243; custom_padding=&#8221;33px|32px|33px|32px|true|true&#8221; custom_padding_tablet=&#8221;&#8221; custom_padding_phone=&#8221;&#8221; custom_padding_last_edited=&#8221;on|phone&#8221; global_colors_info=&#8221;{}&#8221;][et_pb_text _builder_version=&#8221;4.21.0&#8243; _module_preset=&#8221;default&#8221; text_font=&#8221;Gotham Medium||||||||&#8221; header_2_font=&#8221;Gotham Medium||||||||&#8221; custom_padding=&#8221;18px|||||&#8221; global_colors_info=&#8221;{}&#8221;]<\/p>\n<h2>Safer Roads<\/h2>\n<p>F\u00f6r oss st\u00e5r &#8221;Safer Roads&#8221; f\u00f6r s\u00e5 mycket mer \u00e4n bara s\u00e4krare v\u00e4gar. Vi tycker det st\u00e5r f\u00f6r respekt f\u00f6r slutanv\u00e4ndaren och den kr\u00e4vande milj\u00f6n v\u00e5r produkt anv\u00e4nds i. V\u00e5ra kunder ska kunna lita p\u00e5 sin produkt och koncentrera sig p\u00e5 sitt uppdrag.<\/p>\n<p>Det \u00e4r &#8221;Safer Roads&#8221; f\u00f6r oss.<\/p>\n<p>N\u00e4r vi t\u00e4nker efter har vi under alla v\u00e5ra 95 \u00e5r som vi byggt redskap \u00e5t v\u00e5ra v\u00e5ra kunder alltid arbetat med s\u00e4kerhet. Vi har bara nu l\u00e5tit oss sj\u00e4lva skriva ner det.<\/p>\n<p>[\/et_pb_text][\/et_pb_column][et_pb_column type=&#8221;1_2&#8243; _builder_version=&#8221;4.16&#8243; _module_preset=&#8221;default&#8221; global_colors_info=&#8221;{}&#8221;][et_pb_image src=&#8221;https:\/\/holms.com\/wp-content\/uploads\/2023\/06\/Holms-Sopvals-SH-Valtra-Stora-Aby.jpg&#8221; alt=&#8221;Holms Sopvals SH&#8221; title_text=&#8221;Holms-Sopvals-SH-Valtra-Stora-Aby&#8221; _builder_version=&#8221;4.21.0&#8243; _module_preset=&#8221;default&#8221; global_colors_info=&#8221;{}&#8221;][\/et_pb_image][\/et_pb_column][\/et_pb_row][\/et_pb_section][et_pb_section fb_built=&#8221;1&#8243; _builder_version=&#8221;4.16&#8243; _module_preset=&#8221;default&#8221; custom_padding=&#8221;0px||0px||false|false&#8221; global_colors_info=&#8221;{}&#8221;][et_pb_row use_custom_gutter=&#8221;on&#8221; gutter_width=&#8221;1&#8243; _builder_version=&#8221;4.16&#8243; _module_preset=&#8221;default&#8221; width=&#8221;100%&#8221; max_width=&#8221;1920px&#8221; module_alignment=&#8221;center&#8221; custom_margin=&#8221;0px||0px||false|false&#8221; custom_padding=&#8221;0px||0px||false|false&#8221; global_colors_info=&#8221;{}&#8221;][et_pb_column type=&#8221;4_4&#8243; _builder_version=&#8221;4.16&#8243; _module_preset=&#8221;default&#8221; global_colors_info=&#8221;{}&#8221;][et_pb_video src=&#8221;https:\/\/youtu.be\/2QeFDkpnDJM&#8221; _builder_version=&#8221;4.21.0&#8243; _module_preset=&#8221;default&#8221; hover_enabled=&#8221;0&#8243; global_colors_info=&#8221;{}&#8221; sticky_enabled=&#8221;0&#8243; alt=&#8221;Holms 95 \u00e5r&#8221; title_text=&#8221;Holms 95 \u00e5r&#8221; image_src=&#8221;https:\/\/holms.com\/wp-content\/uploads\/2023\/06\/PRE04982.jpg&#8221; custom_padding=&#8221;165px|||||&#8221;][\/et_pb_video][\/et_pb_column][\/et_pb_row][\/et_pb_section]<\/p>\n","protected":false},"excerpt":{"rendered":"<p>Vision och framtid &#8221;Vi tillhandah\u00e5ller de b\u00e4sta m\u00f6jliga redskapen och supporten till hj\u00e4ltarna som h\u00e5ller v\u00e5ra v\u00e4gar och st\u00e4der rena och s\u00e4kra.&#8221;Carl Gindahl CEO | Holms AttachmentsL\u00e5t oss ber\u00e4tta Hj\u00e4rtat till v\u00e5r existens har p\u00e5 n\u00e5got s\u00e4tt alltid varit att tillverka marknadens b\u00e4sta redskap med ett h\u00f6gt s\u00e4kerhetst\u00e4nkt. V\u00e5r produkt anv\u00e4nds i omr\u00e5den som st\u00e4ller [&hellip;]<\/p>\n","protected":false},"author":1,"featured_media":0,"parent":0,"menu_order":0,"comment_status":"closed","ping_status":"closed","template":"","meta":{"_acf_changed":false,"_et_pb_use_builder":"on","_et_pb_old_content":"<!-- wp:divi\/placeholder \/-->","_et_gb_content_width":"","footnotes":""},"class_list":["post-1692","page","type-page","status-publish","hentry"],"acf":[],"yoast_head":"<!-- This site is optimized with the Yoast SEO plugin v27.5 - https:\/\/yoast.com\/product\/yoast-seo-wordpress\/ -->\n<title>Vision och framtid - Holms<\/title>\n<meta name=\"robots\" content=\"index, follow, max-snippet:-1, max-image-preview:large, max-video-preview:-1\" \/>\n<link rel=\"canonical\" href=\"https:\/\/holms.com\/en\/vision-och-framtid\/\" \/>\n<meta property=\"og:locale\" content=\"en_US\" \/>\n<meta property=\"og:type\" content=\"article\" \/>\n<meta property=\"og:title\" content=\"Vision och framtid - Holms\" \/>\n<meta property=\"og:description\" content=\"Vision och framtid &quot;Vi tillhandah\u00e5ller de b\u00e4sta m\u00f6jliga redskapen och supporten till hj\u00e4ltarna som h\u00e5ller v\u00e5ra v\u00e4gar och st\u00e4der rena och s\u00e4kra.&quot;Carl Gindahl CEO | Holms AttachmentsL\u00e5t oss ber\u00e4tta Hj\u00e4rtat till v\u00e5r existens har p\u00e5 n\u00e5got s\u00e4tt alltid varit att tillverka marknadens b\u00e4sta redskap med ett h\u00f6gt s\u00e4kerhetst\u00e4nkt. V\u00e5r produkt anv\u00e4nds i omr\u00e5den som st\u00e4ller [&hellip;]\" \/>\n<meta property=\"og:url\" content=\"https:\/\/holms.com\/en\/vision-och-framtid\/\" \/>\n<meta property=\"og:site_name\" content=\"Holms\" \/>\n<meta property=\"article:publisher\" content=\"https:\/\/www.facebook.com\/holmsattachments\" \/>\n<meta property=\"article:modified_time\" content=\"2023-06-27T08:30:09+00:00\" \/>\n<meta name=\"twitter:card\" content=\"summary_large_image\" \/>\n<meta name=\"twitter:label1\" content=\"Est. reading time\" \/>\n\t<meta name=\"twitter:data1\" content=\"5 minutes\" \/>\n<script type=\"application\/ld+json\" class=\"yoast-schema-graph\">{\"@context\":\"https:\\\/\\\/schema.org\",\"@graph\":[{\"@type\":\"WebPage\",\"@id\":\"https:\\\/\\\/holms.com\\\/vision-och-framtid\\\/\",\"url\":\"https:\\\/\\\/holms.com\\\/vision-och-framtid\\\/\",\"name\":\"Vision och framtid - Holms\",\"isPartOf\":{\"@id\":\"https:\\\/\\\/holms.com\\\/#website\"},\"datePublished\":\"2021-02-02T13:19:39+00:00\",\"dateModified\":\"2023-06-27T08:30:09+00:00\",\"breadcrumb\":{\"@id\":\"https:\\\/\\\/holms.com\\\/vision-och-framtid\\\/#breadcrumb\"},\"inLanguage\":\"en-US\",\"potentialAction\":[{\"@type\":\"ReadAction\",\"target\":[\"https:\\\/\\\/holms.com\\\/vision-och-framtid\\\/\"]}]},{\"@type\":\"BreadcrumbList\",\"@id\":\"https:\\\/\\\/holms.com\\\/vision-och-framtid\\\/#breadcrumb\",\"itemListElement\":[{\"@type\":\"ListItem\",\"position\":1,\"name\":\"Hem\",\"item\":\"https:\\\/\\\/holms.com\\\/sv_se\\\/\"},{\"@type\":\"ListItem\",\"position\":2,\"name\":\"Vision och framtid\"}]},{\"@type\":\"WebSite\",\"@id\":\"https:\\\/\\\/holms.com\\\/#website\",\"url\":\"https:\\\/\\\/holms.com\\\/\",\"name\":\"Holms\",\"description\":\"Renh\u00e5llning - Sn\u00f6r\u00f6jning - Halkbek\u00e4mpning\",\"publisher\":{\"@id\":\"https:\\\/\\\/holms.com\\\/#organization\"},\"potentialAction\":[{\"@type\":\"SearchAction\",\"target\":{\"@type\":\"EntryPoint\",\"urlTemplate\":\"https:\\\/\\\/holms.com\\\/?s={search_term_string}\"},\"query-input\":{\"@type\":\"PropertyValueSpecification\",\"valueRequired\":true,\"valueName\":\"search_term_string\"}}],\"inLanguage\":\"en-US\"},{\"@type\":\"Organization\",\"@id\":\"https:\\\/\\\/holms.com\\\/#organization\",\"name\":\"Holms Attachments AB\",\"url\":\"https:\\\/\\\/holms.com\\\/\",\"logo\":{\"@type\":\"ImageObject\",\"inLanguage\":\"en-US\",\"@id\":\"https:\\\/\\\/holms.com\\\/#\\\/schema\\\/logo\\\/image\\\/\",\"url\":\"https:\\\/\\\/holms.com\\\/wp-content\\\/uploads\\\/2021\\\/01\\\/HOLMS_PMS.jpg\",\"contentUrl\":\"https:\\\/\\\/holms.com\\\/wp-content\\\/uploads\\\/2021\\\/01\\\/HOLMS_PMS.jpg\",\"width\":500,\"height\":201,\"caption\":\"Holms Attachments AB\"},\"image\":{\"@id\":\"https:\\\/\\\/holms.com\\\/#\\\/schema\\\/logo\\\/image\\\/\"},\"sameAs\":[\"https:\\\/\\\/www.facebook.com\\\/holmsattachments\",\"https:\\\/\\\/www.instagram.com\\\/holmsattachments\\\/\",\"https:\\\/\\\/www.youtube.com\\\/channel\\\/UCloCww_-sB-V_BFxqQdT5eQ\"]}]}<\/script>\n<!-- \/ Yoast SEO plugin. -->","yoast_head_json":{"title":"Vision och framtid - Holms","robots":{"index":"index","follow":"follow","max-snippet":"max-snippet:-1","max-image-preview":"max-image-preview:large","max-video-preview":"max-video-preview:-1"},"canonical":"https:\/\/holms.com\/en\/vision-och-framtid\/","og_locale":"en_US","og_type":"article","og_title":"Vision och framtid - Holms","og_description":"Vision och framtid \"Vi tillhandah\u00e5ller de b\u00e4sta m\u00f6jliga redskapen och supporten till hj\u00e4ltarna som h\u00e5ller v\u00e5ra v\u00e4gar och st\u00e4der rena och s\u00e4kra.\"Carl Gindahl CEO | Holms AttachmentsL\u00e5t oss ber\u00e4tta Hj\u00e4rtat till v\u00e5r existens har p\u00e5 n\u00e5got s\u00e4tt alltid varit att tillverka marknadens b\u00e4sta redskap med ett h\u00f6gt s\u00e4kerhetst\u00e4nkt. V\u00e5r produkt anv\u00e4nds i omr\u00e5den som st\u00e4ller [&hellip;]","og_url":"https:\/\/holms.com\/en\/vision-och-framtid\/","og_site_name":"Holms","article_publisher":"https:\/\/www.facebook.com\/holmsattachments","article_modified_time":"2023-06-27T08:30:09+00:00","twitter_card":"summary_large_image","twitter_misc":{"Est. reading time":"5 minutes"},"schema":{"@context":"https:\/\/schema.org","@graph":[{"@type":"WebPage","@id":"https:\/\/holms.com\/vision-och-framtid\/","url":"https:\/\/holms.com\/vision-och-framtid\/","name":"Vision och framtid - Holms","isPartOf":{"@id":"https:\/\/holms.com\/#website"},"datePublished":"2021-02-02T13:19:39+00:00","dateModified":"2023-06-27T08:30:09+00:00","breadcrumb":{"@id":"https:\/\/holms.com\/vision-och-framtid\/#breadcrumb"},"inLanguage":"en-US","potentialAction":[{"@type":"ReadAction","target":["https:\/\/holms.com\/vision-och-framtid\/"]}]},{"@type":"BreadcrumbList","@id":"https:\/\/holms.com\/vision-och-framtid\/#breadcrumb","itemListElement":[{"@type":"ListItem","position":1,"name":"Hem","item":"https:\/\/holms.com\/sv_se\/"},{"@type":"ListItem","position":2,"name":"Vision och framtid"}]},{"@type":"WebSite","@id":"https:\/\/holms.com\/#website","url":"https:\/\/holms.com\/","name":"Holms","description":"Renh\u00e5llning - Sn\u00f6r\u00f6jning - Halkbek\u00e4mpning","publisher":{"@id":"https:\/\/holms.com\/#organization"},"potentialAction":[{"@type":"SearchAction","target":{"@type":"EntryPoint","urlTemplate":"https:\/\/holms.com\/?s={search_term_string}"},"query-input":{"@type":"PropertyValueSpecification","valueRequired":true,"valueName":"search_term_string"}}],"inLanguage":"en-US"},{"@type":"Organization","@id":"https:\/\/holms.com\/#organization","name":"Holms Attachments AB","url":"https:\/\/holms.com\/","logo":{"@type":"ImageObject","inLanguage":"en-US","@id":"https:\/\/holms.com\/#\/schema\/logo\/image\/","url":"https:\/\/holms.com\/wp-content\/uploads\/2021\/01\/HOLMS_PMS.jpg","contentUrl":"https:\/\/holms.com\/wp-content\/uploads\/2021\/01\/HOLMS_PMS.jpg","width":500,"height":201,"caption":"Holms Attachments AB"},"image":{"@id":"https:\/\/holms.com\/#\/schema\/logo\/image\/"},"sameAs":["https:\/\/www.facebook.com\/holmsattachments","https:\/\/www.instagram.com\/holmsattachments\/","https:\/\/www.youtube.com\/channel\/UCloCww_-sB-V_BFxqQdT5eQ"]}]}},"_links":{"self":[{"href":"https:\/\/holms.com\/en\/wp-json\/wp\/v2\/pages\/1692","targetHints":{"allow":["GET"]}}],"collection":[{"href":"https:\/\/holms.com\/en\/wp-json\/wp\/v2\/pages"}],"about":[{"href":"https:\/\/holms.com\/en\/wp-json\/wp\/v2\/types\/page"}],"author":[{"embeddable":true,"href":"https:\/\/holms.com\/en\/wp-json\/wp\/v2\/users\/1"}],"replies":[{"embeddable":true,"href":"https:\/\/holms.com\/en\/wp-json\/wp\/v2\/comments?post=1692"}],"version-history":[{"count":3,"href":"https:\/\/holms.com\/en\/wp-json\/wp\/v2\/pages\/1692\/revisions"}],"predecessor-version":[{"id":9902,"href":"https:\/\/holms.com\/en\/wp-json\/wp\/v2\/pages\/1692\/revisions\/9902"}],"wp:attachment":[{"href":"https:\/\/holms.com\/en\/wp-json\/wp\/v2\/media?parent=1692"}],"curies":[{"name":"wp","href":"https:\/\/api.w.org\/{rel}","templated":true}]}}