
{"id":2588,"date":"2021-02-23T13:05:35","date_gmt":"2021-02-23T13:05:35","guid":{"rendered":"http:\/\/holms.kundzonen.se\/?page_id=2588"},"modified":"2025-02-04T05:53:00","modified_gmt":"2025-02-04T05:53:00","slug":"dataskyddspolicy","status":"publish","type":"page","link":"https:\/\/holms.com\/en\/dataskyddspolicy\/","title":{"rendered":"Data protection policy"},"content":{"rendered":"<p>[et_pb_section fb_built=&#8221;1&#8243; custom_padding_last_edited=&#8221;on|phone&#8221; next_background_color=&#8221;#ffffff&#8221; _builder_version=&#8221;4.16&#8243; _module_preset=&#8221;default&#8221; background_color=&#8221;#60269E&#8221; background_enable_image=&#8221;off&#8221; custom_padding=&#8221;61px||61px||false|false&#8221; custom_padding_tablet=&#8221;28px||28px||true|false&#8221; custom_padding_phone=&#8221;20px||20px||true|false&#8221; bottom_divider_style=&#8221;slant&#8221; bottom_divider_height=&#8221;49px&#8221; bottom_divider_flip=&#8221;horizontal&#8221; global_colors_info=&#8221;{}&#8221;][et_pb_row use_custom_gutter=&#8221;on&#8221; _builder_version=&#8221;4.16&#8243; _module_preset=&#8221;default&#8221; width=&#8221;100%&#8221; module_alignment=&#8221;center&#8221; global_colors_info=&#8221;{}&#8221;][et_pb_column type=&#8221;4_4&#8243; _builder_version=&#8221;4.16&#8243; _module_preset=&#8221;default&#8221; global_colors_info=&#8221;{}&#8221;][et_pb_image src=&#8221;https:\/\/holms.com\/wp-content\/uploads\/2021\/11\/dataskyddpolicy.png&#8221; alt=&#8221;Dataskyddspolicy Holms&#8221; title_text=&#8221;dataskyddpolicy&#8221; align=&#8221;right&#8221; _builder_version=&#8221;4.16&#8243; _module_preset=&#8221;default&#8221; width=&#8221;21%&#8221; width_tablet=&#8221;25%&#8221; width_phone=&#8221;34%&#8221; width_last_edited=&#8221;on|phone&#8221; custom_padding=&#8221;|60px|||false|false&#8221; filter_invert=&#8221;100%&#8221; animation_style=&#8221;fade&#8221; global_colors_info=&#8221;{}&#8221;][\/et_pb_image][\/et_pb_column][\/et_pb_row][\/et_pb_section][et_pb_section fb_built=&#8221;1&#8243; _builder_version=&#8221;4.16&#8243; _module_preset=&#8221;default&#8221; global_colors_info=&#8221;{}&#8221;][et_pb_row _builder_version=&#8221;4.16&#8243; _module_preset=&#8221;default&#8221; global_colors_info=&#8221;{}&#8221;][et_pb_column type=&#8221;4_4&#8243; _builder_version=&#8221;4.16&#8243; _module_preset=&#8221;default&#8221; global_colors_info=&#8221;{}&#8221;][et_pb_text _builder_version=&#8221;4.27.4&#8243; _module_preset=&#8221;default&#8221; width=&#8221;75%&#8221; width_tablet=&#8221;100%&#8221; width_phone=&#8221;100%&#8221; width_last_edited=&#8221;on|desktop&#8221; hover_enabled=&#8221;0&#8243; global_colors_info=&#8221;{}&#8221; sticky_enabled=&#8221;0&#8243;]<\/p>\n<h1><strong>Holms Attachments Dataskyddspolicy<\/strong><\/h1>\n<p><strong> <\/strong><\/p>\n<p><strong><\/strong>Holms Attachments v\u00e4rnar om din personliga integritet och \u00e4r h\u00e4ngivna till att skydda den data du v\u00e4ljer att anf\u00f6rtro oss. Vi anv\u00e4nder alltid dina personuppgifter p\u00e5 ett \u00e4rligt och f\u00f6rtroendefullt s\u00e4tt. Du kan alltid kontakta oss p\u00e5 Holms om du har fr\u00e5gor kring hur vi anv\u00e4nder informationen och vem vi delar den med. Vi p\u00e5 Holms Attachments kommer alltid vara transparenta ang\u00e5ende vilken information vi samlar in.<\/p>\n<p>N\u00e4r du kontaktar oss t.ex. f\u00f6r att k\u00f6pa en produkt eller en tj\u00e4nst av oss accepterar du v\u00e5r Dataskyddspolicy och v\u00e5r behandling av dina personuppgifter. Du godk\u00e4nner ocks\u00e5 att Holms Attachments AB anv\u00e4nder elektroniska kommunikationskanaler f\u00f6r att skicka information till dig. F\u00f6r att kunna erbjuda dig v\u00e5ra tj\u00e4nster och produkter, beh\u00f6ver vi behandla dina personuppgifter enligt v\u00e5r Dataskyddspolicy.<\/p>\n<p>Vi p\u00e5 Holms Attachments respekterar din integritet. Ibland ber vi om personuppgifter som samlas in direkt fr\u00e5n dig p\u00e5 denna webbplats, vilket kan inkludera f\u00f6r- och efternamn, adress, e-postadress och telefonnummer. Dessa uppgifter kan samlas in via ett formul\u00e4r, vid registrering, vid bokning eller n\u00e4r du kontaktar oss med fr\u00e5gor. Informationen anv\u00e4nds f\u00f6r att uppfylla dina f\u00f6rfr\u00e5gningar, s\u00e5som att skicka broschyrer via post, f\u00f6r att anv\u00e4nda s\u00e4rskilda funktioner p\u00e5 webbplatsen eller f\u00f6r att kontakta dig ang\u00e5ende din f\u00f6rfr\u00e5gan. Genom att frivilligt tillhandah\u00e5lla personuppgifter samtycker du till insamling och anv\u00e4ndning av dina personuppgifter i enlighet med villkoren i denna integritetspolicy.<\/p>\n<p>Du kan v\u00e4lja att inte anv\u00e4nda n\u00e5gon tj\u00e4nst som kr\u00e4ver att dina personuppgifter anv\u00e4nds p\u00e5 ett s\u00e4tt som inte beskrivs i denna integritetspolicy. Genom att anv\u00e4nda <a rel=\"noopener\" target=\"_new\" href=\"https:\/\/holms.com\/\"><span>https<\/span><span>:\/\/holms<\/span><span>.com\/<\/span><\/a> eller andra online-tj\u00e4nster fr\u00e5n Holms Attachments anses du ha samtyckt till anv\u00e4ndningen av dina personuppgifter p\u00e5 det s\u00e4tt som beskrivs h\u00e4r.<\/p>\n<p><strong>Viktig information innan du l\u00e4ser vidare<\/strong><strong><br \/><\/strong>Du har r\u00e4tt att beg\u00e4ra ett utdrag \u00f6ver den information Holms Attachments AB har om dig och Holms Attachments AB \u00e4r skyldiga att r\u00e4tta felaktiga, ofullst\u00e4ndiga eller missvisande uppgifter. Vid beg\u00e4ran m\u00e5ste du ange de uppgifter du vill matcha mot (namn, personnummer, IP-nummer (lagras ej) etc), samt styrka din identitet f\u00f6r att s\u00e4kerst\u00e4lla att inga personuppgifter l\u00e4mnas ut p\u00e5 falsk grund eller till fel mottagare. Om du t ex kommunicerar via pseudonym eller e-post m\u00e5ste du bevisa att du \u00e4r denna pseudonym och att ditt eventuella pseudonymkonto inte hackats eller kontrolleras av n\u00e5gon tredje part. Beg\u00e4ran kan d\u00e4rf\u00f6r ej l\u00e4mnas ut elektroniskt d\u00e5 e-postadress eller motsvarande kan vara falsk eller hackad och du m\u00e5ste bevisa att du representerar en specifik avs\u00e4ndare. F\u00f6r Holms Attachments AB \u00e4r dina personuppgifter viktiga och det \u00e4r av st\u00f6rsta vikt att inte tredje part falskeligen kan f\u00e5 del av dessa via en falsk beg\u00e4ran. Skicka d\u00e4rf\u00f6r in din beg\u00e4ran skriftligt signerat av notarius publicus eller vidimerat av tv\u00e5 externa personer 18 \u00e5r eller \u00e4ldre ej tillh\u00f6rande ditt hush\u00e5ll (=folkbokf\u00f6rda p\u00e5 samma adress), inklusive fotokopior p\u00e5 din egen och vidimerade personers legitimation komplett med personnummer. Vidimerade personer kan komma att kontaktas f\u00f6r bekr\u00e4ftelse och dessas kontaktuppgifter och personnummer m\u00e5ste anges. Beg\u00e4rd information kommer skickas till officiell folkbokf\u00f6ringsadress om uppgifter finns. F\u00f6r att kunna bekr\u00e4fta officiell folkbokf\u00f6ringsadress m\u00e5ste du ange ditt personnummer. De beg\u00e4rda uppgifterna kan komma att skickas som rekommenderad post f\u00f6r att mot uppvisande av legitimation l\u00e4mnas ut hos adressens postombud. Den skriftliga beg\u00e4ran och den p\u00e5 papper utl\u00e4mnade informationen kommer sparas p\u00e5 papper i \u00e5tta \u00e5r f\u00f6r att vid tvist bevisa att beg\u00e4ran kommit in, besvarats samt vad som l\u00e4mnats ut. Skriftlig beg\u00e4ran med vidimering eller underskrift av notarius publicus skickas till:\u00a0 Box 924, 59129 Motala<br \/><em>(Text inh\u00e4mtad med tillst\u00e5nd fr\u00e5n\u00a0<a href=\"https:\/\/cornucopia.cornubot.se\/2018\/05\/nar-kommer-forsta-falska-begaran-om.html\">Cornucopia<\/a>)<\/em><\/p>\n<p><strong>Allm\u00e4nna integritetsvillkor f\u00f6r <a href=\"http:\/\/holms.com\/\">Holms.com<\/a><\/strong><br \/>Du kan anv\u00e4nda <a href=\"http:\/\/holms.com\/\">Holms.com<\/a> utan att avsl\u00f6ja din identitet. Om du registrerar dig f\u00f6r n\u00e5gon av v\u00e5ra tj\u00e4nster eller kontaktar oss via formul\u00e4r kommer vi spara den information du delger till oss f\u00f6r att kunna uppr\u00e4tth\u00e5lla och f\u00f6rb\u00e4ttra v\u00e5ra tj\u00e4nster. All data du l\u00e4mnar ifr\u00e5n dig online som vi registrerar och sparar behandlas inom EU\/EES. Holms Attachments vidtar alla rimliga legala, tekniska och organisatoriska \u00e5tg\u00e4rder f\u00f6r att s\u00e4kerst\u00e4lla att all data hanteras s\u00e4kert och med en adekvat skyddsniv\u00e5. V\u00e5r dataskyddspolicy g\u00e4ller \u00e4ven information som du delat med oss genom samtal, m\u00f6ten eller andra typer av kommunikation som inte skett p\u00e5 v\u00e5r digitala webbplats.<\/p>\n<p>N\u00e4r du bes\u00f6ker <a href=\"http:\/\/holms.com\/\">Holms.com<\/a> \u00f6verf\u00f6r din webbl\u00e4sare automatiskt viss typ av data till v\u00e5r webbserver som sedan lagras i loggfiler.<br \/>Det \u00e4r \u00e5tkomstdatum, operativsystem, IP-adress, spr\u00e5kinst\u00e4llningar, \u00e5tkomsttid, tidszon, webbl\u00e4sare och geografisk position.<br \/>Den h\u00e4r informationen inneh\u00e5ller ingen data som kan identifiera dig som person. Informationen \u00e4r endast till f\u00f6r att tillhandah\u00e5lla, f\u00f6rb\u00e4ttra och utveckla v\u00e5ra tj\u00e4nster och webbplats med dess funktioner.<\/p>\n<p>Holms Attachments ber\u00e4ttigande intresse att hantera f\u00f6retagets webbplats enligt god aff\u00e4rssed och att kunna underh\u00e5lla webbplatsens funktioner och tj\u00e4nster, st\u00e5r som r\u00e4ttslig grund f\u00f6r att behandla dina personuppgifter.<\/p>\n<p><strong>Tredje man<\/strong><br \/>Vi kan, f\u00f6r att kunna utf\u00f6ra v\u00e5ra \u00e5taganden gentemot v\u00e5ra kunder och \u00f6vriga intressenter, komma att \u00f6verf\u00f6ra till, eller dela informationen med tredje man s\u00e5som leverant\u00f6rer eller underleverant\u00f6rer, auktoriserade \u00e5terf\u00f6rs\u00e4ljare och distribut\u00f6rer eller serviceleverant\u00f6rer. Vid \u00f6verf\u00f6ring eller delning med tredje man vidtas rimliga legala, tekniska och organisatoriska \u00e5tg\u00e4rder f\u00f6r att s\u00e4kerst\u00e4lla att uppgifterna hanteras s\u00e4kert.<\/p>\n<p><strong><em>Holms Attachments kommer inte s\u00e4lja insamlad information och data till tredje man.<\/em><\/strong><\/p>\n<p><strong>Myndigheter<\/strong><br \/>Vi kan komma att l\u00e4mna n\u00f6dv\u00e4ndig information till ber\u00f6rda myndigheter om vi \u00e4r skyldiga att g\u00f6ra det enligt lag eller om du har godk\u00e4nt att vi g\u00f6r det.<\/p>\n<p><strong>Lagring<br \/><\/strong>Vi sparar data s\u00e5 l\u00e4nge som det \u00e4r n\u00f6dv\u00e4ndigt f\u00f6r att uppfylla det syfte f\u00f6r vilket informationen samlades in, eller f\u00f6r att utf\u00f6ra v\u00e5ra \u00e5taganden och s\u00e5 l\u00e4nge det kr\u00e4vs enligt lagstadgade lagringstider, s\u00e4rskilt vad g\u00e4ller redovisningskrav.<br \/>Som en del av v\u00e5r policy kommer din e-postadress och telefonnummer inte att s\u00e4ljas, hyras ut eller delas med n\u00e5got annat f\u00f6retag eller organisation. Anv\u00e4ndare som har valt att ta emot kommunikation fr\u00e5n oss genom att klicka p\u00e5 n\u00e5gon av v\u00e5ra e-postf\u00f6rfr\u00e5gningsknappar kan fr\u00e5n tid till annan f\u00e5 uppdateringar om nya funktioner p\u00e5 webbplatsen, tj\u00e4nster och annan information relaterad till Holms Attachments, Inc. Om du vill bli borttagen fr\u00e5n v\u00e5ra nyhetsbrevslistor, klicka p\u00e5 avregistreringsl\u00e4nken. Om du tillhandah\u00e5ller ditt telefonnummer samtycker du till att ta emot SMS fr\u00e5n Holms Attachments ang\u00e5ende din kontaktf\u00f6rfr\u00e5gan och kan n\u00e4r som helst avregistrera dig genom att svara med &#8221;STOP&#8221;. Ingen mobilinformation kommer att delas med tredje part\/partners f\u00f6r marknadsf\u00f6rings- eller reklamsyften. Alla andra kategorier exkluderar data f\u00f6r SMS-samtycke och opt-in-information; denna information kommer inte att delas med n\u00e5gon tredje part.<\/p>\n<p><strong>Dina r\u00e4ttigheter<br \/><\/strong>Du har r\u00e4tt att beg\u00e4ra en kopia av de uppgifter Holms Attachments har om dig och verifiera den information vi har om dig.<br \/>Du har r\u00e4tt att korrigera felaktig eller icke-komplett information om dig sj\u00e4lv.<br \/>Du har r\u00e4tt att beg\u00e4ra radering av dina personuppgifter f\u00f6r de fall d\u00e5 informationen inte l\u00e4ngre \u00e4r n\u00f6dv\u00e4ndig f\u00f6r det syfte den blev insamlad.<br \/>Det kan dock finnas legala skyldigheter som hindrar oss fr\u00e5n att omedelbart radera delar av informationen. Dessa skyldigheter kan komma fr\u00e5n bokf\u00f6rings- och skattelagstiftning. Vad vi d\u00e5 g\u00f6r \u00e4r att blockera den data som vi \u00e4r skyldiga att spara, fr\u00e5n att kunna anv\u00e4ndas till andra syften \u00e4n att uppfylla s\u00e5dana legala skyldigheter.\u00a0<br \/><strong><br \/><\/strong><br \/><strong>Cookies<\/strong><br \/>Holms Attachments anv\u00e4nder sig av cookies och liknande tekniker f\u00f6r att samla in data kring bes\u00f6karens anv\u00e4ndning s\u00e5 vi kan utveckla och tillhandah\u00e5lla en anv\u00e4ndarv\u00e4nlig webbplats.<br \/><span style=\"text-decoration: underline;\"><a href=\"https:\/\/holms.com\/policy-for-cookies\/\">L\u00e4s mer om v\u00e5r policy f\u00f6r cookies, h\u00e4r.<\/a><\/span><\/p>\n<p>November 2021<\/p>\n<p>[\/et_pb_text][\/et_pb_column][\/et_pb_row][\/et_pb_section]<\/p>\n","protected":false},"excerpt":{"rendered":"<p>Holms Attachments Dataskyddspolicy Holms Attachments v\u00e4rnar om din personliga integritet och \u00e4r h\u00e4ngivna till att skydda den data du v\u00e4ljer att anf\u00f6rtro oss. Vi anv\u00e4nder alltid dina personuppgifter p\u00e5 ett \u00e4rligt och f\u00f6rtroendefullt s\u00e4tt. Du kan alltid kontakta oss p\u00e5 Holms om du har fr\u00e5gor kring hur vi anv\u00e4nder informationen och vem vi delar den [&hellip;]<\/p>\n","protected":false},"author":1,"featured_media":0,"parent":0,"menu_order":0,"comment_status":"closed","ping_status":"closed","template":"","meta":{"_acf_changed":false,"_et_pb_use_builder":"on","_et_pb_old_content":"","_et_gb_content_width":"","footnotes":""},"class_list":["post-2588","page","type-page","status-publish","hentry"],"acf":[],"yoast_head":"<!-- This site is optimized with the Yoast SEO plugin v27.3 - https:\/\/yoast.com\/product\/yoast-seo-wordpress\/ -->\n<title>Dataskyddspolicy - Holms<\/title>\n<meta name=\"robots\" content=\"index, follow, max-snippet:-1, max-image-preview:large, max-video-preview:-1\" \/>\n<link rel=\"canonical\" href=\"https:\/\/holms.com\/en\/dataskyddspolicy\/\" \/>\n<meta property=\"og:locale\" content=\"en_US\" \/>\n<meta property=\"og:type\" content=\"article\" \/>\n<meta property=\"og:title\" content=\"Dataskyddspolicy - Holms\" \/>\n<meta property=\"og:description\" content=\"Holms Attachments Dataskyddspolicy Holms Attachments v\u00e4rnar om din personliga integritet och \u00e4r h\u00e4ngivna till att skydda den data du v\u00e4ljer att anf\u00f6rtro oss. Vi anv\u00e4nder alltid dina personuppgifter p\u00e5 ett \u00e4rligt och f\u00f6rtroendefullt s\u00e4tt. Du kan alltid kontakta oss p\u00e5 Holms om du har fr\u00e5gor kring hur vi anv\u00e4nder informationen och vem vi delar den [&hellip;]\" \/>\n<meta property=\"og:url\" content=\"https:\/\/holms.com\/en\/dataskyddspolicy\/\" \/>\n<meta property=\"og:site_name\" content=\"Holms\" \/>\n<meta property=\"article:publisher\" content=\"https:\/\/www.facebook.com\/holmsattachments\" \/>\n<meta property=\"article:modified_time\" content=\"2025-02-04T05:53:00+00:00\" \/>\n<meta name=\"twitter:card\" content=\"summary_large_image\" \/>\n<meta name=\"twitter:label1\" content=\"Est. reading time\" \/>\n\t<meta name=\"twitter:data1\" content=\"8 minutes\" \/>\n<script type=\"application\/ld+json\" class=\"yoast-schema-graph\">{\"@context\":\"https:\\\/\\\/schema.org\",\"@graph\":[{\"@type\":\"WebPage\",\"@id\":\"https:\\\/\\\/holms.com\\\/dataskyddspolicy\\\/\",\"url\":\"https:\\\/\\\/holms.com\\\/dataskyddspolicy\\\/\",\"name\":\"Dataskyddspolicy - Holms\",\"isPartOf\":{\"@id\":\"https:\\\/\\\/holms.com\\\/#website\"},\"datePublished\":\"2021-02-23T13:05:35+00:00\",\"dateModified\":\"2025-02-04T05:53:00+00:00\",\"breadcrumb\":{\"@id\":\"https:\\\/\\\/holms.com\\\/dataskyddspolicy\\\/#breadcrumb\"},\"inLanguage\":\"en-US\",\"potentialAction\":[{\"@type\":\"ReadAction\",\"target\":[\"https:\\\/\\\/holms.com\\\/dataskyddspolicy\\\/\"]}]},{\"@type\":\"BreadcrumbList\",\"@id\":\"https:\\\/\\\/holms.com\\\/dataskyddspolicy\\\/#breadcrumb\",\"itemListElement\":[{\"@type\":\"ListItem\",\"position\":1,\"name\":\"Hem\",\"item\":\"https:\\\/\\\/holms.com\\\/sv_se\\\/\"},{\"@type\":\"ListItem\",\"position\":2,\"name\":\"Dataskyddspolicy\"}]},{\"@type\":\"WebSite\",\"@id\":\"https:\\\/\\\/holms.com\\\/#website\",\"url\":\"https:\\\/\\\/holms.com\\\/\",\"name\":\"Holms\",\"description\":\"Renh\u00e5llning - Sn\u00f6r\u00f6jning - Halkbek\u00e4mpning\",\"publisher\":{\"@id\":\"https:\\\/\\\/holms.com\\\/#organization\"},\"potentialAction\":[{\"@type\":\"SearchAction\",\"target\":{\"@type\":\"EntryPoint\",\"urlTemplate\":\"https:\\\/\\\/holms.com\\\/?s={search_term_string}\"},\"query-input\":{\"@type\":\"PropertyValueSpecification\",\"valueRequired\":true,\"valueName\":\"search_term_string\"}}],\"inLanguage\":\"en-US\"},{\"@type\":\"Organization\",\"@id\":\"https:\\\/\\\/holms.com\\\/#organization\",\"name\":\"Holms Attachments AB\",\"url\":\"https:\\\/\\\/holms.com\\\/\",\"logo\":{\"@type\":\"ImageObject\",\"inLanguage\":\"en-US\",\"@id\":\"https:\\\/\\\/holms.com\\\/#\\\/schema\\\/logo\\\/image\\\/\",\"url\":\"https:\\\/\\\/holms.com\\\/wp-content\\\/uploads\\\/2021\\\/01\\\/HOLMS_PMS.jpg\",\"contentUrl\":\"https:\\\/\\\/holms.com\\\/wp-content\\\/uploads\\\/2021\\\/01\\\/HOLMS_PMS.jpg\",\"width\":500,\"height\":201,\"caption\":\"Holms Attachments AB\"},\"image\":{\"@id\":\"https:\\\/\\\/holms.com\\\/#\\\/schema\\\/logo\\\/image\\\/\"},\"sameAs\":[\"https:\\\/\\\/www.facebook.com\\\/holmsattachments\",\"https:\\\/\\\/www.instagram.com\\\/holmsattachments\\\/\",\"https:\\\/\\\/www.youtube.com\\\/channel\\\/UCloCww_-sB-V_BFxqQdT5eQ\"]}]}<\/script>\n<!-- \/ Yoast SEO plugin. -->","yoast_head_json":{"title":"Dataskyddspolicy - Holms","robots":{"index":"index","follow":"follow","max-snippet":"max-snippet:-1","max-image-preview":"max-image-preview:large","max-video-preview":"max-video-preview:-1"},"canonical":"https:\/\/holms.com\/en\/dataskyddspolicy\/","og_locale":"en_US","og_type":"article","og_title":"Dataskyddspolicy - Holms","og_description":"Holms Attachments Dataskyddspolicy Holms Attachments v\u00e4rnar om din personliga integritet och \u00e4r h\u00e4ngivna till att skydda den data du v\u00e4ljer att anf\u00f6rtro oss. Vi anv\u00e4nder alltid dina personuppgifter p\u00e5 ett \u00e4rligt och f\u00f6rtroendefullt s\u00e4tt. Du kan alltid kontakta oss p\u00e5 Holms om du har fr\u00e5gor kring hur vi anv\u00e4nder informationen och vem vi delar den [&hellip;]","og_url":"https:\/\/holms.com\/en\/dataskyddspolicy\/","og_site_name":"Holms","article_publisher":"https:\/\/www.facebook.com\/holmsattachments","article_modified_time":"2025-02-04T05:53:00+00:00","twitter_card":"summary_large_image","twitter_misc":{"Est. reading time":"8 minutes"},"schema":{"@context":"https:\/\/schema.org","@graph":[{"@type":"WebPage","@id":"https:\/\/holms.com\/dataskyddspolicy\/","url":"https:\/\/holms.com\/dataskyddspolicy\/","name":"Dataskyddspolicy - Holms","isPartOf":{"@id":"https:\/\/holms.com\/#website"},"datePublished":"2021-02-23T13:05:35+00:00","dateModified":"2025-02-04T05:53:00+00:00","breadcrumb":{"@id":"https:\/\/holms.com\/dataskyddspolicy\/#breadcrumb"},"inLanguage":"en-US","potentialAction":[{"@type":"ReadAction","target":["https:\/\/holms.com\/dataskyddspolicy\/"]}]},{"@type":"BreadcrumbList","@id":"https:\/\/holms.com\/dataskyddspolicy\/#breadcrumb","itemListElement":[{"@type":"ListItem","position":1,"name":"Hem","item":"https:\/\/holms.com\/sv_se\/"},{"@type":"ListItem","position":2,"name":"Dataskyddspolicy"}]},{"@type":"WebSite","@id":"https:\/\/holms.com\/#website","url":"https:\/\/holms.com\/","name":"Holms","description":"Renh\u00e5llning - Sn\u00f6r\u00f6jning - Halkbek\u00e4mpning","publisher":{"@id":"https:\/\/holms.com\/#organization"},"potentialAction":[{"@type":"SearchAction","target":{"@type":"EntryPoint","urlTemplate":"https:\/\/holms.com\/?s={search_term_string}"},"query-input":{"@type":"PropertyValueSpecification","valueRequired":true,"valueName":"search_term_string"}}],"inLanguage":"en-US"},{"@type":"Organization","@id":"https:\/\/holms.com\/#organization","name":"Holms Attachments AB","url":"https:\/\/holms.com\/","logo":{"@type":"ImageObject","inLanguage":"en-US","@id":"https:\/\/holms.com\/#\/schema\/logo\/image\/","url":"https:\/\/holms.com\/wp-content\/uploads\/2021\/01\/HOLMS_PMS.jpg","contentUrl":"https:\/\/holms.com\/wp-content\/uploads\/2021\/01\/HOLMS_PMS.jpg","width":500,"height":201,"caption":"Holms Attachments AB"},"image":{"@id":"https:\/\/holms.com\/#\/schema\/logo\/image\/"},"sameAs":["https:\/\/www.facebook.com\/holmsattachments","https:\/\/www.instagram.com\/holmsattachments\/","https:\/\/www.youtube.com\/channel\/UCloCww_-sB-V_BFxqQdT5eQ"]}]}},"_links":{"self":[{"href":"https:\/\/holms.com\/en\/wp-json\/wp\/v2\/pages\/2588","targetHints":{"allow":["GET"]}}],"collection":[{"href":"https:\/\/holms.com\/en\/wp-json\/wp\/v2\/pages"}],"about":[{"href":"https:\/\/holms.com\/en\/wp-json\/wp\/v2\/types\/page"}],"author":[{"embeddable":true,"href":"https:\/\/holms.com\/en\/wp-json\/wp\/v2\/users\/1"}],"replies":[{"embeddable":true,"href":"https:\/\/holms.com\/en\/wp-json\/wp\/v2\/comments?post=2588"}],"version-history":[{"count":1,"href":"https:\/\/holms.com\/en\/wp-json\/wp\/v2\/pages\/2588\/revisions"}],"predecessor-version":[{"id":11041,"href":"https:\/\/holms.com\/en\/wp-json\/wp\/v2\/pages\/2588\/revisions\/11041"}],"wp:attachment":[{"href":"https:\/\/holms.com\/en\/wp-json\/wp\/v2\/media?parent=2588"}],"curies":[{"name":"wp","href":"https:\/\/api.w.org\/{rel}","templated":true}]}}