
{"id":6502,"date":"2021-11-08T07:50:01","date_gmt":"2021-11-08T07:50:01","guid":{"rendered":"https:\/\/holms.com\/?page_id=6502"},"modified":"2022-10-11T12:29:29","modified_gmt":"2022-10-11T12:29:29","slug":"policy-for-cookies","status":"publish","type":"page","link":"https:\/\/holms.com\/en\/policy-for-cookies\/","title":{"rendered":"Cookie declaration"},"content":{"rendered":"<p>[et_pb_section fb_built=&#8221;1&#8243; custom_padding_last_edited=&#8221;on|phone&#8221; next_background_color=&#8221;#ffffff&#8221; _builder_version=&#8221;4.16&#8243; _module_preset=&#8221;default&#8221; background_color=&#8221;#60269E&#8221; background_enable_image=&#8221;off&#8221; custom_padding=&#8221;61px||61px||false|false&#8221; custom_padding_tablet=&#8221;28px||28px||true|false&#8221; custom_padding_phone=&#8221;20px||20px||true|false&#8221; bottom_divider_style=&#8221;slant&#8221; bottom_divider_height=&#8221;49px&#8221; bottom_divider_flip=&#8221;horizontal&#8221; global_colors_info=&#8221;{}&#8221;][et_pb_row use_custom_gutter=&#8221;on&#8221; _builder_version=&#8221;4.16&#8243; _module_preset=&#8221;default&#8221; width=&#8221;100%&#8221; module_alignment=&#8221;center&#8221; global_colors_info=&#8221;{}&#8221;][et_pb_column type=&#8221;4_4&#8243; _builder_version=&#8221;4.16&#8243; _module_preset=&#8221;default&#8221; global_colors_info=&#8221;{}&#8221;][et_pb_image src=&#8221;https:\/\/holms.com\/wp-content\/uploads\/2021\/11\/cookie-150&#215;150.png&#8221; alt=&#8221;Holms cookie policy&#8221; title_text=&#8221;cookie icon&#8221; align=&#8221;right&#8221; _builder_version=&#8221;4.16&#8243; _module_preset=&#8221;default&#8221; width=&#8221;50%&#8221; width_tablet=&#8221;25%&#8221; width_phone=&#8221;34%&#8221; width_last_edited=&#8221;on|phone&#8221; custom_padding=&#8221;|60px|||false|false&#8221; filter_invert=&#8221;100%&#8221; animation_style=&#8221;fade&#8221; global_colors_info=&#8221;{}&#8221;][\/et_pb_image][\/et_pb_column][\/et_pb_row][\/et_pb_section][et_pb_section fb_built=&#8221;1&#8243; _builder_version=&#8221;4.16&#8243; _module_preset=&#8221;default&#8221; global_colors_info=&#8221;{}&#8221;][et_pb_row column_structure=&#8221;3_4,1_4&#8243; _builder_version=&#8221;4.16&#8243; _module_preset=&#8221;default&#8221; global_colors_info=&#8221;{}&#8221;][et_pb_column type=&#8221;3_4&#8243; _builder_version=&#8221;4.16&#8243; _module_preset=&#8221;default&#8221; global_colors_info=&#8221;{}&#8221;][et_pb_text _builder_version=&#8221;4.16&#8243; _module_preset=&#8221;default&#8221; custom_padding=&#8221;||0px|||&#8221; global_colors_info=&#8221;{}&#8221;]<\/p>\n<h1>Policy f\u00f6r cookies<\/h1>\n<p>Holms Attachments AB anv\u00e4nder sig av cookies f\u00f6r att f\u00f6rb\u00e4ttra din upplevelse av webbplatsen och anpassa den efter dina behov och preferenser. Nedan f\u00f6ljer information och vilka typer av cookies vi anv\u00e4nder p\u00e5 webbplatsen och hur du kan \u00e4ndra dina inst\u00e4llningar f\u00f6r hanteringen av v\u00e5ra cookies.<\/p>\n<p>P\u00e5 v\u00e5r webbplats har du som bes\u00f6kare m\u00f6jligheten att samtycka till anv\u00e4ndandet av alla v\u00e5ra cookies eller enbart de cookies som \u00e4r n\u00f6dv\u00e4ndiga f\u00f6r sidans funktionalitet och utf\u00f6rande. Du kan ocks\u00e5 konfigurera sj\u00e4lv vilka olika typer av cookies du vill ska vara aktiva under ditt bes\u00f6k p\u00e5 Holms Attachments AB, bortsett fr\u00e5n de absolut n\u00f6dv\u00e4ndiga cookies.<br \/>Du kan n\u00e4r som helst \u00e5terkalla ditt samtycke av anv\u00e4ndandet av cookies p\u00e5 denna webbplats genom att \u00e4ndra inst\u00e4llningar f\u00f6r cookies i din webbl\u00e4sare. I din webbl\u00e4sare kan du bland annat v\u00e4lja att blockera alla cookies, endast acceptera f\u00f6rstapartscookies, eller radera cookies n\u00e4r du st\u00e4nger ner din webbl\u00e4sare. T\u00e4nk p\u00e5 att vissa tj\u00e4nster kanske inte fungerar om du blockerar eller raderar cookies.<\/p>\n<h3>Om cookies<\/h3>\n<p>Cookies \u00e4r sm\u00e5 textfiler som webbplatser lagrar p\u00e5 anv\u00e4ndarens dator eller mobila enhet f\u00f6r att f\u00f6rb\u00e4ttra upplevelsen av webbplatsen och de tj\u00e4nster som webbplatsen erbjuder. De cookies vi anv\u00e4nder f\u00f6rb\u00e4ttrar normalt sett de tj\u00e4nster vi erbjuder dig. N\u00e5gra beh\u00f6ver cookies f\u00f6r att fungera och andra f\u00f6rb\u00e4ttrar funktionalitet f\u00f6r v\u00e5ra tj\u00e4nster.<br \/>L\u00e4s mer om de olika typerna av cookies nedan.<\/p>\n<h3>Tempor\u00e4ra cookies<\/h3>\n<p>En tempor\u00e4r cookie eller sessionscookie lagras tempor\u00e4rt p\u00e5 din mobila enhet eller dator vid varje bes\u00f6k p\u00e5 webbplatsen. De tas bort direkt n\u00e4r du st\u00e4nger ned webbsidan.<\/p>\n<h3>Varaktiga cookies<\/h3>\n<p>En varaktig cookies finns kvar \u00e4ven n\u00e4r webbl\u00e4saren \u00e4r st\u00e4ngd p\u00e5 din mobila enhet eller dator. De anv\u00e4nds f\u00f6r att webbplatsen ska k\u00e4nna igen din webbl\u00e4sare och komma ih\u00e5g ditt senaste bes\u00f6k. Efter en tid viss raderas \u00e4ven en varaktig cookie.<br \/><em><\/em><\/p>\n<h3>Dom\u00e4ncookies<\/h3>\n<p>Dessa cookies skapas av webbplatsen som du bes\u00f6ker och kan endast l\u00e4sas av den webbsidan.<\/p>\n<h3>Tredjepartscookies<\/h3>\n<p>Tredjepartscookies lagras av en tredjepart i syfte att vidarebefordra viss information om ditt bes\u00f6k p\u00e5 webbplatsen till denna tredje part.<\/p>\n<h3>N\u00f6dv\u00e4ndiga cookies<\/h3>\n<p>F\u00f6r att webbplatsen ska fungera korrekt finns det vissa cookies som \u00e4r absolut n\u00f6dv\u00e4ndiga f\u00f6r funktion och utseende. Kan lagras p\u00e5 en mobil enhet eller dator utan anv\u00e4ndarens samtycke. Om dessa cookies blockeras kommer webbplatsen och vissa av dess komponenter inte att fungera korrekt.<\/p>\n<h3>Funktionalitetscookies<\/h3>\n<p>Cookies som f\u00e5r vissa funktioner att fungera smidigt och f\u00f6rb\u00e4ttrar din anv\u00e4ndning av webbplatsen.<\/p>\n<h3>Analyscookies<\/h3>\n<p>Dessa cookies samlar in information om hur anv\u00e4ndarna navigerar p\u00e5 och anv\u00e4nder webbplatsen i syfte att f\u00f6rb\u00e4ttra webbsidan och dess funktioner.<\/p>\n<h3>Annonscookies<\/h3>\n<p>F\u00f6r att kunna anpassa annonser efter anv\u00e4ndarens intressen s\u00e5 samlar annonscookies in information kring hur anv\u00e4ndarna anv\u00e4nder webbplatsen.<\/p>\n<p>Webbplatser med inb\u00e4ddade element kan inneh\u00e5lla andra of\u00f6rutsedda cookies. Med inb\u00e4ddade element r\u00e4knas texter, dokument, bilder eller videoklipp som lagras hos tredjepart men visas p\u00e5 eller via v\u00e5r webbplats.<\/p>\n<p>Vid ytterligare funderingar kring anv\u00e4ndandet av cookies p\u00e5 v\u00e5r webbplats kontakta<br \/><a href=\"mailto:info@holms.com\">info@holms.com<\/a>.<\/p>\n<p>&nbsp;<\/p>\n<p>November 2021<\/p>\n<p>[\/et_pb_text][et_pb_text _builder_version=&#8221;4.18.0&#8243; _module_preset=&#8221;default&#8221; hover_enabled=&#8221;0&#8243; sticky_enabled=&#8221;0&#8243;]<\/p>\n<p><code>[cookie_settings]<\/code><\/p>\n<p>[\/et_pb_text][\/et_pb_column][et_pb_column type=&#8221;1_4&#8243; _builder_version=&#8221;4.16&#8243; _module_preset=&#8221;default&#8221; global_colors_info=&#8221;{}&#8221;][et_pb_sidebar _builder_version=&#8221;4.16&#8243; _module_preset=&#8221;default&#8221; global_colors_info=&#8221;{}&#8221;][\/et_pb_sidebar][\/et_pb_column][\/et_pb_row][\/et_pb_section]<\/p>\n","protected":false},"excerpt":{"rendered":"<p>Policy f\u00f6r cookies Holms Attachments AB anv\u00e4nder sig av cookies f\u00f6r att f\u00f6rb\u00e4ttra din upplevelse av webbplatsen och anpassa den efter dina behov och preferenser. Nedan f\u00f6ljer information och vilka typer av cookies vi anv\u00e4nder p\u00e5 webbplatsen och hur du kan \u00e4ndra dina inst\u00e4llningar f\u00f6r hanteringen av v\u00e5ra cookies. P\u00e5 v\u00e5r webbplats har du som [&hellip;]<\/p>\n","protected":false},"author":6,"featured_media":0,"parent":0,"menu_order":0,"comment_status":"closed","ping_status":"closed","template":"","meta":{"_acf_changed":false,"_et_pb_use_builder":"on","_et_pb_old_content":"<!-- wp:divi\/placeholder \/-->","_et_gb_content_width":"","footnotes":""},"class_list":["post-6502","page","type-page","status-publish","hentry"],"acf":[],"yoast_head":"<!-- This site is optimized with the Yoast SEO plugin v27.3 - https:\/\/yoast.com\/product\/yoast-seo-wordpress\/ -->\n<title>Policy f\u00f6r cookies - Holms<\/title>\n<meta name=\"robots\" content=\"index, follow, max-snippet:-1, max-image-preview:large, max-video-preview:-1\" \/>\n<link rel=\"canonical\" href=\"https:\/\/holms.com\/en\/policy-for-cookies\/\" \/>\n<meta property=\"og:locale\" content=\"en_US\" \/>\n<meta property=\"og:type\" content=\"article\" \/>\n<meta property=\"og:title\" content=\"Policy f\u00f6r cookies - Holms\" \/>\n<meta property=\"og:description\" content=\"Policy f\u00f6r cookies Holms Attachments AB anv\u00e4nder sig av cookies f\u00f6r att f\u00f6rb\u00e4ttra din upplevelse av webbplatsen och anpassa den efter dina behov och preferenser. Nedan f\u00f6ljer information och vilka typer av cookies vi anv\u00e4nder p\u00e5 webbplatsen och hur du kan \u00e4ndra dina inst\u00e4llningar f\u00f6r hanteringen av v\u00e5ra cookies. P\u00e5 v\u00e5r webbplats har du som [&hellip;]\" \/>\n<meta property=\"og:url\" content=\"https:\/\/holms.com\/en\/policy-for-cookies\/\" \/>\n<meta property=\"og:site_name\" content=\"Holms\" \/>\n<meta property=\"article:publisher\" content=\"https:\/\/www.facebook.com\/holmsattachments\" \/>\n<meta property=\"article:modified_time\" content=\"2022-10-11T12:29:29+00:00\" \/>\n<meta name=\"twitter:card\" content=\"summary_large_image\" \/>\n<script type=\"application\/ld+json\" class=\"yoast-schema-graph\">{\"@context\":\"https:\\\/\\\/schema.org\",\"@graph\":[{\"@type\":\"WebPage\",\"@id\":\"https:\\\/\\\/holms.com\\\/policy-for-cookies\\\/\",\"url\":\"https:\\\/\\\/holms.com\\\/policy-for-cookies\\\/\",\"name\":\"Policy f\u00f6r cookies - Holms\",\"isPartOf\":{\"@id\":\"https:\\\/\\\/holms.com\\\/#website\"},\"datePublished\":\"2021-11-08T07:50:01+00:00\",\"dateModified\":\"2022-10-11T12:29:29+00:00\",\"breadcrumb\":{\"@id\":\"https:\\\/\\\/holms.com\\\/policy-for-cookies\\\/#breadcrumb\"},\"inLanguage\":\"en-US\",\"potentialAction\":[{\"@type\":\"ReadAction\",\"target\":[\"https:\\\/\\\/holms.com\\\/policy-for-cookies\\\/\"]}]},{\"@type\":\"BreadcrumbList\",\"@id\":\"https:\\\/\\\/holms.com\\\/policy-for-cookies\\\/#breadcrumb\",\"itemListElement\":[{\"@type\":\"ListItem\",\"position\":1,\"name\":\"Hem\",\"item\":\"https:\\\/\\\/holms.com\\\/sv_se\\\/\"},{\"@type\":\"ListItem\",\"position\":2,\"name\":\"Policy f\u00f6r cookies\"}]},{\"@type\":\"WebSite\",\"@id\":\"https:\\\/\\\/holms.com\\\/#website\",\"url\":\"https:\\\/\\\/holms.com\\\/\",\"name\":\"Holms\",\"description\":\"Renh\u00e5llning - Sn\u00f6r\u00f6jning - Halkbek\u00e4mpning\",\"publisher\":{\"@id\":\"https:\\\/\\\/holms.com\\\/#organization\"},\"potentialAction\":[{\"@type\":\"SearchAction\",\"target\":{\"@type\":\"EntryPoint\",\"urlTemplate\":\"https:\\\/\\\/holms.com\\\/?s={search_term_string}\"},\"query-input\":{\"@type\":\"PropertyValueSpecification\",\"valueRequired\":true,\"valueName\":\"search_term_string\"}}],\"inLanguage\":\"en-US\"},{\"@type\":\"Organization\",\"@id\":\"https:\\\/\\\/holms.com\\\/#organization\",\"name\":\"Holms Attachments AB\",\"url\":\"https:\\\/\\\/holms.com\\\/\",\"logo\":{\"@type\":\"ImageObject\",\"inLanguage\":\"en-US\",\"@id\":\"https:\\\/\\\/holms.com\\\/#\\\/schema\\\/logo\\\/image\\\/\",\"url\":\"https:\\\/\\\/holms.com\\\/wp-content\\\/uploads\\\/2021\\\/01\\\/HOLMS_PMS.jpg\",\"contentUrl\":\"https:\\\/\\\/holms.com\\\/wp-content\\\/uploads\\\/2021\\\/01\\\/HOLMS_PMS.jpg\",\"width\":500,\"height\":201,\"caption\":\"Holms Attachments AB\"},\"image\":{\"@id\":\"https:\\\/\\\/holms.com\\\/#\\\/schema\\\/logo\\\/image\\\/\"},\"sameAs\":[\"https:\\\/\\\/www.facebook.com\\\/holmsattachments\",\"https:\\\/\\\/www.instagram.com\\\/holmsattachments\\\/\",\"https:\\\/\\\/www.youtube.com\\\/channel\\\/UCloCww_-sB-V_BFxqQdT5eQ\"]}]}<\/script>\n<!-- \/ Yoast SEO plugin. -->","yoast_head_json":{"title":"Policy f\u00f6r cookies - Holms","robots":{"index":"index","follow":"follow","max-snippet":"max-snippet:-1","max-image-preview":"max-image-preview:large","max-video-preview":"max-video-preview:-1"},"canonical":"https:\/\/holms.com\/en\/policy-for-cookies\/","og_locale":"en_US","og_type":"article","og_title":"Policy f\u00f6r cookies - Holms","og_description":"Policy f\u00f6r cookies Holms Attachments AB anv\u00e4nder sig av cookies f\u00f6r att f\u00f6rb\u00e4ttra din upplevelse av webbplatsen och anpassa den efter dina behov och preferenser. Nedan f\u00f6ljer information och vilka typer av cookies vi anv\u00e4nder p\u00e5 webbplatsen och hur du kan \u00e4ndra dina inst\u00e4llningar f\u00f6r hanteringen av v\u00e5ra cookies. P\u00e5 v\u00e5r webbplats har du som [&hellip;]","og_url":"https:\/\/holms.com\/en\/policy-for-cookies\/","og_site_name":"Holms","article_publisher":"https:\/\/www.facebook.com\/holmsattachments","article_modified_time":"2022-10-11T12:29:29+00:00","twitter_card":"summary_large_image","schema":{"@context":"https:\/\/schema.org","@graph":[{"@type":"WebPage","@id":"https:\/\/holms.com\/policy-for-cookies\/","url":"https:\/\/holms.com\/policy-for-cookies\/","name":"Policy f\u00f6r cookies - Holms","isPartOf":{"@id":"https:\/\/holms.com\/#website"},"datePublished":"2021-11-08T07:50:01+00:00","dateModified":"2022-10-11T12:29:29+00:00","breadcrumb":{"@id":"https:\/\/holms.com\/policy-for-cookies\/#breadcrumb"},"inLanguage":"en-US","potentialAction":[{"@type":"ReadAction","target":["https:\/\/holms.com\/policy-for-cookies\/"]}]},{"@type":"BreadcrumbList","@id":"https:\/\/holms.com\/policy-for-cookies\/#breadcrumb","itemListElement":[{"@type":"ListItem","position":1,"name":"Hem","item":"https:\/\/holms.com\/sv_se\/"},{"@type":"ListItem","position":2,"name":"Policy f\u00f6r cookies"}]},{"@type":"WebSite","@id":"https:\/\/holms.com\/#website","url":"https:\/\/holms.com\/","name":"Holms","description":"Renh\u00e5llning - Sn\u00f6r\u00f6jning - Halkbek\u00e4mpning","publisher":{"@id":"https:\/\/holms.com\/#organization"},"potentialAction":[{"@type":"SearchAction","target":{"@type":"EntryPoint","urlTemplate":"https:\/\/holms.com\/?s={search_term_string}"},"query-input":{"@type":"PropertyValueSpecification","valueRequired":true,"valueName":"search_term_string"}}],"inLanguage":"en-US"},{"@type":"Organization","@id":"https:\/\/holms.com\/#organization","name":"Holms Attachments AB","url":"https:\/\/holms.com\/","logo":{"@type":"ImageObject","inLanguage":"en-US","@id":"https:\/\/holms.com\/#\/schema\/logo\/image\/","url":"https:\/\/holms.com\/wp-content\/uploads\/2021\/01\/HOLMS_PMS.jpg","contentUrl":"https:\/\/holms.com\/wp-content\/uploads\/2021\/01\/HOLMS_PMS.jpg","width":500,"height":201,"caption":"Holms Attachments AB"},"image":{"@id":"https:\/\/holms.com\/#\/schema\/logo\/image\/"},"sameAs":["https:\/\/www.facebook.com\/holmsattachments","https:\/\/www.instagram.com\/holmsattachments\/","https:\/\/www.youtube.com\/channel\/UCloCww_-sB-V_BFxqQdT5eQ"]}]}},"_links":{"self":[{"href":"https:\/\/holms.com\/en\/wp-json\/wp\/v2\/pages\/6502","targetHints":{"allow":["GET"]}}],"collection":[{"href":"https:\/\/holms.com\/en\/wp-json\/wp\/v2\/pages"}],"about":[{"href":"https:\/\/holms.com\/en\/wp-json\/wp\/v2\/types\/page"}],"author":[{"embeddable":true,"href":"https:\/\/holms.com\/en\/wp-json\/wp\/v2\/users\/6"}],"replies":[{"embeddable":true,"href":"https:\/\/holms.com\/en\/wp-json\/wp\/v2\/comments?post=6502"}],"version-history":[{"count":1,"href":"https:\/\/holms.com\/en\/wp-json\/wp\/v2\/pages\/6502\/revisions"}],"predecessor-version":[{"id":8937,"href":"https:\/\/holms.com\/en\/wp-json\/wp\/v2\/pages\/6502\/revisions\/8937"}],"wp:attachment":[{"href":"https:\/\/holms.com\/en\/wp-json\/wp\/v2\/media?parent=6502"}],"curies":[{"name":"wp","href":"https:\/\/api.w.org\/{rel}","templated":true}]}}