
{"id":1699,"date":"2021-02-02T13:24:58","date_gmt":"2021-02-02T13:24:58","guid":{"rendered":"http:\/\/holms.kundzonen.se\/?page_id=1699"},"modified":"2022-07-04T05:50:20","modified_gmt":"2022-07-04T05:50:20","slug":"oppettider","status":"publish","type":"page","link":"https:\/\/holms.com\/nb\/oppettider\/","title":{"rendered":"\u00c5pningstider"},"content":{"rendered":"<p>[et_pb_section fb_built=&#8221;1&#8243; custom_padding_last_edited=&#8221;on|phone&#8221; _builder_version=&#8221;4.17.4&#8243; _module_preset=&#8221;default&#8221; background_image=&#8221;https:\/\/holms.com\/wp-content\/uploads\/2022\/05\/HolmsSkyltFagelVar-1.jpg&#8221; custom_padding=&#8221;173px||223px||false|false&#8221; custom_padding_tablet=&#8221;250px||150px||false|false&#8221; custom_padding_phone=&#8221;200px||100px||false|false&#8221; bottom_divider_height=&#8221;30px&#8221; bottom_divider_flip=&#8221;horizontal&#8221; hover_enabled=&#8221;0&#8243; global_colors_info=&#8221;{}&#8221; alt=&#8221;Holms Attachments AB&#8221; title_text=&#8221;Contact us at Holms.&#8221; sticky_enabled=&#8221;0&#8243;][\/et_pb_section][et_pb_section fb_built=&#8221;1&#8243; admin_label=&#8221;section&#8221; _builder_version=&#8221;4.16&#8243; global_colors_info=&#8221;{}&#8221;][et_pb_row _builder_version=&#8221;4.16&#8243; _module_preset=&#8221;default&#8221; custom_margin=&#8221;0px||0px||false|false&#8221; custom_padding=&#8221;10px||0px|||&#8221; global_colors_info=&#8221;{}&#8221;][et_pb_column type=&#8221;4_4&#8243; _builder_version=&#8221;4.16&#8243; _module_preset=&#8221;default&#8221; global_colors_info=&#8221;{}&#8221;][et_pb_text _builder_version=&#8221;4.16&#8243; text_font=&#8221;||||||||&#8221; text_font_size=&#8221;20px&#8221; text_line_height=&#8221;1em&#8221; header_font=&#8221;Lato||||||||&#8221; header_2_font=&#8221;|600|||||||&#8221; header_2_font_size=&#8221;24px&#8221; text_orientation=&#8221;center&#8221; max_width=&#8221;700px&#8221; module_alignment=&#8221;center&#8221; custom_margin=&#8221;0px||0px||false|false&#8221; custom_padding=&#8221;||0px|||&#8221; text_font_size_tablet=&#8221;&#8221; text_font_size_phone=&#8221;&#8221; text_font_size_last_edited=&#8221;on|desktop&#8221; header_2_font_size_tablet=&#8221;24px&#8221; header_2_font_size_phone=&#8221;24px&#8221; header_2_font_size_last_edited=&#8221;on|phone&#8221; global_colors_info=&#8221;{}&#8221;]<\/p>\n<h2 class=\"x-text-content-text-primary\">\u00d6ppettider<\/h2>\n<p>[\/et_pb_text][\/et_pb_column][\/et_pb_row][et_pb_row _builder_version=&#8221;4.16&#8243; _module_preset=&#8221;default&#8221; custom_margin=&#8221;3px|auto||auto|false|false&#8221; custom_padding=&#8221;||2px|||&#8221; global_colors_info=&#8221;{}&#8221;][et_pb_column type=&#8221;4_4&#8243; _builder_version=&#8221;4.16&#8243; _module_preset=&#8221;default&#8221; global_colors_info=&#8221;{}&#8221;][et_pb_divider color=&#8221;#60269E&#8221; _builder_version=&#8221;4.16&#8243; _module_preset=&#8221;default&#8221; global_colors_info=&#8221;{}&#8221;][\/et_pb_divider][\/et_pb_column][\/et_pb_row][et_pb_row _builder_version=&#8221;4.16&#8243; _module_preset=&#8221;default&#8221; custom_padding=&#8221;17px||16px|||&#8221; global_colors_info=&#8221;{}&#8221;][et_pb_column type=&#8221;4_4&#8243; _builder_version=&#8221;4.16&#8243; _module_preset=&#8221;default&#8221; global_colors_info=&#8221;{}&#8221;][et_pb_text _builder_version=&#8221;4.16&#8243; _module_preset=&#8221;default&#8221; text_font_size=&#8221;8px&#8221; global_colors_info=&#8221;{}&#8221;]<\/p>\n<p><span style=\"font-size: medium;\">Vi p\u00e5 Holms hj\u00e4lper g\u00e4rna till!<\/span><\/p>\n<p><span style=\"font-size: medium;\">Kontakta oss om du har n\u00e5gra fr\u00e5gor eller funderingar g\u00e4llande v\u00e5ra produkter.<\/span><\/p>\n<p>[\/et_pb_text][\/et_pb_column][\/et_pb_row][et_pb_row _builder_version=&#8221;4.17.4&#8243; _module_preset=&#8221;default&#8221;][et_pb_column _builder_version=&#8221;4.17.4&#8243; _module_preset=&#8221;default&#8221; type=&#8221;4_4&#8243;][et_pb_text _builder_version=&#8221;4.17.4&#8243; _module_preset=&#8221;default&#8221; text_font=&#8221;Gotham Medium||||||||&#8221; hover_enabled=&#8221;0&#8243; sticky_enabled=&#8221;0&#8243; text_font_size=&#8221;15px&#8221;]<\/p>\n<p>Semestertider! Holms Attachments AB st\u00e4nger f\u00f6r sommaren fr\u00e5n och med vecka 28 till och med vecka 31.<br \/>Vi kommer ha \u00f6ppet f\u00f6r reservdelsf\u00f6rs\u00e4ljning Torsdag och Fredag vecka 28 samt M\u00e5ndag och Tisdag vecka 31.<br \/>\u00d6vriga dagar dessa veckor \u00e4r kontor och produktion st\u00e4ngt.<\/p>\n<p>[\/et_pb_text][\/et_pb_column][\/et_pb_row][et_pb_row column_structure=&#8221;1_2,1_2&#8243; _builder_version=&#8221;4.16&#8243; _module_preset=&#8221;default&#8221; global_colors_info=&#8221;{}&#8221;][et_pb_column type=&#8221;1_2&#8243; _builder_version=&#8221;4.16&#8243; _module_preset=&#8221;default&#8221; global_colors_info=&#8221;{}&#8221;][et_pb_text _builder_version=&#8221;4.17.4&#8243; _module_preset=&#8221;default&#8221; text_font_size=&#8221;14px&#8221; text_line_height=&#8221;1.5em&#8221; header_4_font_size=&#8221;19px&#8221; header_4_font_size_tablet=&#8221;&#8221; header_4_font_size_phone=&#8221;&#8221; header_4_font_size_last_edited=&#8221;on|tablet&#8221; global_colors_info=&#8221;{}&#8221;]<\/p>\n<h4>Sverige<\/h4>\n<p>Kontoret i Motala \u00e4r \u00f6ppet:<br \/>M\u00e5ndag &#8211; Torsdag 07.00 &#8211; 16.00.<\/p>\n<p>Fredag 07.00 &#8211; 14.00<\/p>\n<h4>USA<\/h4>\n<p>Kontoret i Hickory \u00e4r \u00f6ppet:<br \/>M\u00e5ndag &#8211; Fredag: 9.00 am est &#8211; 5:00pm est<\/p>\n<p>L\u00f6rdag &amp; S\u00f6ndag: St\u00e4ngt<\/p>\n<p>[\/et_pb_text][\/et_pb_column][et_pb_column type=&#8221;1_2&#8243; _builder_version=&#8221;4.16&#8243; _module_preset=&#8221;default&#8221; global_colors_info=&#8221;{}&#8221;][\/et_pb_column][\/et_pb_row][\/et_pb_section]<\/p>\n","protected":false},"excerpt":{"rendered":"<p>\u00d6ppettiderVi p\u00e5 Holms hj\u00e4lper g\u00e4rna till! Kontakta oss om du har n\u00e5gra fr\u00e5gor eller funderingar g\u00e4llande v\u00e5ra produkter.Semestertider! Holms Attachments AB st\u00e4nger f\u00f6r sommaren fr\u00e5n och med vecka 28 till och med vecka 31.Vi kommer ha \u00f6ppet f\u00f6r reservdelsf\u00f6rs\u00e4ljning Torsdag och Fredag vecka 28 samt M\u00e5ndag och Tisdag vecka 31.\u00d6vriga dagar dessa veckor \u00e4r kontor [&hellip;]<\/p>\n","protected":false},"author":1,"featured_media":0,"parent":0,"menu_order":0,"comment_status":"closed","ping_status":"closed","template":"","meta":{"_acf_changed":false,"_et_pb_use_builder":"on","_et_pb_old_content":"<!-- wp:divi\/placeholder \/-->","_et_gb_content_width":"","footnotes":""},"class_list":["post-1699","page","type-page","status-publish","hentry"],"acf":[],"yoast_head":"<!-- This site is optimized with the Yoast SEO plugin v27.3 - https:\/\/yoast.com\/product\/yoast-seo-wordpress\/ -->\n<title>\u00d6ppettider - Holms<\/title>\n<meta name=\"robots\" content=\"index, follow, max-snippet:-1, max-image-preview:large, max-video-preview:-1\" \/>\n<link rel=\"canonical\" href=\"https:\/\/holms.com\/nb\/oppettider\/\" \/>\n<meta property=\"og:locale\" content=\"nb_NO\" \/>\n<meta property=\"og:type\" content=\"article\" \/>\n<meta property=\"og:title\" content=\"\u00d6ppettider - Holms\" \/>\n<meta property=\"og:description\" content=\"\u00d6ppettiderVi p\u00e5 Holms hj\u00e4lper g\u00e4rna till! Kontakta oss om du har n\u00e5gra fr\u00e5gor eller funderingar g\u00e4llande v\u00e5ra produkter.Semestertider! Holms Attachments AB st\u00e4nger f\u00f6r sommaren fr\u00e5n och med vecka 28 till och med vecka 31.Vi kommer ha \u00f6ppet f\u00f6r reservdelsf\u00f6rs\u00e4ljning Torsdag och Fredag vecka 28 samt M\u00e5ndag och Tisdag vecka 31.\u00d6vriga dagar dessa veckor \u00e4r kontor [&hellip;]\" \/>\n<meta property=\"og:url\" content=\"https:\/\/holms.com\/nb\/oppettider\/\" \/>\n<meta property=\"og:site_name\" content=\"Holms\" \/>\n<meta property=\"article:publisher\" content=\"https:\/\/www.facebook.com\/holmsattachments\" \/>\n<meta property=\"article:modified_time\" content=\"2022-07-04T05:50:20+00:00\" \/>\n<meta name=\"twitter:card\" content=\"summary_large_image\" \/>\n<meta name=\"twitter:label1\" content=\"Ansl. lesetid\" \/>\n\t<meta name=\"twitter:data1\" content=\"3 minutter\" \/>\n<script type=\"application\/ld+json\" class=\"yoast-schema-graph\">{\"@context\":\"https:\\\/\\\/schema.org\",\"@graph\":[{\"@type\":\"WebPage\",\"@id\":\"https:\\\/\\\/holms.com\\\/oppettider\\\/\",\"url\":\"https:\\\/\\\/holms.com\\\/oppettider\\\/\",\"name\":\"\u00d6ppettider - Holms\",\"isPartOf\":{\"@id\":\"https:\\\/\\\/holms.com\\\/#website\"},\"datePublished\":\"2021-02-02T13:24:58+00:00\",\"dateModified\":\"2022-07-04T05:50:20+00:00\",\"breadcrumb\":{\"@id\":\"https:\\\/\\\/holms.com\\\/oppettider\\\/#breadcrumb\"},\"inLanguage\":\"nb-NO\",\"potentialAction\":[{\"@type\":\"ReadAction\",\"target\":[\"https:\\\/\\\/holms.com\\\/oppettider\\\/\"]}]},{\"@type\":\"BreadcrumbList\",\"@id\":\"https:\\\/\\\/holms.com\\\/oppettider\\\/#breadcrumb\",\"itemListElement\":[{\"@type\":\"ListItem\",\"position\":1,\"name\":\"Hem\",\"item\":\"https:\\\/\\\/holms.com\\\/sv_se\\\/\"},{\"@type\":\"ListItem\",\"position\":2,\"name\":\"\u00d6ppettider\"}]},{\"@type\":\"WebSite\",\"@id\":\"https:\\\/\\\/holms.com\\\/#website\",\"url\":\"https:\\\/\\\/holms.com\\\/\",\"name\":\"Holms\",\"description\":\"Renh\u00e5llning - Sn\u00f6r\u00f6jning - Halkbek\u00e4mpning\",\"publisher\":{\"@id\":\"https:\\\/\\\/holms.com\\\/#organization\"},\"potentialAction\":[{\"@type\":\"SearchAction\",\"target\":{\"@type\":\"EntryPoint\",\"urlTemplate\":\"https:\\\/\\\/holms.com\\\/?s={search_term_string}\"},\"query-input\":{\"@type\":\"PropertyValueSpecification\",\"valueRequired\":true,\"valueName\":\"search_term_string\"}}],\"inLanguage\":\"nb-NO\"},{\"@type\":\"Organization\",\"@id\":\"https:\\\/\\\/holms.com\\\/#organization\",\"name\":\"Holms Attachments AB\",\"url\":\"https:\\\/\\\/holms.com\\\/\",\"logo\":{\"@type\":\"ImageObject\",\"inLanguage\":\"nb-NO\",\"@id\":\"https:\\\/\\\/holms.com\\\/#\\\/schema\\\/logo\\\/image\\\/\",\"url\":\"https:\\\/\\\/holms.com\\\/wp-content\\\/uploads\\\/2021\\\/01\\\/HOLMS_PMS.jpg\",\"contentUrl\":\"https:\\\/\\\/holms.com\\\/wp-content\\\/uploads\\\/2021\\\/01\\\/HOLMS_PMS.jpg\",\"width\":500,\"height\":201,\"caption\":\"Holms Attachments AB\"},\"image\":{\"@id\":\"https:\\\/\\\/holms.com\\\/#\\\/schema\\\/logo\\\/image\\\/\"},\"sameAs\":[\"https:\\\/\\\/www.facebook.com\\\/holmsattachments\",\"https:\\\/\\\/www.instagram.com\\\/holmsattachments\\\/\",\"https:\\\/\\\/www.youtube.com\\\/channel\\\/UCloCww_-sB-V_BFxqQdT5eQ\"]}]}<\/script>\n<!-- \/ Yoast SEO plugin. -->","yoast_head_json":{"title":"\u00d6ppettider - Holms","robots":{"index":"index","follow":"follow","max-snippet":"max-snippet:-1","max-image-preview":"max-image-preview:large","max-video-preview":"max-video-preview:-1"},"canonical":"https:\/\/holms.com\/nb\/oppettider\/","og_locale":"nb_NO","og_type":"article","og_title":"\u00d6ppettider - Holms","og_description":"\u00d6ppettiderVi p\u00e5 Holms hj\u00e4lper g\u00e4rna till! Kontakta oss om du har n\u00e5gra fr\u00e5gor eller funderingar g\u00e4llande v\u00e5ra produkter.Semestertider! Holms Attachments AB st\u00e4nger f\u00f6r sommaren fr\u00e5n och med vecka 28 till och med vecka 31.Vi kommer ha \u00f6ppet f\u00f6r reservdelsf\u00f6rs\u00e4ljning Torsdag och Fredag vecka 28 samt M\u00e5ndag och Tisdag vecka 31.\u00d6vriga dagar dessa veckor \u00e4r kontor [&hellip;]","og_url":"https:\/\/holms.com\/nb\/oppettider\/","og_site_name":"Holms","article_publisher":"https:\/\/www.facebook.com\/holmsattachments","article_modified_time":"2022-07-04T05:50:20+00:00","twitter_card":"summary_large_image","twitter_misc":{"Ansl. lesetid":"3 minutter"},"schema":{"@context":"https:\/\/schema.org","@graph":[{"@type":"WebPage","@id":"https:\/\/holms.com\/oppettider\/","url":"https:\/\/holms.com\/oppettider\/","name":"\u00d6ppettider - Holms","isPartOf":{"@id":"https:\/\/holms.com\/#website"},"datePublished":"2021-02-02T13:24:58+00:00","dateModified":"2022-07-04T05:50:20+00:00","breadcrumb":{"@id":"https:\/\/holms.com\/oppettider\/#breadcrumb"},"inLanguage":"nb-NO","potentialAction":[{"@type":"ReadAction","target":["https:\/\/holms.com\/oppettider\/"]}]},{"@type":"BreadcrumbList","@id":"https:\/\/holms.com\/oppettider\/#breadcrumb","itemListElement":[{"@type":"ListItem","position":1,"name":"Hem","item":"https:\/\/holms.com\/sv_se\/"},{"@type":"ListItem","position":2,"name":"\u00d6ppettider"}]},{"@type":"WebSite","@id":"https:\/\/holms.com\/#website","url":"https:\/\/holms.com\/","name":"Holms","description":"Renh\u00e5llning - Sn\u00f6r\u00f6jning - Halkbek\u00e4mpning","publisher":{"@id":"https:\/\/holms.com\/#organization"},"potentialAction":[{"@type":"SearchAction","target":{"@type":"EntryPoint","urlTemplate":"https:\/\/holms.com\/?s={search_term_string}"},"query-input":{"@type":"PropertyValueSpecification","valueRequired":true,"valueName":"search_term_string"}}],"inLanguage":"nb-NO"},{"@type":"Organization","@id":"https:\/\/holms.com\/#organization","name":"Holms Attachments AB","url":"https:\/\/holms.com\/","logo":{"@type":"ImageObject","inLanguage":"nb-NO","@id":"https:\/\/holms.com\/#\/schema\/logo\/image\/","url":"https:\/\/holms.com\/wp-content\/uploads\/2021\/01\/HOLMS_PMS.jpg","contentUrl":"https:\/\/holms.com\/wp-content\/uploads\/2021\/01\/HOLMS_PMS.jpg","width":500,"height":201,"caption":"Holms Attachments AB"},"image":{"@id":"https:\/\/holms.com\/#\/schema\/logo\/image\/"},"sameAs":["https:\/\/www.facebook.com\/holmsattachments","https:\/\/www.instagram.com\/holmsattachments\/","https:\/\/www.youtube.com\/channel\/UCloCww_-sB-V_BFxqQdT5eQ"]}]}},"_links":{"self":[{"href":"https:\/\/holms.com\/nb\/wp-json\/wp\/v2\/pages\/1699","targetHints":{"allow":["GET"]}}],"collection":[{"href":"https:\/\/holms.com\/nb\/wp-json\/wp\/v2\/pages"}],"about":[{"href":"https:\/\/holms.com\/nb\/wp-json\/wp\/v2\/types\/page"}],"author":[{"embeddable":true,"href":"https:\/\/holms.com\/nb\/wp-json\/wp\/v2\/users\/1"}],"replies":[{"embeddable":true,"href":"https:\/\/holms.com\/nb\/wp-json\/wp\/v2\/comments?post=1699"}],"version-history":[{"count":4,"href":"https:\/\/holms.com\/nb\/wp-json\/wp\/v2\/pages\/1699\/revisions"}],"predecessor-version":[{"id":8251,"href":"https:\/\/holms.com\/nb\/wp-json\/wp\/v2\/pages\/1699\/revisions\/8251"}],"wp:attachment":[{"href":"https:\/\/holms.com\/nb\/wp-json\/wp\/v2\/media?parent=1699"}],"curies":[{"name":"wp","href":"https:\/\/api.w.org\/{rel}","templated":true}]}}