
{"id":6299,"date":"2021-06-28T09:21:59","date_gmt":"2021-06-28T09:21:59","guid":{"rendered":"https:\/\/holms.com\/?page_id=6299"},"modified":"2023-04-21T05:07:11","modified_gmt":"2023-04-21T05:07:11","slug":"dealer","status":"publish","type":"page","link":"https:\/\/holms.com\/nb\/dealer\/","title":{"rendered":"Dealer"},"content":{"rendered":"","protected":true},"excerpt":{"rendered":"","protected":true},"author":1,"featured_media":0,"parent":0,"menu_order":0,"comment_status":"closed","ping_status":"closed","template":"","meta":{"_acf_changed":false,"_et_pb_use_builder":"on","_et_pb_old_content":"","_et_gb_content_width":"","footnotes":""},"class_list":["post-6299","page","type-page","status-publish","post-password-required","hentry"],"acf":[],"yoast_head":"<!-- This site is optimized with the Yoast SEO plugin v27.3 - https:\/\/yoast.com\/product\/yoast-seo-wordpress\/ -->\n<title>Dealer - Holms<\/title>\n<meta name=\"robots\" content=\"index, follow, max-snippet:-1, max-image-preview:large, max-video-preview:-1\" \/>\n<link rel=\"canonical\" href=\"https:\/\/holms.com\/nb\/dealer\/\" \/>\n<meta property=\"og:locale\" content=\"nb_NO\" \/>\n<meta property=\"og:type\" content=\"article\" \/>\n<meta property=\"og:title\" content=\"Dealer - Holms\" \/>\n<meta property=\"og:description\" content=\"Det finnes ikke utdrag siden innlegget er beskyttet.\" \/>\n<meta property=\"og:url\" content=\"https:\/\/holms.com\/nb\/dealer\/\" \/>\n<meta property=\"og:site_name\" content=\"Holms\" \/>\n<meta property=\"article:publisher\" content=\"https:\/\/www.facebook.com\/holmsattachments\" \/>\n<meta property=\"article:modified_time\" content=\"2023-04-21T05:07:11+00:00\" \/>\n<meta name=\"twitter:card\" content=\"summary_large_image\" \/>\n<meta name=\"twitter:label1\" content=\"Ansl. lesetid\" \/>\n\t<meta name=\"twitter:data1\" content=\"1 minutt\" \/>\n<script type=\"application\/ld+json\" class=\"yoast-schema-graph\">{\"@context\":\"https:\\\/\\\/schema.org\",\"@graph\":[{\"@type\":\"WebPage\",\"@id\":\"https:\\\/\\\/holms.com\\\/dealer\\\/\",\"url\":\"https:\\\/\\\/holms.com\\\/dealer\\\/\",\"name\":\"Dealer - Holms\",\"isPartOf\":{\"@id\":\"https:\\\/\\\/holms.com\\\/#website\"},\"datePublished\":\"2021-06-28T09:21:59+00:00\",\"dateModified\":\"2023-04-21T05:07:11+00:00\",\"breadcrumb\":{\"@id\":\"https:\\\/\\\/holms.com\\\/dealer\\\/#breadcrumb\"},\"inLanguage\":\"nb-NO\"},{\"@type\":\"WebSite\",\"@id\":\"https:\\\/\\\/holms.com\\\/#website\",\"url\":\"https:\\\/\\\/holms.com\\\/\",\"name\":\"Holms\",\"description\":\"Renh\u00e5llning - Sn\u00f6r\u00f6jning - Halkbek\u00e4mpning\",\"publisher\":{\"@id\":\"https:\\\/\\\/holms.com\\\/#organization\"},\"potentialAction\":[{\"@type\":\"SearchAction\",\"target\":{\"@type\":\"EntryPoint\",\"urlTemplate\":\"https:\\\/\\\/holms.com\\\/?s={search_term_string}\"},\"query-input\":{\"@type\":\"PropertyValueSpecification\",\"valueRequired\":true,\"valueName\":\"search_term_string\"}}],\"inLanguage\":\"nb-NO\"},{\"@type\":\"Organization\",\"@id\":\"https:\\\/\\\/holms.com\\\/#organization\",\"name\":\"Holms Attachments AB\",\"url\":\"https:\\\/\\\/holms.com\\\/\",\"logo\":{\"@type\":\"ImageObject\",\"inLanguage\":\"nb-NO\",\"@id\":\"https:\\\/\\\/holms.com\\\/#\\\/schema\\\/logo\\\/image\\\/\",\"url\":\"https:\\\/\\\/holms.com\\\/wp-content\\\/uploads\\\/2021\\\/01\\\/HOLMS_PMS.jpg\",\"contentUrl\":\"https:\\\/\\\/holms.com\\\/wp-content\\\/uploads\\\/2021\\\/01\\\/HOLMS_PMS.jpg\",\"width\":500,\"height\":201,\"caption\":\"Holms Attachments AB\"},\"image\":{\"@id\":\"https:\\\/\\\/holms.com\\\/#\\\/schema\\\/logo\\\/image\\\/\"},\"sameAs\":[\"https:\\\/\\\/www.facebook.com\\\/holmsattachments\",\"https:\\\/\\\/www.instagram.com\\\/holmsattachments\\\/\",\"https:\\\/\\\/www.youtube.com\\\/channel\\\/UCloCww_-sB-V_BFxqQdT5eQ\"]}]}<\/script>\n<!-- \/ Yoast SEO plugin. -->","yoast_head_json":{"title":"Dealer - Holms","robots":{"index":"index","follow":"follow","max-snippet":"max-snippet:-1","max-image-preview":"max-image-preview:large","max-video-preview":"max-video-preview:-1"},"canonical":"https:\/\/holms.com\/nb\/dealer\/","og_locale":"nb_NO","og_type":"article","og_title":"Dealer - Holms","og_description":"Det finnes ikke utdrag siden innlegget er beskyttet.","og_url":"https:\/\/holms.com\/nb\/dealer\/","og_site_name":"Holms","article_publisher":"https:\/\/www.facebook.com\/holmsattachments","article_modified_time":"2023-04-21T05:07:11+00:00","twitter_card":"summary_large_image","twitter_misc":{"Ansl. lesetid":"1 minutt"},"schema":{"@context":"https:\/\/schema.org","@graph":[{"@type":"WebPage","@id":"https:\/\/holms.com\/dealer\/","url":"https:\/\/holms.com\/dealer\/","name":"Dealer - Holms","isPartOf":{"@id":"https:\/\/holms.com\/#website"},"datePublished":"2021-06-28T09:21:59+00:00","dateModified":"2023-04-21T05:07:11+00:00","breadcrumb":{"@id":"https:\/\/holms.com\/dealer\/#breadcrumb"},"inLanguage":"nb-NO"},{"@type":"WebSite","@id":"https:\/\/holms.com\/#website","url":"https:\/\/holms.com\/","name":"Holms","description":"Renh\u00e5llning - Sn\u00f6r\u00f6jning - Halkbek\u00e4mpning","publisher":{"@id":"https:\/\/holms.com\/#organization"},"potentialAction":[{"@type":"SearchAction","target":{"@type":"EntryPoint","urlTemplate":"https:\/\/holms.com\/?s={search_term_string}"},"query-input":{"@type":"PropertyValueSpecification","valueRequired":true,"valueName":"search_term_string"}}],"inLanguage":"nb-NO"},{"@type":"Organization","@id":"https:\/\/holms.com\/#organization","name":"Holms Attachments AB","url":"https:\/\/holms.com\/","logo":{"@type":"ImageObject","inLanguage":"nb-NO","@id":"https:\/\/holms.com\/#\/schema\/logo\/image\/","url":"https:\/\/holms.com\/wp-content\/uploads\/2021\/01\/HOLMS_PMS.jpg","contentUrl":"https:\/\/holms.com\/wp-content\/uploads\/2021\/01\/HOLMS_PMS.jpg","width":500,"height":201,"caption":"Holms Attachments AB"},"image":{"@id":"https:\/\/holms.com\/#\/schema\/logo\/image\/"},"sameAs":["https:\/\/www.facebook.com\/holmsattachments","https:\/\/www.instagram.com\/holmsattachments\/","https:\/\/www.youtube.com\/channel\/UCloCww_-sB-V_BFxqQdT5eQ"]}]}},"_links":{"self":[{"href":"https:\/\/holms.com\/nb\/wp-json\/wp\/v2\/pages\/6299","targetHints":{"allow":["GET"]}}],"collection":[{"href":"https:\/\/holms.com\/nb\/wp-json\/wp\/v2\/pages"}],"about":[{"href":"https:\/\/holms.com\/nb\/wp-json\/wp\/v2\/types\/page"}],"author":[{"embeddable":true,"href":"https:\/\/holms.com\/nb\/wp-json\/wp\/v2\/users\/1"}],"replies":[{"embeddable":true,"href":"https:\/\/holms.com\/nb\/wp-json\/wp\/v2\/comments?post=6299"}],"version-history":[{"count":2,"href":"https:\/\/holms.com\/nb\/wp-json\/wp\/v2\/pages\/6299\/revisions"}],"predecessor-version":[{"id":9665,"href":"https:\/\/holms.com\/nb\/wp-json\/wp\/v2\/pages\/6299\/revisions\/9665"}],"wp:attachment":[{"href":"https:\/\/holms.com\/nb\/wp-json\/wp\/v2\/media?parent=6299"}],"curies":[{"name":"wp","href":"https:\/\/api.w.org\/{rel}","templated":true}]}}