
{"id":11695,"date":"2026-02-20T07:20:24","date_gmt":"2026-02-20T07:20:24","guid":{"rendered":"https:\/\/holms.com\/?page_id=11695"},"modified":"2026-02-20T07:20:25","modified_gmt":"2026-02-20T07:20:25","slug":"contactus","status":"publish","type":"page","link":"https:\/\/holms.com\/sv_se\/contactus\/","title":{"rendered":"Contact US"},"content":{"rendered":"\n[et_pb_section fb_built=&#8221;1&#8243; _builder_version=&#8221;4.19.4&#8243; _module_preset=&#8221;default&#8221; custom_padding=&#8221;30px||0px|||&#8221; global_colors_info=&#8221;{}&#8221; theme_builder_area=&#8221;post_content&#8221;][et_pb_row _builder_version=&#8221;4.19.4&#8243; _module_preset=&#8221;default&#8221; hover_enabled=&#8221;0&#8243; global_colors_info=&#8221;{}&#8221; theme_builder_area=&#8221;post_content&#8221; sticky_enabled=&#8221;0&#8243;][et_pb_column type=&#8221;4_4&#8243; _builder_version=&#8221;4.19.4&#8243; _module_preset=&#8221;default&#8221; global_colors_info=&#8221;{}&#8221; theme_builder_area=&#8221;post_content&#8221;][et_pb_contact_form captcha=&#8221;off&#8221; email=&#8221;contact@holms.com&#8221; title=&#8221;Let us contact you, we are happy to help!&#8221; custom_message=&#8221;%%Name%%||et_pb_line_break_holder||%%Email%%||et_pb_line_break_holder||%%Kommentar%%&#8221; success_message=&#8221;<p>Thanks for contacting us, we\u00b4ll get right back to you.<\/p>&#8221; submit_button_text=&#8221;Send&#8221; title_tablet=&#8221;Vill du veta mer? Kontakta oss. &#8221; title_phone=&#8221;Vill du veta mer? Kontakta oss. &#8221; title_last_edited=&#8221;on|phone&#8221; submit_button_text_tablet=&#8221;&#8221; submit_button_text_phone=&#8221;&#8221; submit_button_text_last_edited=&#8221;on|phone&#8221; _builder_version=&#8221;4.27.5&#8243; _module_preset=&#8221;default&#8221; _unique_id=&#8221;ba022210-6715-4673-bda4-f98b3bb89736&#8243; title_line_height=&#8221;1.3em&#8221; custom_button=&#8221;on&#8221; button_text_color=&#8221;#FFFFFF&#8221; button_bg_color=&#8221;#000000&#8243; button_border_color=&#8221;RGBA(255,255,255,0)&#8221; hover_enabled=&#8221;0&#8243; admin_email_subject=&#8221;Holms eSL&#8221; global_colors_info=&#8221;{}&#8221; theme_builder_area=&#8221;post_content&#8221; sticky_enabled=&#8221;0&#8243;][et_pb_contact_field field_id=&#8221;Name&#8221; field_title=&#8221;Name&#8221; required_mark=&#8221;off&#8221; _builder_version=&#8221;4.25.0&#8243; global_colors_info=&#8221;{}&#8221; button_text_size__hover_enabled=&#8221;off&#8221; button_one_text_size__hover_enabled=&#8221;off&#8221; button_two_text_size__hover_enabled=&#8221;off&#8221; button_text_color__hover_enabled=&#8221;off&#8221; button_one_text_color__hover_enabled=&#8221;off&#8221; button_two_text_color__hover_enabled=&#8221;off&#8221; button_border_width__hover_enabled=&#8221;off&#8221; button_one_border_width__hover_enabled=&#8221;off&#8221; button_two_border_width__hover_enabled=&#8221;off&#8221; button_border_color__hover_enabled=&#8221;off&#8221; button_one_border_color__hover_enabled=&#8221;off&#8221; button_two_border_color__hover_enabled=&#8221;off&#8221; button_border_radius__hover_enabled=&#8221;off&#8221; button_one_border_radius__hover_enabled=&#8221;off&#8221; button_two_border_radius__hover_enabled=&#8221;off&#8221; button_letter_spacing__hover_enabled=&#8221;off&#8221; button_one_letter_spacing__hover_enabled=&#8221;off&#8221; button_two_letter_spacing__hover_enabled=&#8221;off&#8221; button_bg_color__hover_enabled=&#8221;off&#8221; button_one_bg_color__hover_enabled=&#8221;off&#8221; button_two_bg_color__hover_enabled=&#8221;off&#8221; theme_builder_area=&#8221;post_content&#8221;][\/et_pb_contact_field][et_pb_contact_field field_id=&#8221;Email&#8221; field_title=&#8221;Email&#8221; field_type=&#8221;email&#8221; required_mark=&#8221;off&#8221; _builder_version=&#8221;4.25.0&#8243; global_colors_info=&#8221;{}&#8221; button_text_size__hover_enabled=&#8221;off&#8221; button_one_text_size__hover_enabled=&#8221;off&#8221; button_two_text_size__hover_enabled=&#8221;off&#8221; button_text_color__hover_enabled=&#8221;off&#8221; button_one_text_color__hover_enabled=&#8221;off&#8221; button_two_text_color__hover_enabled=&#8221;off&#8221; button_border_width__hover_enabled=&#8221;off&#8221; button_one_border_width__hover_enabled=&#8221;off&#8221; button_two_border_width__hover_enabled=&#8221;off&#8221; button_border_color__hover_enabled=&#8221;off&#8221; button_one_border_color__hover_enabled=&#8221;off&#8221; button_two_border_color__hover_enabled=&#8221;off&#8221; button_border_radius__hover_enabled=&#8221;off&#8221; button_one_border_radius__hover_enabled=&#8221;off&#8221; button_two_border_radius__hover_enabled=&#8221;off&#8221; button_letter_spacing__hover_enabled=&#8221;off&#8221; button_one_letter_spacing__hover_enabled=&#8221;off&#8221; button_two_letter_spacing__hover_enabled=&#8221;off&#8221; button_bg_color__hover_enabled=&#8221;off&#8221; button_one_bg_color__hover_enabled=&#8221;off&#8221; button_two_bg_color__hover_enabled=&#8221;off&#8221; theme_builder_area=&#8221;post_content&#8221;][\/et_pb_contact_field][et_pb_contact_field field_id=&#8221;Kommentar&#8221; field_title=&#8221;Comment&#8221; fullwidth_field=&#8221;on&#8221; _builder_version=&#8221;4.25.0&#8243; _module_preset=&#8221;default&#8221; global_colors_info=&#8221;{}&#8221; theme_builder_area=&#8221;post_content&#8221;][\/et_pb_contact_field][\/et_pb_contact_form][\/et_pb_column][\/et_pb_row][\/et_pb_section][et_pb_section fb_built=&#8221;1&#8243; admin_label=&#8221;section&#8221; _builder_version=&#8221;4.16&#8243; custom_padding=&#8221;||25px|||&#8221; global_colors_info=&#8221;{}&#8221; theme_builder_area=&#8221;post_content&#8221;][et_pb_row column_structure=&#8221;1_3,1_3,1_3&#8243; _builder_version=&#8221;4.16&#8243; _module_preset=&#8221;default&#8221; global_colors_info=&#8221;{}&#8221; theme_builder_area=&#8221;post_content&#8221;][et_pb_column type=&#8221;1_3&#8243; _builder_version=&#8221;4.16&#8243; _module_preset=&#8221;default&#8221; global_colors_info=&#8221;{}&#8221; theme_builder_area=&#8221;post_content&#8221;][\/et_pb_column][et_pb_column type=&#8221;1_3&#8243; _builder_version=&#8221;4.16&#8243; _module_preset=&#8221;default&#8221; global_colors_info=&#8221;{}&#8221; theme_builder_area=&#8221;post_content&#8221;][et_pb_team_member name=&#8221;Dan Snedecor&#8221; position=&#8221;President and GM Holms INC&#8221; image_url=&#8221;https:\/\/holms.com\/wp-content\/uploads\/2026\/02\/7nvvw5tby9rmr0cw53s9699ymg_result_0.png&#8221; _builder_version=&#8221;4.27.5&#8243; _module_preset=&#8221;default&#8221; header_font=&#8221;|||on|||||&#8221; module_alignment=&#8221;center&#8221; custom_margin=&#8221;0px||||false|false&#8221; filter_saturate=&#8221;103%&#8221; custom_css_member_image=&#8221;align: center;&#8221; custom_css_title=&#8221;padding-top: 30px&#8221; border_radii=&#8221;off||||&#8221; border_color_all_image=&#8221;#FFFFFF&#8221; border_style_all_image=&#8221;inset&#8221; box_shadow_style_image=&#8221;preset3&#8243; global_colors_info=&#8221;{}&#8221; custom_css_title__hover_enabled=&#8221;on|desktop&#8221; custom_css_title_last_edited=&#8221;on|tablet&#8221; custom_css_title_phone=&#8221;padding-top: 5px&#8221; custom_css_title_tablet=&#8221;padding-top: 20px&#8221; custom_css_title__hover=&#8221;padding-top: 30px&#8221; theme_builder_area=&#8221;post_content&#8221;]<p><span>+1 828-215-7917<br \/><\/span><a href=\"mailto:mailto.dan.snedecor@holms.com\" title=\"dan.snedecor@holms.com\">Dan.snedecor(at)holms.com<\/a><a href=\"mailto:tommy.elggren@holms.com\" title=\"tommy.elggren@holms.com\"><\/a><\/p>[\/et_pb_team_member][\/et_pb_column][et_pb_column type=&#8221;1_3&#8243; _builder_version=&#8221;4.16&#8243; _module_preset=&#8221;default&#8221; global_colors_info=&#8221;{}&#8221; theme_builder_area=&#8221;post_content&#8221;][\/et_pb_column][\/et_pb_row][\/et_pb_section][et_pb_section fb_built=&#8221;1&#8243; custom_padding_last_edited=&#8221;on|desktop&#8221; _builder_version=&#8221;4.27.0&#8243; _module_preset=&#8221;default&#8221; background_enable_color=&#8221;off&#8221; use_background_color_gradient=&#8221;on&#8221; background_color_gradient_stops=&#8221;#ffffff 0%|#474747 98%&#8221; background_color_gradient_start=&#8221;#ffffff&#8221; background_color_gradient_end=&#8221;#474747&#8243; background_color_gradient_end_position=&#8221;98%&#8221; background_image=&#8221;https:\/\/holms.com\/wp-content\/uploads\/2023\/09\/PH-CP-Mini.jpg&#8221; background_position=&#8221;bottom_center&#8221; background_blend=&#8221;multiply&#8221; custom_padding=&#8221;478px||118px||false|false&#8221; custom_padding_tablet=&#8221;130px||100px||false|false&#8221; custom_padding_phone=&#8221;130px||100px||false|false&#8221; background_last_edited=&#8221;on|desktop&#8221; global_colors_info=&#8221;{}&#8221; theme_builder_area=&#8221;post_content&#8221;][\/et_pb_section][et_pb_section fb_built=&#8221;1&#8243; custom_padding_last_edited=&#8221;on|phone&#8221; module_id=&#8221;self-adjust&#8221; module_class=&#8221;anchor&#8221; _builder_version=&#8221;4.16&#8243; _module_preset=&#8221;default&#8221; background_color=&#8221;#474747&#8243; custom_margin=&#8221;0px||0px||false|false&#8221; custom_padding=&#8221;80px||30px||false|false&#8221; custom_padding_tablet=&#8221;50px||50px||true|false&#8221; custom_padding_phone=&#8221;&#8221; global_colors_info=&#8221;{}&#8221; theme_builder_area=&#8221;post_content&#8221;][et_pb_row column_structure=&#8221;1_3,2_3&#8243; module_class=&#8221;btn-inline&#8221; _builder_version=&#8221;4.19.5&#8243; _module_preset=&#8221;default&#8221; width=&#8221;75%&#8221; width_tablet=&#8221;85%&#8221; width_phone=&#8221;90%&#8221; width_last_edited=&#8221;on|tablet&#8221; max_width=&#8221;100%&#8221; module_alignment=&#8221;center&#8221; custom_margin=&#8221;|auto|41px|auto||&#8221; custom_padding=&#8221;5px||14px||false|false&#8221; global_colors_info=&#8221;{}&#8221; theme_builder_area=&#8221;post_content&#8221;][et_pb_column type=&#8221;1_3&#8243; _builder_version=&#8221;4.16&#8243; _module_preset=&#8221;default&#8221; global_colors_info=&#8221;{}&#8221; theme_builder_area=&#8221;post_content&#8221;][et_pb_text _builder_version=&#8221;4.25.0&#8243; _module_preset=&#8221;default&#8221; text_font=&#8221;Gotham Bold||||||||&#8221; text_text_color=&#8221;#FFFFFF&#8221; header_text_align=&#8221;left&#8221; header_font_size=&#8221;27px&#8221; header_2_font=&#8221;Raleway|600|||||||&#8221; header_2_text_align=&#8221;center&#8221; header_2_text_color=&#8221;#FFFFFF&#8221; header_2_font_size=&#8221;19px&#8221; header_2_letter_spacing=&#8221;1px&#8221; custom_margin=&#8221;0px||20px||false|false&#8221; custom_padding=&#8221;0px||||false|false&#8221; border_color_right=&#8221;#FFFFFF&#8221; global_colors_info=&#8221;{}&#8221; theme_builder_area=&#8221;post_content&#8221;]<p>Holms Attachments INC<\/p>[\/et_pb_text][et_pb_text _builder_version=&#8221;4.25.0&#8243; _module_preset=&#8221;default&#8221; header_2_font=&#8221;Gotham Medium||||||||&#8221; header_2_text_color=&#8221;#FFFFFF&#8221; header_2_font_size=&#8221;27px&#8221; custom_margin=&#8221;||9px|||&#8221; global_colors_info=&#8221;{}&#8221; theme_builder_area=&#8221;post_content&#8221;]<h2>Hickory, North Carolina, US<\/h2>[\/et_pb_text][et_pb_text _builder_version=&#8221;4.21.2&#8243; _module_preset=&#8221;default&#8221; header_2_font=&#8221;Gotham Medium||||||||&#8221; header_2_text_color=&#8221;#FFFFFF&#8221; header_2_font_size=&#8221;27px&#8221; custom_margin=&#8221;||12px|||&#8221; global_colors_info=&#8221;{}&#8221; theme_builder_area=&#8221;post_content&#8221;]<h2><span>+1 828-215-7917<\/span><\/h2>[\/et_pb_text][et_pb_text content_tablet=&#8221;<h3>info@holms.com<\/h3>&#8221; content_phone=&#8221;<h3>info@holms.com<\/h3>&#8221; content_last_edited=&#8221;off|desktop&#8221; _builder_version=&#8221;4.24.2&#8243; header_2_font=&#8221;Gotham Medium||||||||&#8221; header_2_text_color=&#8221;#FFFFFF&#8221; header_2_font_size=&#8221;27px&#8221; header_3_text_color=&#8221;#FFFFFF&#8221; custom_margin=&#8221;||12px|||&#8221; global_colors_info=&#8221;{}&#8221; theme_builder_area=&#8221;post_content&#8221;]<h3>contact(at)holms.com<\/h3>[\/et_pb_text][et_pb_text content_tablet=&#8221;<h3>info@holms.com<\/h3>&#8221; content_phone=&#8221;<h3>info@holms.com<\/h3>&#8221; content_last_edited=&#8221;off|desktop&#8221; _builder_version=&#8221;4.24.2&#8243; header_2_font=&#8221;Gotham Medium||||||||&#8221; header_2_text_color=&#8221;#FFFFFF&#8221; header_2_font_size=&#8221;27px&#8221; header_3_text_color=&#8221;#FFFFFF&#8221; custom_margin=&#8221;||12px|||&#8221; global_colors_info=&#8221;{}&#8221; theme_builder_area=&#8221;post_content&#8221;]<h3>dan.snedecor(at)holms.com<\/h3>[\/et_pb_text][\/et_pb_column][et_pb_column type=&#8221;2_3&#8243; _builder_version=&#8221;4.16&#8243; _module_preset=&#8221;default&#8221; global_colors_info=&#8221;{}&#8221; theme_builder_area=&#8221;post_content&#8221;][et_pb_text _builder_version=&#8221;4.25.0&#8243; _module_preset=&#8221;default&#8221; text_font=&#8221;Gotham Bold||||||||&#8221; text_text_color=&#8221;#FFFFFF&#8221; text_font_size=&#8221;14px&#8221; text_line_height=&#8221;1.8em&#8221; header_font_size=&#8221;36px&#8221; header_2_font=&#8221;|300|||||||&#8221; header_2_text_align=&#8221;center&#8221; header_2_text_color=&#8221;#FFFFFF&#8221; header_2_font_size=&#8221;25px&#8221; header_2_letter_spacing=&#8221;1px&#8221; background_layout=&#8221;dark&#8221; width=&#8221;100%&#8221; width_tablet=&#8221;90%&#8221; width_phone=&#8221;100%&#8221; width_last_edited=&#8221;on|phone&#8221; max_width=&#8221;100%&#8221; module_alignment=&#8221;left&#8221; min_height=&#8221;42.4px&#8221; text_font_size_phone=&#8221;12px&#8221; text_font_size_last_edited=&#8221;off|phone&#8221; header_font_size_tablet=&#8221;&#8221; header_font_size_phone=&#8221;&#8221; header_font_size_last_edited=&#8221;on|desktop&#8221; border_color_top=&#8221;#FFFFFF&#8221; border_color_right=&#8221;#FFFFFF&#8221; global_colors_info=&#8221;{}&#8221; theme_builder_area=&#8221;post_content&#8221;]<p>Holms Attachments INC was founded in 2003. Today we are situated in Hickory, North Carolina.\u00a0<br \/>We ship our products all over North America and don\u00b4t hesiate to contact us if you have any questions or inquiries!<\/p>[\/et_pb_text][\/et_pb_column][\/et_pb_row][\/et_pb_section]\n","protected":false},"excerpt":{"rendered":"<p>+1 828-215-7917Dan.snedecor(at)holms.comHolms Attachments INCHickory, North Carolina, US+1 828-215-7917contact(at)holms.comdan.snedecor(at)holms.comHolms Attachments INC was founded in 2003. Today we are situated in Hickory, North Carolina.\u00a0We ship our products all over North America and don\u00b4t hesiate to contact us if you have any questions or inquiries!<\/p>\n","protected":false},"author":6,"featured_media":0,"parent":0,"menu_order":0,"comment_status":"closed","ping_status":"closed","template":"","meta":{"_acf_changed":false,"_et_pb_use_builder":"on","_et_pb_old_content":"","_et_gb_content_width":"","footnotes":""},"class_list":["post-11695","page","type-page","status-publish","hentry"],"acf":[],"yoast_head":"<!-- This site is optimized with the Yoast SEO plugin v27.3 - https:\/\/yoast.com\/product\/yoast-seo-wordpress\/ -->\n<title>Contact US - Holms<\/title>\n<meta name=\"description\" content=\"Contact us at Holms Attachments and let us get in touch with you. We are always happy to help and will contact you as soon as possible.\" \/>\n<meta name=\"robots\" content=\"index, follow, max-snippet:-1, max-image-preview:large, max-video-preview:-1\" \/>\n<link rel=\"canonical\" href=\"https:\/\/holms.com\/sv_se\/contactus\/\" \/>\n<meta property=\"og:locale\" content=\"sv_SE\" \/>\n<meta property=\"og:type\" content=\"article\" \/>\n<meta property=\"og:title\" content=\"Contact US - Holms\" \/>\n<meta property=\"og:description\" content=\"Contact us at Holms Attachments and let us get in touch with you. We are always happy to help and will contact you as soon as possible.\" \/>\n<meta property=\"og:url\" content=\"https:\/\/holms.com\/sv_se\/contactus\/\" \/>\n<meta property=\"og:site_name\" content=\"Holms\" \/>\n<meta property=\"article:publisher\" content=\"https:\/\/www.facebook.com\/holmsattachments\" \/>\n<meta property=\"article:modified_time\" content=\"2026-02-20T07:20:25+00:00\" \/>\n<meta name=\"twitter:card\" content=\"summary_large_image\" \/>\n<meta name=\"twitter:label1\" content=\"Ber\u00e4knad l\u00e4stid\" \/>\n\t<meta name=\"twitter:data1\" content=\"1 minut\" \/>\n<script type=\"application\/ld+json\" class=\"yoast-schema-graph\">{\"@context\":\"https:\\\/\\\/schema.org\",\"@graph\":[{\"@type\":\"WebPage\",\"@id\":\"https:\\\/\\\/holms.com\\\/contactus\\\/\",\"url\":\"https:\\\/\\\/holms.com\\\/contactus\\\/\",\"name\":\"Contact US - Holms\",\"isPartOf\":{\"@id\":\"https:\\\/\\\/holms.com\\\/#website\"},\"datePublished\":\"2026-02-20T07:20:24+00:00\",\"dateModified\":\"2026-02-20T07:20:25+00:00\",\"description\":\"Contact us at Holms Attachments and let us get in touch with you. We are always happy to help and will contact you as soon as possible.\",\"breadcrumb\":{\"@id\":\"https:\\\/\\\/holms.com\\\/contactus\\\/#breadcrumb\"},\"inLanguage\":\"sv-SE\",\"potentialAction\":[{\"@type\":\"ReadAction\",\"target\":[\"https:\\\/\\\/holms.com\\\/contactus\\\/\"]}]},{\"@type\":\"BreadcrumbList\",\"@id\":\"https:\\\/\\\/holms.com\\\/contactus\\\/#breadcrumb\",\"itemListElement\":[{\"@type\":\"ListItem\",\"position\":1,\"name\":\"Hem\",\"item\":\"https:\\\/\\\/holms.com\\\/sv_se\\\/\"},{\"@type\":\"ListItem\",\"position\":2,\"name\":\"Contact US\"}]},{\"@type\":\"WebSite\",\"@id\":\"https:\\\/\\\/holms.com\\\/#website\",\"url\":\"https:\\\/\\\/holms.com\\\/\",\"name\":\"Holms\",\"description\":\"Renh\u00e5llning - Sn\u00f6r\u00f6jning - Halkbek\u00e4mpning\",\"publisher\":{\"@id\":\"https:\\\/\\\/holms.com\\\/#organization\"},\"potentialAction\":[{\"@type\":\"SearchAction\",\"target\":{\"@type\":\"EntryPoint\",\"urlTemplate\":\"https:\\\/\\\/holms.com\\\/?s={search_term_string}\"},\"query-input\":{\"@type\":\"PropertyValueSpecification\",\"valueRequired\":true,\"valueName\":\"search_term_string\"}}],\"inLanguage\":\"sv-SE\"},{\"@type\":\"Organization\",\"@id\":\"https:\\\/\\\/holms.com\\\/#organization\",\"name\":\"Holms Attachments AB\",\"url\":\"https:\\\/\\\/holms.com\\\/\",\"logo\":{\"@type\":\"ImageObject\",\"inLanguage\":\"sv-SE\",\"@id\":\"https:\\\/\\\/holms.com\\\/#\\\/schema\\\/logo\\\/image\\\/\",\"url\":\"https:\\\/\\\/holms.com\\\/wp-content\\\/uploads\\\/2021\\\/01\\\/HOLMS_PMS.jpg\",\"contentUrl\":\"https:\\\/\\\/holms.com\\\/wp-content\\\/uploads\\\/2021\\\/01\\\/HOLMS_PMS.jpg\",\"width\":500,\"height\":201,\"caption\":\"Holms Attachments AB\"},\"image\":{\"@id\":\"https:\\\/\\\/holms.com\\\/#\\\/schema\\\/logo\\\/image\\\/\"},\"sameAs\":[\"https:\\\/\\\/www.facebook.com\\\/holmsattachments\",\"https:\\\/\\\/www.instagram.com\\\/holmsattachments\\\/\",\"https:\\\/\\\/www.youtube.com\\\/channel\\\/UCloCww_-sB-V_BFxqQdT5eQ\"]}]}<\/script>\n<!-- \/ Yoast SEO plugin. -->","yoast_head_json":{"title":"Contact US - Holms","description":"Contact us at Holms Attachments and let us get in touch with you. We are always happy to help and will contact you as soon as possible.","robots":{"index":"index","follow":"follow","max-snippet":"max-snippet:-1","max-image-preview":"max-image-preview:large","max-video-preview":"max-video-preview:-1"},"canonical":"https:\/\/holms.com\/sv_se\/contactus\/","og_locale":"sv_SE","og_type":"article","og_title":"Contact US - Holms","og_description":"Contact us at Holms Attachments and let us get in touch with you. We are always happy to help and will contact you as soon as possible.","og_url":"https:\/\/holms.com\/sv_se\/contactus\/","og_site_name":"Holms","article_publisher":"https:\/\/www.facebook.com\/holmsattachments","article_modified_time":"2026-02-20T07:20:25+00:00","twitter_card":"summary_large_image","twitter_misc":{"Ber\u00e4knad l\u00e4stid":"1 minut"},"schema":{"@context":"https:\/\/schema.org","@graph":[{"@type":"WebPage","@id":"https:\/\/holms.com\/contactus\/","url":"https:\/\/holms.com\/contactus\/","name":"Contact US - Holms","isPartOf":{"@id":"https:\/\/holms.com\/#website"},"datePublished":"2026-02-20T07:20:24+00:00","dateModified":"2026-02-20T07:20:25+00:00","description":"Contact us at Holms Attachments and let us get in touch with you. We are always happy to help and will contact you as soon as possible.","breadcrumb":{"@id":"https:\/\/holms.com\/contactus\/#breadcrumb"},"inLanguage":"sv-SE","potentialAction":[{"@type":"ReadAction","target":["https:\/\/holms.com\/contactus\/"]}]},{"@type":"BreadcrumbList","@id":"https:\/\/holms.com\/contactus\/#breadcrumb","itemListElement":[{"@type":"ListItem","position":1,"name":"Hem","item":"https:\/\/holms.com\/sv_se\/"},{"@type":"ListItem","position":2,"name":"Contact US"}]},{"@type":"WebSite","@id":"https:\/\/holms.com\/#website","url":"https:\/\/holms.com\/","name":"Holms","description":"Renh\u00e5llning - Sn\u00f6r\u00f6jning - Halkbek\u00e4mpning","publisher":{"@id":"https:\/\/holms.com\/#organization"},"potentialAction":[{"@type":"SearchAction","target":{"@type":"EntryPoint","urlTemplate":"https:\/\/holms.com\/?s={search_term_string}"},"query-input":{"@type":"PropertyValueSpecification","valueRequired":true,"valueName":"search_term_string"}}],"inLanguage":"sv-SE"},{"@type":"Organization","@id":"https:\/\/holms.com\/#organization","name":"Holms Attachments AB","url":"https:\/\/holms.com\/","logo":{"@type":"ImageObject","inLanguage":"sv-SE","@id":"https:\/\/holms.com\/#\/schema\/logo\/image\/","url":"https:\/\/holms.com\/wp-content\/uploads\/2021\/01\/HOLMS_PMS.jpg","contentUrl":"https:\/\/holms.com\/wp-content\/uploads\/2021\/01\/HOLMS_PMS.jpg","width":500,"height":201,"caption":"Holms Attachments AB"},"image":{"@id":"https:\/\/holms.com\/#\/schema\/logo\/image\/"},"sameAs":["https:\/\/www.facebook.com\/holmsattachments","https:\/\/www.instagram.com\/holmsattachments\/","https:\/\/www.youtube.com\/channel\/UCloCww_-sB-V_BFxqQdT5eQ"]}]}},"_links":{"self":[{"href":"https:\/\/holms.com\/sv_se\/wp-json\/wp\/v2\/pages\/11695","targetHints":{"allow":["GET"]}}],"collection":[{"href":"https:\/\/holms.com\/sv_se\/wp-json\/wp\/v2\/pages"}],"about":[{"href":"https:\/\/holms.com\/sv_se\/wp-json\/wp\/v2\/types\/page"}],"author":[{"embeddable":true,"href":"https:\/\/holms.com\/sv_se\/wp-json\/wp\/v2\/users\/6"}],"replies":[{"embeddable":true,"href":"https:\/\/holms.com\/sv_se\/wp-json\/wp\/v2\/comments?post=11695"}],"version-history":[{"count":3,"href":"https:\/\/holms.com\/sv_se\/wp-json\/wp\/v2\/pages\/11695\/revisions"}],"predecessor-version":[{"id":11699,"href":"https:\/\/holms.com\/sv_se\/wp-json\/wp\/v2\/pages\/11695\/revisions\/11699"}],"wp:attachment":[{"href":"https:\/\/holms.com\/sv_se\/wp-json\/wp\/v2\/media?parent=11695"}],"curies":[{"name":"wp","href":"https:\/\/api.w.org\/{rel}","templated":true}]}}