
{"id":1650,"date":"2021-02-02T12:22:53","date_gmt":"2021-02-02T12:22:53","guid":{"rendered":"http:\/\/holms.kundzonen.se\/?page_id=1650"},"modified":"2023-08-16T06:18:15","modified_gmt":"2023-08-16T06:18:15","slug":"aga-en-holms","status":"publish","type":"page","link":"https:\/\/holms.com\/sv_se\/aga-en-holms\/","title":{"rendered":"\u00c4ga en holms"},"content":{"rendered":"\n[et_pb_section fb_built=&#8221;1&#8243; custom_padding_last_edited=&#8221;on|phone&#8221; _builder_version=&#8221;4.21.0&#8243; _module_preset=&#8221;default&#8221; background_image=&#8221;https:\/\/holms.com\/wp-content\/uploads\/2023\/06\/Holms-Sopvals-PL-Dustbuster-WEB2.jpg&#8221; custom_padding=&#8221;211px||251px||false|false&#8221; custom_padding_tablet=&#8221;250px||150px||false|false&#8221; custom_padding_phone=&#8221;200px||100px||false|false&#8221; bottom_divider_height=&#8221;30px&#8221; bottom_divider_flip=&#8221;horizontal&#8221; hover_enabled=&#8221;0&#8243; global_colors_info=&#8221;{}&#8221; alt=&#8221;Holms Sopmaskin PL Dustbusterkit&#8221; title_text=&#8221;Holms Sopmaskin PL Dustbusterkit&#8221; sticky_enabled=&#8221;0&#8243;][\/et_pb_section][et_pb_section fb_built=&#8221;1&#8243; custom_padding_last_edited=&#8221;on|phone&#8221; admin_label=&#8221;section&#8221; _builder_version=&#8221;4.18.0&#8243; custom_padding=&#8221;50px|||||&#8221; custom_padding_tablet=&#8221;50px|||||&#8221; custom_padding_phone=&#8221;22px||||false|false&#8221; global_colors_info=&#8221;{}&#8221;][et_pb_row _builder_version=&#8221;4.16&#8243; _module_preset=&#8221;default&#8221; custom_margin=&#8221;0px||0px||false|false&#8221; custom_padding=&#8221;10px||24px|||&#8221; global_colors_info=&#8221;{}&#8221;][et_pb_column type=&#8221;4_4&#8243; _builder_version=&#8221;4.16&#8243; _module_preset=&#8221;default&#8221; global_colors_info=&#8221;{}&#8221;][et_pb_text _builder_version=&#8221;4.21.0&#8243; text_font=&#8221;||||||||&#8221; text_font_size=&#8221;20px&#8221; text_line_height=&#8221;1em&#8221; header_font=&#8221;Gotham Medium||||||||&#8221; header_2_font=&#8221;Raleway|600|||||||&#8221; header_2_font_size=&#8221;27px&#8221; header_2_line_height=&#8221;1.1em&#8221; text_orientation=&#8221;center&#8221; max_width=&#8221;700px&#8221; module_alignment=&#8221;center&#8221; custom_margin=&#8221;0px||0px||false|false&#8221; hover_enabled=&#8221;0&#8243; header_2_font_size_tablet=&#8221;28px&#8221; header_2_font_size_phone=&#8221;22px&#8221; header_2_font_size_last_edited=&#8221;on|desktop&#8221; global_colors_info=&#8221;{}&#8221; sticky_enabled=&#8221;0&#8243;]<h1 class=\"x-text-content-text-primary\">\u00c4ga en sn\u00f6plog, sopvals eller sopmaskin fr\u00e5n Holms<\/h1>[\/et_pb_text][et_pb_text _builder_version=&#8221;4.21.0&#8243; text_font=&#8221;Gotham Medium||||||||&#8221; text_font_size=&#8221;14px&#8221; text_line_height=&#8221;1.3em&#8221; header_font=&#8221;Lato||||||||&#8221; header_2_font=&#8221;|600|||||||&#8221; header_2_font_size=&#8221;27px&#8221; text_orientation=&#8221;center&#8221; max_width=&#8221;900px&#8221; module_alignment=&#8221;center&#8221; custom_margin=&#8221;0px||8px||false|false&#8221; hover_enabled=&#8221;0&#8243; header_2_font_size_tablet=&#8221;66px&#8221; header_2_font_size_phone=&#8221;36px&#8221; header_2_font_size_last_edited=&#8221;on|phone&#8221; global_colors_info=&#8221;{}&#8221; sticky_enabled=&#8221;0&#8243;]<div class=\"e63-11 x-container max width\">\n<div class=\"e63-12 x-column x-sm x-1-1\">\n<div class=\"e63-13 x-text\">\n<p>Att \u00e4ga sn\u00f6plog, sopvals eller sopmaskin fr\u00e5n Holms handlar f\u00f6r oss om ett n\u00e4ra samarbete.\u00a0V\u00e5ra redskap \u00e4r utvecklade och producerade i Sverige f\u00f6r att fungera i alla tuffa klimatet v\u00e4rlden \u00f6ver. Det inneb\u00e4r produkter av h\u00f6gsta kvalitet i allt material och alla komponenter, men ocks\u00e5 en m\u00e4ngd innovativa l\u00f6sningar som f\u00f6renklar ditt arbete och s\u00e4nker din energif\u00f6rbrukning.<\/p>\n<p>N\u00e4r vi s\u00e5lt en produkt b\u00f6rjar v\u00e5rt arbete. Det \u00e4r d\u00e5 vi med korta leveranstider och l\u00e5ga kostnader servar dig och ditt redskap med nya borstar eller nya slitst\u00e5l.<\/p>\n<p>V\u00e4lkommen till Holms!<\/p>\n<\/div>\n<\/div>\n<\/div>[\/et_pb_text][\/et_pb_column][\/et_pb_row][et_pb_row _builder_version=&#8221;4.16&#8243; _module_preset=&#8221;default&#8221; custom_margin=&#8221;10px|auto|21px|auto|false|false&#8221; custom_padding=&#8221;21px||0px|||&#8221; global_colors_info=&#8221;{}&#8221;][et_pb_column type=&#8221;4_4&#8243; _builder_version=&#8221;4.16&#8243; _module_preset=&#8221;default&#8221; global_colors_info=&#8221;{}&#8221;][et_pb_divider color=&#8221;#60269E&#8221; _builder_version=&#8221;4.16&#8243; _module_preset=&#8221;default&#8221; custom_padding=&#8221;||0px|||&#8221; global_colors_info=&#8221;{}&#8221;][\/et_pb_divider][\/et_pb_column][\/et_pb_row][et_pb_row column_structure=&#8221;1_4,1_4,1_4,1_4&#8243; use_custom_gutter=&#8221;on&#8221; gutter_width=&#8221;2&#8243; make_equal=&#8221;on&#8221; _builder_version=&#8221;4.17.4&#8243; _module_preset=&#8221;default&#8221; width=&#8221;100%&#8221; module_alignment=&#8221;center&#8221; custom_margin=&#8221;10px||10px||false|false&#8221; custom_padding=&#8221;15px||5px||false|false&#8221; global_colors_info=&#8221;{}&#8221;][et_pb_column type=&#8221;1_4&#8243; _builder_version=&#8221;4.16&#8243; _dynamic_attributes=&#8221;link_option_url&#8221; _module_preset=&#8221;default&#8221; link_option_url=&#8221;@ET-DC@eyJkeW5hbWljIjp0cnVlLCJjb250ZW50IjoicG9zdF9saW5rX3VybF9wYWdlIiwic2V0dGluZ3MiOnsicG9zdF9pZCI6IjE2OTkifX0=@&#8221; global_colors_info=&#8221;{}&#8221;][et_pb_image src=&#8221;https:\/\/holms.com\/wp-content\/uploads\/2022\/05\/Kundservice.jpg&#8221; title_text=&#8221;Kundservice&#8221; align=&#8221;center&#8221; src_tablet=&#8221;https:\/\/holms.com\/wp-content\/uploads\/2022\/05\/Kundservice.jpg&#8221; src_phone=&#8221;https:\/\/holms.com\/wp-content\/uploads\/2022\/05\/Kundservice.jpg&#8221; src_last_edited=&#8221;on|desktop&#8221; _builder_version=&#8221;4.17.4&#8243; _module_preset=&#8221;default&#8221; max_width=&#8221;100%&#8221; max_width_tablet=&#8221;80%&#8221; max_width_phone=&#8221;75%&#8221; max_width_last_edited=&#8221;on|phone&#8221; global_colors_info=&#8221;{}&#8221;][\/et_pb_image][et_pb_text _builder_version=&#8221;4.21.0&#8243; _module_preset=&#8221;default&#8221; header_3_text_align=&#8221;center&#8221; custom_margin=&#8221;12px||||false|false&#8221; hover_enabled=&#8221;0&#8243; global_colors_info=&#8221;{}&#8221; header_3_font=&#8221;Gotham Medium||||||||&#8221; sticky_enabled=&#8221;0&#8243;]<h3>\u00d6ppettider<\/h3>[\/et_pb_text][\/et_pb_column][et_pb_column type=&#8221;1_4&#8243; _builder_version=&#8221;4.16&#8243; _dynamic_attributes=&#8221;link_option_url&#8221; _module_preset=&#8221;default&#8221; link_option_url=&#8221;@ET-DC@eyJkeW5hbWljIjp0cnVlLCJjb250ZW50IjoicG9zdF9saW5rX3VybF9wYWdlIiwic2V0dGluZ3MiOnsicG9zdF9pZCI6IjE2ODMifX0=@&#8221; global_colors_info=&#8221;{}&#8221;][et_pb_image src=&#8221;https:\/\/holms.com\/wp-content\/uploads\/2022\/02\/Holms_Sopvals_Light_SL_Sweeper_Feievals_borstkarna_brushcore_Valtra_tractor-300&#215;169-1.webp&#8221; title_text=&#8221;Holms_Sopvals_Light_SL_Sweeper_Feievals_borstkarna_brushcore_Valtra_tractor-300&#215;169&#8243; align=&#8221;center&#8221; _builder_version=&#8221;4.16&#8243; _module_preset=&#8221;default&#8221; global_colors_info=&#8221;{}&#8221;][\/et_pb_image][et_pb_text _builder_version=&#8221;4.21.0&#8243; _module_preset=&#8221;default&#8221; header_3_text_align=&#8221;center&#8221; custom_margin=&#8221;12px||||false|false&#8221; hover_enabled=&#8221;0&#8243; global_colors_info=&#8221;{}&#8221; header_3_font=&#8221;Gotham Medium||||||||&#8221; sticky_enabled=&#8221;0&#8243;]<h3>Garanti<\/h3>[\/et_pb_text][\/et_pb_column][et_pb_column type=&#8221;1_4&#8243; _builder_version=&#8221;4.16&#8243; _dynamic_attributes=&#8221;link_option_url&#8221; _module_preset=&#8221;default&#8221; link_option_url=&#8221;@ET-DC@eyJkeW5hbWljIjp0cnVlLCJjb250ZW50IjoicG9zdF9saW5rX3VybF9wYWdlIiwic2V0dGluZ3MiOnsicG9zdF9pZCI6IjE2ODYifX0=@&#8221; global_colors_info=&#8221;{}&#8221;][et_pb_image src=&#8221;https:\/\/holms.com\/wp-content\/uploads\/2022\/01\/Holms_SL_reservdel_1920.webp&#8221; title_text=&#8221;Holms_SL_reservdel_1920&#8243; align=&#8221;center&#8221; _builder_version=&#8221;4.17.4&#8243; _module_preset=&#8221;default&#8221; max_width=&#8221;100%&#8221; max_width_tablet=&#8221;80%&#8221; max_width_phone=&#8221;75%&#8221; max_width_last_edited=&#8221;on|phone&#8221; global_colors_info=&#8221;{}&#8221;][\/et_pb_image][et_pb_text _builder_version=&#8221;4.21.0&#8243; _module_preset=&#8221;default&#8221; header_3_text_align=&#8221;center&#8221; custom_margin=&#8221;12px||||false|false&#8221; hover_enabled=&#8221;0&#8243; global_colors_info=&#8221;{}&#8221; header_3_font=&#8221;Gotham Medium||||||||&#8221; sticky_enabled=&#8221;0&#8243;]<h3>Service<\/h3>[\/et_pb_text][\/et_pb_column][et_pb_column type=&#8221;1_4&#8243; _builder_version=&#8221;4.16&#8243; _dynamic_attributes=&#8221;link_option_url&#8221; _module_preset=&#8221;default&#8221; link_option_url=&#8221;@ET-DC@eyJkeW5hbWljIjp0cnVlLCJjb250ZW50IjoicG9zdF9saW5rX3VybF9wYWdlIiwic2V0dGluZ3MiOnsicG9zdF9pZCI6IjE2NjkifX0=@&#8221; global_colors_info=&#8221;{}&#8221;][et_pb_image src=&#8221;https:\/\/holms.com\/wp-content\/uploads\/2022\/02\/Karriar-Holms-1024&#215;576-1-300&#215;169-1.webp&#8221; title_text=&#8221;Karriar-Holms-1024&#215;576-1-300&#215;169&#8243; align=&#8221;center&#8221; _builder_version=&#8221;4.16&#8243; _module_preset=&#8221;default&#8221; global_colors_info=&#8221;{}&#8221;][\/et_pb_image][et_pb_text _builder_version=&#8221;4.21.0&#8243; _module_preset=&#8221;default&#8221; header_3_text_align=&#8221;center&#8221; custom_margin=&#8221;12px||||false|false&#8221; hover_enabled=&#8221;0&#8243; global_colors_info=&#8221;{}&#8221; header_3_font=&#8221;Gotham Medium||||||||&#8221; sticky_enabled=&#8221;0&#8243;]<h3>Fr\u00e5gor och Svar<\/h3>[\/et_pb_text][\/et_pb_column][\/et_pb_row][\/et_pb_section]\n","protected":false},"excerpt":{"rendered":"<p>\u00c4ga en sn\u00f6plog, sopvals eller sopmaskin fr\u00e5n Holms Att \u00e4ga sn\u00f6plog, sopvals eller sopmaskin fr\u00e5n Holms handlar f\u00f6r oss om ett n\u00e4ra samarbete.\u00a0V\u00e5ra redskap \u00e4r utvecklade och producerade i Sverige f\u00f6r att fungera i alla tuffa klimatet v\u00e4rlden \u00f6ver. Det inneb\u00e4r produkter av h\u00f6gsta kvalitet i allt material och alla komponenter, men ocks\u00e5 en m\u00e4ngd [&hellip;]<\/p>\n","protected":false},"author":1,"featured_media":0,"parent":0,"menu_order":0,"comment_status":"closed","ping_status":"closed","template":"","meta":{"_acf_changed":false,"_et_pb_use_builder":"on","_et_pb_old_content":"<!-- wp:divi\/placeholder \/-->","_et_gb_content_width":"","footnotes":""},"class_list":["post-1650","page","type-page","status-publish","hentry"],"acf":[],"yoast_head":"<!-- This site is optimized with the Yoast SEO plugin v27.3 - https:\/\/yoast.com\/product\/yoast-seo-wordpress\/ -->\n<title>\u00c4ga en holms - Holms<\/title>\n<meta name=\"description\" content=\"Produkter fr\u00e5n Holms \u00e4r designade att h\u00e5lla i s\u00e4song efter s\u00e4song. V\u00e5ra redskap \u00e4r tillverkade med absolut h\u00f6gsta kvalitet i fokus.\" \/>\n<meta name=\"robots\" content=\"index, follow, max-snippet:-1, max-image-preview:large, max-video-preview:-1\" \/>\n<link rel=\"canonical\" href=\"https:\/\/holms.com\/sv_se\/aga-en-holms\/\" \/>\n<meta property=\"og:locale\" content=\"sv_SE\" \/>\n<meta property=\"og:type\" content=\"article\" \/>\n<meta property=\"og:title\" content=\"\u00c4ga en holms - Holms\" \/>\n<meta property=\"og:description\" content=\"Produkter fr\u00e5n Holms \u00e4r designade att h\u00e5lla i s\u00e4song efter s\u00e4song. V\u00e5ra redskap \u00e4r tillverkade med absolut h\u00f6gsta kvalitet i fokus.\" \/>\n<meta property=\"og:url\" content=\"https:\/\/holms.com\/sv_se\/aga-en-holms\/\" \/>\n<meta property=\"og:site_name\" content=\"Holms\" \/>\n<meta property=\"article:publisher\" content=\"https:\/\/www.facebook.com\/holmsattachments\" \/>\n<meta property=\"article:modified_time\" content=\"2023-08-16T06:18:15+00:00\" \/>\n<meta name=\"twitter:card\" content=\"summary_large_image\" \/>\n<meta name=\"twitter:label1\" content=\"Ber\u00e4knad l\u00e4stid\" \/>\n\t<meta name=\"twitter:data1\" content=\"2 minuter\" \/>\n<script type=\"application\/ld+json\" class=\"yoast-schema-graph\">{\"@context\":\"https:\\\/\\\/schema.org\",\"@graph\":[{\"@type\":\"WebPage\",\"@id\":\"https:\\\/\\\/holms.com\\\/aga-en-holms\\\/\",\"url\":\"https:\\\/\\\/holms.com\\\/aga-en-holms\\\/\",\"name\":\"\u00c4ga en holms - Holms\",\"isPartOf\":{\"@id\":\"https:\\\/\\\/holms.com\\\/#website\"},\"datePublished\":\"2021-02-02T12:22:53+00:00\",\"dateModified\":\"2023-08-16T06:18:15+00:00\",\"description\":\"Produkter fr\u00e5n Holms \u00e4r designade att h\u00e5lla i s\u00e4song efter s\u00e4song. V\u00e5ra redskap \u00e4r tillverkade med absolut h\u00f6gsta kvalitet i fokus.\",\"breadcrumb\":{\"@id\":\"https:\\\/\\\/holms.com\\\/aga-en-holms\\\/#breadcrumb\"},\"inLanguage\":\"sv-SE\",\"potentialAction\":[{\"@type\":\"ReadAction\",\"target\":[\"https:\\\/\\\/holms.com\\\/aga-en-holms\\\/\"]}]},{\"@type\":\"BreadcrumbList\",\"@id\":\"https:\\\/\\\/holms.com\\\/aga-en-holms\\\/#breadcrumb\",\"itemListElement\":[{\"@type\":\"ListItem\",\"position\":1,\"name\":\"Hem\",\"item\":\"https:\\\/\\\/holms.com\\\/sv_se\\\/\"},{\"@type\":\"ListItem\",\"position\":2,\"name\":\"\u00c4ga en holms\"}]},{\"@type\":\"WebSite\",\"@id\":\"https:\\\/\\\/holms.com\\\/#website\",\"url\":\"https:\\\/\\\/holms.com\\\/\",\"name\":\"Holms\",\"description\":\"Renh\u00e5llning - Sn\u00f6r\u00f6jning - Halkbek\u00e4mpning\",\"publisher\":{\"@id\":\"https:\\\/\\\/holms.com\\\/#organization\"},\"potentialAction\":[{\"@type\":\"SearchAction\",\"target\":{\"@type\":\"EntryPoint\",\"urlTemplate\":\"https:\\\/\\\/holms.com\\\/?s={search_term_string}\"},\"query-input\":{\"@type\":\"PropertyValueSpecification\",\"valueRequired\":true,\"valueName\":\"search_term_string\"}}],\"inLanguage\":\"sv-SE\"},{\"@type\":\"Organization\",\"@id\":\"https:\\\/\\\/holms.com\\\/#organization\",\"name\":\"Holms Attachments AB\",\"url\":\"https:\\\/\\\/holms.com\\\/\",\"logo\":{\"@type\":\"ImageObject\",\"inLanguage\":\"sv-SE\",\"@id\":\"https:\\\/\\\/holms.com\\\/#\\\/schema\\\/logo\\\/image\\\/\",\"url\":\"https:\\\/\\\/holms.com\\\/wp-content\\\/uploads\\\/2021\\\/01\\\/HOLMS_PMS.jpg\",\"contentUrl\":\"https:\\\/\\\/holms.com\\\/wp-content\\\/uploads\\\/2021\\\/01\\\/HOLMS_PMS.jpg\",\"width\":500,\"height\":201,\"caption\":\"Holms Attachments AB\"},\"image\":{\"@id\":\"https:\\\/\\\/holms.com\\\/#\\\/schema\\\/logo\\\/image\\\/\"},\"sameAs\":[\"https:\\\/\\\/www.facebook.com\\\/holmsattachments\",\"https:\\\/\\\/www.instagram.com\\\/holmsattachments\\\/\",\"https:\\\/\\\/www.youtube.com\\\/channel\\\/UCloCww_-sB-V_BFxqQdT5eQ\"]}]}<\/script>\n<!-- \/ Yoast SEO plugin. -->","yoast_head_json":{"title":"\u00c4ga en holms - Holms","description":"Produkter fr\u00e5n Holms \u00e4r designade att h\u00e5lla i s\u00e4song efter s\u00e4song. V\u00e5ra redskap \u00e4r tillverkade med absolut h\u00f6gsta kvalitet i fokus.","robots":{"index":"index","follow":"follow","max-snippet":"max-snippet:-1","max-image-preview":"max-image-preview:large","max-video-preview":"max-video-preview:-1"},"canonical":"https:\/\/holms.com\/sv_se\/aga-en-holms\/","og_locale":"sv_SE","og_type":"article","og_title":"\u00c4ga en holms - Holms","og_description":"Produkter fr\u00e5n Holms \u00e4r designade att h\u00e5lla i s\u00e4song efter s\u00e4song. V\u00e5ra redskap \u00e4r tillverkade med absolut h\u00f6gsta kvalitet i fokus.","og_url":"https:\/\/holms.com\/sv_se\/aga-en-holms\/","og_site_name":"Holms","article_publisher":"https:\/\/www.facebook.com\/holmsattachments","article_modified_time":"2023-08-16T06:18:15+00:00","twitter_card":"summary_large_image","twitter_misc":{"Ber\u00e4knad l\u00e4stid":"2 minuter"},"schema":{"@context":"https:\/\/schema.org","@graph":[{"@type":"WebPage","@id":"https:\/\/holms.com\/aga-en-holms\/","url":"https:\/\/holms.com\/aga-en-holms\/","name":"\u00c4ga en holms - Holms","isPartOf":{"@id":"https:\/\/holms.com\/#website"},"datePublished":"2021-02-02T12:22:53+00:00","dateModified":"2023-08-16T06:18:15+00:00","description":"Produkter fr\u00e5n Holms \u00e4r designade att h\u00e5lla i s\u00e4song efter s\u00e4song. V\u00e5ra redskap \u00e4r tillverkade med absolut h\u00f6gsta kvalitet i fokus.","breadcrumb":{"@id":"https:\/\/holms.com\/aga-en-holms\/#breadcrumb"},"inLanguage":"sv-SE","potentialAction":[{"@type":"ReadAction","target":["https:\/\/holms.com\/aga-en-holms\/"]}]},{"@type":"BreadcrumbList","@id":"https:\/\/holms.com\/aga-en-holms\/#breadcrumb","itemListElement":[{"@type":"ListItem","position":1,"name":"Hem","item":"https:\/\/holms.com\/sv_se\/"},{"@type":"ListItem","position":2,"name":"\u00c4ga en holms"}]},{"@type":"WebSite","@id":"https:\/\/holms.com\/#website","url":"https:\/\/holms.com\/","name":"Holms","description":"Renh\u00e5llning - Sn\u00f6r\u00f6jning - Halkbek\u00e4mpning","publisher":{"@id":"https:\/\/holms.com\/#organization"},"potentialAction":[{"@type":"SearchAction","target":{"@type":"EntryPoint","urlTemplate":"https:\/\/holms.com\/?s={search_term_string}"},"query-input":{"@type":"PropertyValueSpecification","valueRequired":true,"valueName":"search_term_string"}}],"inLanguage":"sv-SE"},{"@type":"Organization","@id":"https:\/\/holms.com\/#organization","name":"Holms Attachments AB","url":"https:\/\/holms.com\/","logo":{"@type":"ImageObject","inLanguage":"sv-SE","@id":"https:\/\/holms.com\/#\/schema\/logo\/image\/","url":"https:\/\/holms.com\/wp-content\/uploads\/2021\/01\/HOLMS_PMS.jpg","contentUrl":"https:\/\/holms.com\/wp-content\/uploads\/2021\/01\/HOLMS_PMS.jpg","width":500,"height":201,"caption":"Holms Attachments AB"},"image":{"@id":"https:\/\/holms.com\/#\/schema\/logo\/image\/"},"sameAs":["https:\/\/www.facebook.com\/holmsattachments","https:\/\/www.instagram.com\/holmsattachments\/","https:\/\/www.youtube.com\/channel\/UCloCww_-sB-V_BFxqQdT5eQ"]}]}},"_links":{"self":[{"href":"https:\/\/holms.com\/sv_se\/wp-json\/wp\/v2\/pages\/1650","targetHints":{"allow":["GET"]}}],"collection":[{"href":"https:\/\/holms.com\/sv_se\/wp-json\/wp\/v2\/pages"}],"about":[{"href":"https:\/\/holms.com\/sv_se\/wp-json\/wp\/v2\/types\/page"}],"author":[{"embeddable":true,"href":"https:\/\/holms.com\/sv_se\/wp-json\/wp\/v2\/users\/1"}],"replies":[{"embeddable":true,"href":"https:\/\/holms.com\/sv_se\/wp-json\/wp\/v2\/comments?post=1650"}],"version-history":[{"count":21,"href":"https:\/\/holms.com\/sv_se\/wp-json\/wp\/v2\/pages\/1650\/revisions"}],"predecessor-version":[{"id":10029,"href":"https:\/\/holms.com\/sv_se\/wp-json\/wp\/v2\/pages\/1650\/revisions\/10029"}],"wp:attachment":[{"href":"https:\/\/holms.com\/sv_se\/wp-json\/wp\/v2\/media?parent=1650"}],"curies":[{"name":"wp","href":"https:\/\/api.w.org\/{rel}","templated":true}]}}