
{"id":6625,"date":"2021-11-24T10:19:10","date_gmt":"2021-11-24T10:19:10","guid":{"rendered":"https:\/\/holms.com\/?page_id=6625"},"modified":"2022-04-19T11:44:08","modified_gmt":"2022-04-19T11:44:08","slug":"quality","status":"publish","type":"page","link":"https:\/\/holms.com\/sv_se\/quality\/","title":{"rendered":"Kvalitetspolicy"},"content":{"rendered":"<p>[et_pb_section fb_built=&#8221;1&#8243; custom_padding_last_edited=&#8221;on|phone&#8221; next_background_color=&#8221;#ffffff&#8221; _builder_version=&#8221;4.16&#8243; _module_preset=&#8221;default&#8221; background_color=&#8221;#60269E&#8221; background_enable_image=&#8221;off&#8221; custom_padding=&#8221;61px||61px||false|false&#8221; custom_padding_tablet=&#8221;28px||28px||true|false&#8221; custom_padding_phone=&#8221;20px||20px||true|false&#8221; bottom_divider_style=&#8221;slant&#8221; bottom_divider_height=&#8221;49px&#8221; bottom_divider_flip=&#8221;horizontal&#8221; global_colors_info=&#8221;{}&#8221;][et_pb_row use_custom_gutter=&#8221;on&#8221; _builder_version=&#8221;4.16&#8243; _module_preset=&#8221;default&#8221; width=&#8221;100%&#8221; module_alignment=&#8221;center&#8221; global_colors_info=&#8221;{}&#8221;][et_pb_column type=&#8221;4_4&#8243; _builder_version=&#8221;4.16&#8243; _module_preset=&#8221;default&#8221; global_colors_info=&#8221;{}&#8221;][et_pb_image src=&#8221;https:\/\/holms.com\/wp-content\/uploads\/2021\/11\/Kvalitetspolicy-150&#215;150.png&#8221; alt=&#8221;Holms cookie policy&#8221; title_text=&#8221;Kvalitetspolicy&#8221; align=&#8221;right&#8221; _builder_version=&#8221;4.16&#8243; _module_preset=&#8221;default&#8221; width=&#8221;50%&#8221; width_tablet=&#8221;25%&#8221; width_phone=&#8221;34%&#8221; width_last_edited=&#8221;on|phone&#8221; custom_padding=&#8221;|60px|||false|false&#8221; filter_invert=&#8221;100%&#8221; animation_style=&#8221;fade&#8221; global_colors_info=&#8221;{}&#8221;][\/et_pb_image][\/et_pb_column][\/et_pb_row][\/et_pb_section][et_pb_section fb_built=&#8221;1&#8243; _builder_version=&#8221;4.16&#8243; _module_preset=&#8221;default&#8221; global_colors_info=&#8221;{}&#8221;][et_pb_row column_structure=&#8221;3_4,1_4&#8243; _builder_version=&#8221;4.16&#8243; _module_preset=&#8221;default&#8221; global_colors_info=&#8221;{}&#8221;][et_pb_column type=&#8221;3_4&#8243; _builder_version=&#8221;4.16&#8243; _module_preset=&#8221;default&#8221; global_colors_info=&#8221;{}&#8221;][et_pb_text _builder_version=&#8221;4.17.1&#8243; _module_preset=&#8221;default&#8221; header_font_size=&#8221;43px&#8221; custom_margin=&#8221;5px||5px||false|false&#8221; custom_padding=&#8221;||0px|||&#8221; hover_enabled=&#8221;0&#8243; global_colors_info=&#8221;{}&#8221; sticky_enabled=&#8221;0&#8243;]<\/p>\n<h1>Kvalitetspolicy<\/h1>\n<h1><\/h1>\n<h2>Holms levererar felfritt och i r\u00e4tt tid.<\/h2>\n<p>Kvalitetspolicyn g\u00e4ller internt s\u00e5v\u00e4l som externt. Kvalitetspolicyn ska vara tillg\u00e4nglig f\u00f6r f\u00f6retagets intressenter, vilket uppfylls genom att den g\u00e5r att l\u00e4sa p\u00e5 f\u00f6retagets hemsida. Policyn implementeras, till\u00e4mpas och f\u00f6ljs upp genom f\u00f6retagets Kvalitetsledningssystem.\u00a0<\/p>\n<h5><\/h5>\n<h1>Holms Kvalitetsledningssystem<\/h1>\n<h2>Omfattning<\/h2>\n<p>Holms kvalitetsledningssystems omfattning styrs av vision, mission och strategiska styrdokument.<br \/>Holms utvecklar, marknadsf\u00f6r, tillverkar och levererar produkter f\u00f6r v\u00e4gunderh\u00e5ll s\u00e5som sn\u00f6r\u00f6jning, halkbek\u00e4mpning och renh\u00e5llning.<\/p>\n<h2>Grundl\u00e4ggande riktlinjer<\/h2>\n<p>Kvalitetsledningssystemet ska utformas fr\u00e5n ett riskbaserat t\u00e4nkande,<br \/>till\u00e4mpande av processinriktning, dokumentation av avvikelser,<br \/>f\u00f6rb\u00e4ttringsarbete och handlingsplaner,<br \/>att beslut fattas p\u00e5 fakta och orsaksanalyser. Ledningssystemet utvecklas och anpassas kontinuerligt f\u00f6r att vara en hj\u00e4lp till verksamheten b\u00e5de kortsiktigt och l\u00e5ngsiktigt.\u00a0<\/p>\n<h2>Intressent- och riskanalyser<\/h2>\n<p>Intressent- och riskanalys ska regelbundet revideras, vilket sker i samband med det \u00e5rliga strategiarbetet.<\/p>\n<h2>Kvalitetsm\u00e5l<\/h2>\n<p>Ledningsgruppen, LG, fastst\u00e4ller kvalitetsm\u00e5l, KPI, f\u00f6r varje \u00e5r i samband med budgetarbetet, och specificeras i Holms M\u00e5l och Aktivitetsmatris. Dokumentet sparas p\u00e5 f\u00f6retagets intran\u00e4t, under rubriken Ledningssystem &#8211; dokument.<br \/>Uppf\u00f6ljning av m\u00e5len sker m\u00e5nadsvis under \u00e5ret av LG.<\/p>\n<h2>Genomf\u00f6rande<\/h2>\n<p>F\u00f6retagets ledningsgrupp ansvarar f\u00f6r implementering och drift av kvalitetsledningssystemet.<br \/>Genomf\u00f6randet sker genom ett kontinuerligt och systematiskt arbete med:<\/p>\n<p>Gott ledarskap kombinerat med processtyrning.<\/p>\n<p>Att erforderligt st\u00f6d, resurser och kompetens finns i organisationen.<\/p>\n<p>Internrevisioner: alla element i ISO9001 ska t\u00e4ckas under 3-\u00e5rs period.<\/p>\n<p>Avvikelsehantering &#8211; fr\u00e5n slutkunder och \u00e5terf\u00f6rs\u00e4ljare, i egna processer och till leverant\u00f6rer.\u00a0<\/p>\n<p>St\u00e4ndiga f\u00f6rb\u00e4ttringar i samverkar med kunder, personal och leverant\u00f6rer.\u00a0<\/p>\n<p>Handlingsplaner \/ \u00e5tg\u00e4rder ska vara tidsatta och ha en ansvarig.<\/p>\n<p>Kundfokus uppr\u00e4tth\u00e5lls genom att LG kontinuerligt informeras om kund\u00e4renden.\u00a0<\/p>\n<p>&nbsp;<\/p>\n<p>April 2022<\/p>\n<p>[\/et_pb_text][\/et_pb_column][et_pb_column type=&#8221;1_4&#8243; _builder_version=&#8221;4.16&#8243; _module_preset=&#8221;default&#8221; global_colors_info=&#8221;{}&#8221;][et_pb_sidebar _builder_version=&#8221;4.16&#8243; _module_preset=&#8221;default&#8221; global_colors_info=&#8221;{}&#8221;][\/et_pb_sidebar][\/et_pb_column][\/et_pb_row][\/et_pb_section]<\/p>\n","protected":false},"excerpt":{"rendered":"<p>Kvalitetspolicy Holms levererar felfritt och i r\u00e4tt tid. Kvalitetspolicyn g\u00e4ller internt s\u00e5v\u00e4l som externt. Kvalitetspolicyn ska vara tillg\u00e4nglig f\u00f6r f\u00f6retagets intressenter, vilket uppfylls genom att den g\u00e5r att l\u00e4sa p\u00e5 f\u00f6retagets hemsida. Policyn implementeras, till\u00e4mpas och f\u00f6ljs upp genom f\u00f6retagets Kvalitetsledningssystem.\u00a0 Holms Kvalitetsledningssystem Omfattning Holms kvalitetsledningssystems omfattning styrs av vision, mission och strategiska styrdokument.Holms utvecklar, [&hellip;]<\/p>\n","protected":false},"author":6,"featured_media":0,"parent":0,"menu_order":0,"comment_status":"closed","ping_status":"closed","template":"","meta":{"_acf_changed":false,"_et_pb_use_builder":"on","_et_pb_old_content":"","_et_gb_content_width":"","footnotes":""},"class_list":["post-6625","page","type-page","status-publish","hentry"],"acf":[],"yoast_head":"<!-- This site is optimized with the Yoast SEO plugin v27.3 - https:\/\/yoast.com\/product\/yoast-seo-wordpress\/ -->\n<title>Kvalitetspolicy - Holms<\/title>\n<meta name=\"robots\" content=\"index, follow, max-snippet:-1, max-image-preview:large, max-video-preview:-1\" \/>\n<link rel=\"canonical\" href=\"https:\/\/holms.com\/sv_se\/quality\/\" \/>\n<meta property=\"og:locale\" content=\"sv_SE\" \/>\n<meta property=\"og:type\" content=\"article\" \/>\n<meta property=\"og:title\" content=\"Kvalitetspolicy - Holms\" \/>\n<meta property=\"og:description\" content=\"Kvalitetspolicy Holms levererar felfritt och i r\u00e4tt tid. Kvalitetspolicyn g\u00e4ller internt s\u00e5v\u00e4l som externt. Kvalitetspolicyn ska vara tillg\u00e4nglig f\u00f6r f\u00f6retagets intressenter, vilket uppfylls genom att den g\u00e5r att l\u00e4sa p\u00e5 f\u00f6retagets hemsida. Policyn implementeras, till\u00e4mpas och f\u00f6ljs upp genom f\u00f6retagets Kvalitetsledningssystem.\u00a0 Holms Kvalitetsledningssystem Omfattning Holms kvalitetsledningssystems omfattning styrs av vision, mission och strategiska styrdokument.Holms utvecklar, [&hellip;]\" \/>\n<meta property=\"og:url\" content=\"https:\/\/holms.com\/sv_se\/quality\/\" \/>\n<meta property=\"og:site_name\" content=\"Holms\" \/>\n<meta property=\"article:publisher\" content=\"https:\/\/www.facebook.com\/holmsattachments\" \/>\n<meta property=\"article:modified_time\" content=\"2022-04-19T11:44:08+00:00\" \/>\n<meta name=\"twitter:card\" content=\"summary_large_image\" \/>\n<script type=\"application\/ld+json\" class=\"yoast-schema-graph\">{\"@context\":\"https:\\\/\\\/schema.org\",\"@graph\":[{\"@type\":\"WebPage\",\"@id\":\"https:\\\/\\\/holms.com\\\/quality\\\/\",\"url\":\"https:\\\/\\\/holms.com\\\/quality\\\/\",\"name\":\"Kvalitetspolicy - Holms\",\"isPartOf\":{\"@id\":\"https:\\\/\\\/holms.com\\\/#website\"},\"datePublished\":\"2021-11-24T10:19:10+00:00\",\"dateModified\":\"2022-04-19T11:44:08+00:00\",\"breadcrumb\":{\"@id\":\"https:\\\/\\\/holms.com\\\/quality\\\/#breadcrumb\"},\"inLanguage\":\"sv-SE\",\"potentialAction\":[{\"@type\":\"ReadAction\",\"target\":[\"https:\\\/\\\/holms.com\\\/quality\\\/\"]}]},{\"@type\":\"BreadcrumbList\",\"@id\":\"https:\\\/\\\/holms.com\\\/quality\\\/#breadcrumb\",\"itemListElement\":[{\"@type\":\"ListItem\",\"position\":1,\"name\":\"Hem\",\"item\":\"https:\\\/\\\/holms.com\\\/sv_se\\\/\"},{\"@type\":\"ListItem\",\"position\":2,\"name\":\"Kvalitetspolicy\"}]},{\"@type\":\"WebSite\",\"@id\":\"https:\\\/\\\/holms.com\\\/#website\",\"url\":\"https:\\\/\\\/holms.com\\\/\",\"name\":\"Holms\",\"description\":\"Renh\u00e5llning - Sn\u00f6r\u00f6jning - Halkbek\u00e4mpning\",\"publisher\":{\"@id\":\"https:\\\/\\\/holms.com\\\/#organization\"},\"potentialAction\":[{\"@type\":\"SearchAction\",\"target\":{\"@type\":\"EntryPoint\",\"urlTemplate\":\"https:\\\/\\\/holms.com\\\/?s={search_term_string}\"},\"query-input\":{\"@type\":\"PropertyValueSpecification\",\"valueRequired\":true,\"valueName\":\"search_term_string\"}}],\"inLanguage\":\"sv-SE\"},{\"@type\":\"Organization\",\"@id\":\"https:\\\/\\\/holms.com\\\/#organization\",\"name\":\"Holms Attachments AB\",\"url\":\"https:\\\/\\\/holms.com\\\/\",\"logo\":{\"@type\":\"ImageObject\",\"inLanguage\":\"sv-SE\",\"@id\":\"https:\\\/\\\/holms.com\\\/#\\\/schema\\\/logo\\\/image\\\/\",\"url\":\"https:\\\/\\\/holms.com\\\/wp-content\\\/uploads\\\/2021\\\/01\\\/HOLMS_PMS.jpg\",\"contentUrl\":\"https:\\\/\\\/holms.com\\\/wp-content\\\/uploads\\\/2021\\\/01\\\/HOLMS_PMS.jpg\",\"width\":500,\"height\":201,\"caption\":\"Holms Attachments AB\"},\"image\":{\"@id\":\"https:\\\/\\\/holms.com\\\/#\\\/schema\\\/logo\\\/image\\\/\"},\"sameAs\":[\"https:\\\/\\\/www.facebook.com\\\/holmsattachments\",\"https:\\\/\\\/www.instagram.com\\\/holmsattachments\\\/\",\"https:\\\/\\\/www.youtube.com\\\/channel\\\/UCloCww_-sB-V_BFxqQdT5eQ\"]}]}<\/script>\n<!-- \/ Yoast SEO plugin. -->","yoast_head_json":{"title":"Kvalitetspolicy - Holms","robots":{"index":"index","follow":"follow","max-snippet":"max-snippet:-1","max-image-preview":"max-image-preview:large","max-video-preview":"max-video-preview:-1"},"canonical":"https:\/\/holms.com\/sv_se\/quality\/","og_locale":"sv_SE","og_type":"article","og_title":"Kvalitetspolicy - Holms","og_description":"Kvalitetspolicy Holms levererar felfritt och i r\u00e4tt tid. Kvalitetspolicyn g\u00e4ller internt s\u00e5v\u00e4l som externt. Kvalitetspolicyn ska vara tillg\u00e4nglig f\u00f6r f\u00f6retagets intressenter, vilket uppfylls genom att den g\u00e5r att l\u00e4sa p\u00e5 f\u00f6retagets hemsida. Policyn implementeras, till\u00e4mpas och f\u00f6ljs upp genom f\u00f6retagets Kvalitetsledningssystem.\u00a0 Holms Kvalitetsledningssystem Omfattning Holms kvalitetsledningssystems omfattning styrs av vision, mission och strategiska styrdokument.Holms utvecklar, [&hellip;]","og_url":"https:\/\/holms.com\/sv_se\/quality\/","og_site_name":"Holms","article_publisher":"https:\/\/www.facebook.com\/holmsattachments","article_modified_time":"2022-04-19T11:44:08+00:00","twitter_card":"summary_large_image","schema":{"@context":"https:\/\/schema.org","@graph":[{"@type":"WebPage","@id":"https:\/\/holms.com\/quality\/","url":"https:\/\/holms.com\/quality\/","name":"Kvalitetspolicy - Holms","isPartOf":{"@id":"https:\/\/holms.com\/#website"},"datePublished":"2021-11-24T10:19:10+00:00","dateModified":"2022-04-19T11:44:08+00:00","breadcrumb":{"@id":"https:\/\/holms.com\/quality\/#breadcrumb"},"inLanguage":"sv-SE","potentialAction":[{"@type":"ReadAction","target":["https:\/\/holms.com\/quality\/"]}]},{"@type":"BreadcrumbList","@id":"https:\/\/holms.com\/quality\/#breadcrumb","itemListElement":[{"@type":"ListItem","position":1,"name":"Hem","item":"https:\/\/holms.com\/sv_se\/"},{"@type":"ListItem","position":2,"name":"Kvalitetspolicy"}]},{"@type":"WebSite","@id":"https:\/\/holms.com\/#website","url":"https:\/\/holms.com\/","name":"Holms","description":"Renh\u00e5llning - Sn\u00f6r\u00f6jning - Halkbek\u00e4mpning","publisher":{"@id":"https:\/\/holms.com\/#organization"},"potentialAction":[{"@type":"SearchAction","target":{"@type":"EntryPoint","urlTemplate":"https:\/\/holms.com\/?s={search_term_string}"},"query-input":{"@type":"PropertyValueSpecification","valueRequired":true,"valueName":"search_term_string"}}],"inLanguage":"sv-SE"},{"@type":"Organization","@id":"https:\/\/holms.com\/#organization","name":"Holms Attachments AB","url":"https:\/\/holms.com\/","logo":{"@type":"ImageObject","inLanguage":"sv-SE","@id":"https:\/\/holms.com\/#\/schema\/logo\/image\/","url":"https:\/\/holms.com\/wp-content\/uploads\/2021\/01\/HOLMS_PMS.jpg","contentUrl":"https:\/\/holms.com\/wp-content\/uploads\/2021\/01\/HOLMS_PMS.jpg","width":500,"height":201,"caption":"Holms Attachments AB"},"image":{"@id":"https:\/\/holms.com\/#\/schema\/logo\/image\/"},"sameAs":["https:\/\/www.facebook.com\/holmsattachments","https:\/\/www.instagram.com\/holmsattachments\/","https:\/\/www.youtube.com\/channel\/UCloCww_-sB-V_BFxqQdT5eQ"]}]}},"_links":{"self":[{"href":"https:\/\/holms.com\/sv_se\/wp-json\/wp\/v2\/pages\/6625","targetHints":{"allow":["GET"]}}],"collection":[{"href":"https:\/\/holms.com\/sv_se\/wp-json\/wp\/v2\/pages"}],"about":[{"href":"https:\/\/holms.com\/sv_se\/wp-json\/wp\/v2\/types\/page"}],"author":[{"embeddable":true,"href":"https:\/\/holms.com\/sv_se\/wp-json\/wp\/v2\/users\/6"}],"replies":[{"embeddable":true,"href":"https:\/\/holms.com\/sv_se\/wp-json\/wp\/v2\/comments?post=6625"}],"version-history":[{"count":0,"href":"https:\/\/holms.com\/sv_se\/wp-json\/wp\/v2\/pages\/6625\/revisions"}],"wp:attachment":[{"href":"https:\/\/holms.com\/sv_se\/wp-json\/wp\/v2\/media?parent=6625"}],"curies":[{"name":"wp","href":"https:\/\/api.w.org\/{rel}","templated":true}]}}